{"id":2588,"date":"2025-10-13T18:27:11","date_gmt":"2025-10-13T18:27:11","guid":{"rendered":"https:\/\/www.phimostop.com\/prodotto\/phimostop\/"},"modified":"2026-02-12T22:07:23","modified_gmt":"2026-02-12T22:07:23","slug":"phimostop","status":"publish","type":"product","link":"https:\/\/www.phimostop.com\/fr\/prodotto\/phimostop\/","title":{"rendered":"Phimostop"},"content":{"rendered":"<p><strong>Traitement du phimosis sans circoncision<\/strong><br \/>\nDispositif m\u00e9dical pour traiter naturellement le phimosis.<\/p>\n<ul>\n<li aria-level=\"1\"><b>De v\u00e9ritables r\u00e9sultats sont obtenus gr\u00e2ce \u00e0 une dilatation progressive <\/b>: avec 22 tubes en silicone de qualit\u00e9 m\u00e9dicale, elle favorise la r\u00e9g\u00e9n\u00e9ration naturelle des cellules \u00e9lastiques, rempla\u00e7ant ainsi le tissu cicatriciel.<\/li>\n<li aria-level=\"1\">Convient \u00e0 tous les types de phimosis : traite efficacement le phimosis acquis et cong\u00e9nital.<\/li>\n<li aria-level=\"1\">Indolore et peu invasif : il est dot\u00e9 d&rsquo;un syst\u00e8me de fixation sp\u00e9cial qui permet de le porter jour et nuit pour un traitement continu et sans douleur.<\/li>\n<li aria-level=\"1\"><b>EU Patent and CE Mark<\/b>: Class I medical device, the only patented in Europe and registered at the Italian Ministry of Health.<\/li>\n<li aria-level=\"1\"><b>No prescription is required<\/b>.<\/li>\n<\/ul>\n","protected":false},"excerpt":{"rendered":"<p>Traitement du phimosis sans circoncision Dispositif m\u00e9dical pour traiter naturellement le phimosis. De v\u00e9ritables r\u00e9sultats sont obtenus gr\u00e2ce \u00e0 une dilatation progressive : avec 22 tubes en silicone de qualit\u00e9 m\u00e9dicale, elle favorise la r\u00e9g\u00e9n\u00e9ration naturelle des cellules \u00e9lastiques, rempla\u00e7ant ainsi le tissu cicatriciel. Convient \u00e0 tous les types de phimosis : traite efficacement le [&hellip;]<\/p>\n","protected":false},"featured_media":2586,"template":"","meta":{"_acf_changed":false,"wl_entities_gutenberg":"","_gspb_post_css":""},"wl_entity_type":[97],"product_brand":[],"product_cat":[136],"product_tag":[],"class_list":{"0":"post-2588","1":"product","2":"type-product","3":"status-publish","4":"has-post-thumbnail","6":"wl_entity_type-product","7":"product_cat-francia","9":"first","10":"instock","11":"sale","12":"shipping-taxable","13":"purchasable","14":"product-type-simple"},"yoast_head":"<!-- This site is optimized with the Yoast SEO plugin v27.0 - https:\/\/yoast.com\/product\/yoast-seo-wordpress\/ -->\n<title>Phimostop | Phimostop<\/title>\n<meta name=\"robots\" content=\"index, follow, max-snippet:-1, max-image-preview:large, max-video-preview:-1\" \/>\n<link rel=\"canonical\" href=\"https:\/\/www.phimostop.com\/fr\/prodotto\/phimostop\/\" \/>\n<meta property=\"og:locale\" content=\"fr_FR\" \/>\n<meta property=\"og:type\" content=\"article\" \/>\n<meta property=\"og:title\" content=\"Phimostop | Phimostop\" \/>\n<meta property=\"og:description\" content=\"Traitement du phimosis sans circoncision Dispositif m\u00e9dical pour traiter naturellement le phimosis. De v\u00e9ritables r\u00e9sultats sont obtenus gr\u00e2ce \u00e0 une dilatation progressive : avec 22 tubes en silicone de qualit\u00e9 m\u00e9dicale, elle favorise la r\u00e9g\u00e9n\u00e9ration naturelle des cellules \u00e9lastiques, rempla\u00e7ant ainsi le tissu cicatriciel. Convient \u00e0 tous les types de phimosis : traite efficacement le [&hellip;]\" \/>\n<meta property=\"og:url\" content=\"https:\/\/www.phimostop.com\/fr\/prodotto\/phimostop\/\" \/>\n<meta property=\"og:site_name\" content=\"Phimostop\" \/>\n<meta property=\"article:modified_time\" content=\"2026-02-12T22:07:23+00:00\" \/>\n<meta property=\"og:image\" content=\"https:\/\/www.phimostop.com\/wp-content\/uploads\/2025\/10\/01a-2048x1388-1.jpg\" \/>\n\t<meta property=\"og:image:width\" content=\"2048\" \/>\n\t<meta property=\"og:image:height\" content=\"1388\" \/>\n\t<meta property=\"og:image:type\" content=\"image\/jpeg\" \/>\n<meta name=\"twitter:card\" content=\"summary_large_image\" \/>\n<meta name=\"twitter:label1\" content=\"Dur\u00e9e de lecture estim\u00e9e\" \/>\n\t<meta name=\"twitter:data1\" content=\"1 minute\" \/>\n<script type=\"application\/ld+json\" class=\"yoast-schema-graph\">{\"@context\":\"https:\/\/schema.org\",\"@graph\":[{\"@type\":\"WebPage\",\"@id\":\"https:\/\/www.phimostop.com\/fr\/prodotto\/phimostop\/\",\"url\":\"https:\/\/www.phimostop.com\/fr\/prodotto\/phimostop\/\",\"name\":\"Phimostop | Phimostop\",\"isPartOf\":{\"@id\":\"https:\/\/www.phimostop.com\/fr\/#website\"},\"primaryImageOfPage\":{\"@id\":\"https:\/\/www.phimostop.com\/fr\/prodotto\/phimostop\/#primaryimage\"},\"image\":{\"@id\":\"https:\/\/www.phimostop.com\/fr\/prodotto\/phimostop\/#primaryimage\"},\"thumbnailUrl\":\"https:\/\/www.phimostop.com\/wp-content\/uploads\/2025\/10\/01a-2048x1388-1.jpg\",\"datePublished\":\"2025-10-13T18:27:11+00:00\",\"dateModified\":\"2026-02-12T22:07:23+00:00\",\"breadcrumb\":{\"@id\":\"https:\/\/www.phimostop.com\/fr\/prodotto\/phimostop\/#breadcrumb\"},\"inLanguage\":\"fr-FR\",\"potentialAction\":[{\"@type\":\"ReadAction\",\"target\":[\"https:\/\/www.phimostop.com\/fr\/prodotto\/phimostop\/\"]}]},{\"@type\":\"ImageObject\",\"inLanguage\":\"fr-FR\",\"@id\":\"https:\/\/www.phimostop.com\/fr\/prodotto\/phimostop\/#primaryimage\",\"url\":\"https:\/\/www.phimostop.com\/wp-content\/uploads\/2025\/10\/01a-2048x1388-1.jpg\",\"contentUrl\":\"https:\/\/www.phimostop.com\/wp-content\/uploads\/2025\/10\/01a-2048x1388-1.jpg\",\"width\":2048,\"height\":1388},{\"@type\":\"BreadcrumbList\",\"@id\":\"https:\/\/www.phimostop.com\/fr\/prodotto\/phimostop\/#breadcrumb\",\"itemListElement\":[{\"@type\":\"ListItem\",\"position\":1,\"name\":\"Home\",\"item\":\"https:\/\/www.phimostop.com\/fr\/\"},{\"@type\":\"ListItem\",\"position\":2,\"name\":\"Boutique\",\"item\":\"https:\/\/www.phimostop.com\/fr\/boutique\/\"},{\"@type\":\"ListItem\",\"position\":3,\"name\":\"Phimostop\"}]},{\"@type\":\"WebSite\",\"@id\":\"https:\/\/www.phimostop.com\/fr\/#website\",\"url\":\"https:\/\/www.phimostop.com\/fr\/\",\"name\":\"Phimostop\",\"description\":\"\",\"publisher\":{\"@id\":\"https:\/\/www.phimostop.com\/fr\/#organization\"},\"potentialAction\":[{\"@type\":\"SearchAction\",\"target\":{\"@type\":\"EntryPoint\",\"urlTemplate\":\"https:\/\/www.phimostop.com\/fr\/?s={search_term_string}\"},\"query-input\":{\"@type\":\"PropertyValueSpecification\",\"valueRequired\":true,\"valueName\":\"search_term_string\"}}],\"inLanguage\":\"fr-FR\"},{\"@type\":\"Organization\",\"@id\":\"https:\/\/www.phimostop.com\/fr\/#organization\",\"name\":\"Phimomed\",\"url\":\"https:\/\/www.phimostop.com\/fr\/\",\"logo\":{\"@type\":\"ImageObject\",\"inLanguage\":\"fr-FR\",\"@id\":\"https:\/\/www.phimostop.com\/fr\/#\/schema\/logo\/image\/\",\"url\":\"https:\/\/www.phimostop.com\/wp-content\/uploads\/2025\/09\/phimo-logo-brand.png\",\"contentUrl\":\"https:\/\/www.phimostop.com\/wp-content\/uploads\/2025\/09\/phimo-logo-brand.png\",\"width\":1788,\"height\":318,\"caption\":\"Phimomed\"},\"image\":{\"@id\":\"https:\/\/www.phimostop.com\/fr\/#\/schema\/logo\/image\/\"},\"sameAs\":[\"https:\/\/www.youtube.com\/@PHIMOSTOP\"]}]}<\/script>\n<!-- \/ Yoast SEO plugin. -->","yoast_head_json":{"title":"Phimostop | Phimostop","robots":{"index":"index","follow":"follow","max-snippet":"max-snippet:-1","max-image-preview":"max-image-preview:large","max-video-preview":"max-video-preview:-1"},"canonical":"https:\/\/www.phimostop.com\/fr\/prodotto\/phimostop\/","og_locale":"fr_FR","og_type":"article","og_title":"Phimostop | Phimostop","og_description":"Traitement du phimosis sans circoncision Dispositif m\u00e9dical pour traiter naturellement le phimosis. De v\u00e9ritables r\u00e9sultats sont obtenus gr\u00e2ce \u00e0 une dilatation progressive : avec 22 tubes en silicone de qualit\u00e9 m\u00e9dicale, elle favorise la r\u00e9g\u00e9n\u00e9ration naturelle des cellules \u00e9lastiques, rempla\u00e7ant ainsi le tissu cicatriciel. Convient \u00e0 tous les types de phimosis : traite efficacement le [&hellip;]","og_url":"https:\/\/www.phimostop.com\/fr\/prodotto\/phimostop\/","og_site_name":"Phimostop","article_modified_time":"2026-02-12T22:07:23+00:00","og_image":[{"width":2048,"height":1388,"url":"https:\/\/www.phimostop.com\/wp-content\/uploads\/2025\/10\/01a-2048x1388-1.jpg","type":"image\/jpeg"}],"twitter_card":"summary_large_image","twitter_misc":{"Dur\u00e9e de lecture estim\u00e9e":"1 minute"},"schema":{"@context":"https:\/\/schema.org","@graph":[{"@type":"WebPage","@id":"https:\/\/www.phimostop.com\/fr\/prodotto\/phimostop\/","url":"https:\/\/www.phimostop.com\/fr\/prodotto\/phimostop\/","name":"Phimostop | Phimostop","isPartOf":{"@id":"https:\/\/www.phimostop.com\/fr\/#website"},"primaryImageOfPage":{"@id":"https:\/\/www.phimostop.com\/fr\/prodotto\/phimostop\/#primaryimage"},"image":{"@id":"https:\/\/www.phimostop.com\/fr\/prodotto\/phimostop\/#primaryimage"},"thumbnailUrl":"https:\/\/www.phimostop.com\/wp-content\/uploads\/2025\/10\/01a-2048x1388-1.jpg","datePublished":"2025-10-13T18:27:11+00:00","dateModified":"2026-02-12T22:07:23+00:00","breadcrumb":{"@id":"https:\/\/www.phimostop.com\/fr\/prodotto\/phimostop\/#breadcrumb"},"inLanguage":"fr-FR","potentialAction":[{"@type":"ReadAction","target":["https:\/\/www.phimostop.com\/fr\/prodotto\/phimostop\/"]}]},{"@type":"ImageObject","inLanguage":"fr-FR","@id":"https:\/\/www.phimostop.com\/fr\/prodotto\/phimostop\/#primaryimage","url":"https:\/\/www.phimostop.com\/wp-content\/uploads\/2025\/10\/01a-2048x1388-1.jpg","contentUrl":"https:\/\/www.phimostop.com\/wp-content\/uploads\/2025\/10\/01a-2048x1388-1.jpg","width":2048,"height":1388},{"@type":"BreadcrumbList","@id":"https:\/\/www.phimostop.com\/fr\/prodotto\/phimostop\/#breadcrumb","itemListElement":[{"@type":"ListItem","position":1,"name":"Home","item":"https:\/\/www.phimostop.com\/fr\/"},{"@type":"ListItem","position":2,"name":"Boutique","item":"https:\/\/www.phimostop.com\/fr\/boutique\/"},{"@type":"ListItem","position":3,"name":"Phimostop"}]},{"@type":"WebSite","@id":"https:\/\/www.phimostop.com\/fr\/#website","url":"https:\/\/www.phimostop.com\/fr\/","name":"Phimostop","description":"","publisher":{"@id":"https:\/\/www.phimostop.com\/fr\/#organization"},"potentialAction":[{"@type":"SearchAction","target":{"@type":"EntryPoint","urlTemplate":"https:\/\/www.phimostop.com\/fr\/?s={search_term_string}"},"query-input":{"@type":"PropertyValueSpecification","valueRequired":true,"valueName":"search_term_string"}}],"inLanguage":"fr-FR"},{"@type":"Organization","@id":"https:\/\/www.phimostop.com\/fr\/#organization","name":"Phimomed","url":"https:\/\/www.phimostop.com\/fr\/","logo":{"@type":"ImageObject","inLanguage":"fr-FR","@id":"https:\/\/www.phimostop.com\/fr\/#\/schema\/logo\/image\/","url":"https:\/\/www.phimostop.com\/wp-content\/uploads\/2025\/09\/phimo-logo-brand.png","contentUrl":"https:\/\/www.phimostop.com\/wp-content\/uploads\/2025\/09\/phimo-logo-brand.png","width":1788,"height":318,"caption":"Phimomed"},"image":{"@id":"https:\/\/www.phimostop.com\/fr\/#\/schema\/logo\/image\/"},"sameAs":["https:\/\/www.youtube.com\/@PHIMOSTOP"]}]}},"_wl_alt_label":[],"acf":[],"wl:entity_url":"https:\/\/data.wordlift.io\/wl161614\/product\/phimostop-3","_links":{"self":[{"href":"https:\/\/www.phimostop.com\/fr\/wp-json\/wp\/v2\/product\/2588","targetHints":{"allow":["GET"]}}],"collection":[{"href":"https:\/\/www.phimostop.com\/fr\/wp-json\/wp\/v2\/product"}],"about":[{"href":"https:\/\/www.phimostop.com\/fr\/wp-json\/wp\/v2\/types\/product"}],"wp:featuredmedia":[{"embeddable":true,"href":"https:\/\/www.phimostop.com\/fr\/wp-json\/wp\/v2\/media\/2586"}],"wp:attachment":[{"href":"https:\/\/www.phimostop.com\/fr\/wp-json\/wp\/v2\/media?parent=2588"}],"wp:term":[{"taxonomy":"wl_entity_type","embeddable":true,"href":"https:\/\/www.phimostop.com\/fr\/wp-json\/wp\/v2\/wl_entity_type?post=2588"},{"taxonomy":"product_brand","embeddable":true,"href":"https:\/\/www.phimostop.com\/fr\/wp-json\/wp\/v2\/product_brand?post=2588"},{"taxonomy":"product_cat","embeddable":true,"href":"https:\/\/www.phimostop.com\/fr\/wp-json\/wp\/v2\/product_cat?post=2588"},{"taxonomy":"product_tag","embeddable":true,"href":"https:\/\/www.phimostop.com\/fr\/wp-json\/wp\/v2\/product_tag?post=2588"}],"curies":[{"name":"wp","href":"https:\/\/api.w.org\/{rel}","templated":true}]}}