{"id":3197,"date":"2025-10-07T16:28:35","date_gmt":"2025-10-07T16:28:35","guid":{"rendered":"https:\/\/www.phimostop.com\/spedizioni\/"},"modified":"2025-12-01T17:52:21","modified_gmt":"2025-12-01T17:52:21","slug":"livraison","status":"publish","type":"page","link":"https:\/\/www.phimostop.com\/fr\/livraison\/","title":{"rendered":"Livraison gratuite"},"content":{"rendered":"\n<div id=\"gspb_text-id-gsbp-f4dde12\" class=\"gspb_text gspb_text-id-gsbp-f4dde12 \">L\u2019exp\u00e9dition GRATUITE (hors \u00e9ventuels frais de douane, \u00e0 la charge du destinataire) comprend :<\/div>\n\n\n\n<div class=\"wp-block-greenshift-blocks-iconlist gspb_iconsList gspb_iconsList-id-gsbp-ef20863\" id=\"gspb_iconsList-id-gsbp-ef20863\"><div class=\"gspb_iconsList__item\" data-id=\"0\"><svg class=\"\" style=\"display:inline-block;vertical-align:middle\" width=\"18\" height=\"18\" viewBox=\"0 0 1024 1024\" xmlns=\"http:\/\/www.w3.org\/2000\/svg\"><path style=\"fill:#565D66\" d=\"M512 16c-274 0-496 222-496 496s222 496 496 496 496-222 496-496-222-496-496-496zM944 512c0 237.4-192.2 432-432 432-237.4 0-432-192.2-432-432 0-237.4 192.2-432 432-432 237.4 0 432 192.2 432 432z\"><\/path><\/svg><span class=\"gspb_iconsList__item__text\">une livraison en\u00a0<strong>EUROPE<\/strong>\u00a0sous 5 jours ouvrables \u00e0 compter de la date d\u2019exp\u00e9dition ;<\/span><\/div><div class=\"gspb_iconsList__item\" data-id=\"1\"><svg class=\"\" style=\"display:inline-block;vertical-align:middle\" width=\"18\" height=\"18\" viewBox=\"0 0 1024 1024\" xmlns=\"http:\/\/www.w3.org\/2000\/svg\"><path style=\"fill:#565D66\" d=\"M512 16c-274 0-496 222-496 496s222 496 496 496 496-222 496-496-222-496-496-496zM944 512c0 237.4-192.2 432-432 432-237.4 0-432-192.2-432-432 0-237.4 192.2-432 432-432 237.4 0 432 192.2 432 432z\"><\/path><\/svg><span class=\"gspb_iconsList__item__text\">une livraison vers les\u00a0<strong>pays HORS EUROPE<\/strong>\u00a0sous 10 jours ouvrables ;<\/span><\/div><div class=\"gspb_iconsList__item\" data-id=\"2\"><svg class=\"\" style=\"display:inline-block;vertical-align:middle\" width=\"18\" height=\"18\" viewBox=\"0 0 1024 1024\" xmlns=\"http:\/\/www.w3.org\/2000\/svg\"><path style=\"fill:#565D66\" d=\"M512 16c-274 0-496 222-496 496s222 496 496 496 496-222 496-496-222-496-496-496zM944 512c0 237.4-192.2 432-432 432-237.4 0-432-192.2-432-432 0-237.4 192.2-432 432-432 237.4 0 432 192.2 432 432z\"><\/path><\/svg><span class=\"gspb_iconsList__item__text\">une livraison\u00a0<strong>strictement anonyme<\/strong>, sans aucune mention du produit ou de la marque sur le colis ;<\/span><\/div><div class=\"gspb_iconsList__item\" data-id=\"3\"><svg class=\"\" style=\"display:inline-block;vertical-align:middle\" width=\"18\" height=\"18\" viewBox=\"0 0 1024 1024\" xmlns=\"http:\/\/www.w3.org\/2000\/svg\"><path style=\"fill:#565D66\" d=\"M512 16c-274 0-496 222-496 496s222 496 496 496 496-222 496-496-222-496-496-496zM944 512c0 237.4-192.2 432-432 432-237.4 0-432-192.2-432-432 0-237.4 192.2-432 432-432 237.4 0 432 192.2 432 432z\"><\/path><\/svg><span class=\"gspb_iconsList__item__text\">une remise directement dans la bo\u00eete aux lettres du destinataire ou en main propre ;<\/span><\/div><div class=\"gspb_iconsList__item\" data-id=\"4\"><svg class=\"\" style=\"display:inline-block;vertical-align:middle\" width=\"18\" height=\"18\" viewBox=\"0 0 1024 1024\" xmlns=\"http:\/\/www.w3.org\/2000\/svg\"><path style=\"fill:#565D66\" d=\"M512 16c-274 0-496 222-496 496s222 496 496 496 496-222 496-496-222-496-496-496zM944 512c0 237.4-192.2 432-432 432-237.4 0-432-192.2-432-432 0-237.4 192.2-432 432-432 237.4 0 432 192.2 432 432z\"><\/path><\/svg><span class=\"gspb_iconsList__item__text\">un\u00a0<strong>suivi complet<\/strong>\u00a0de l\u2019exp\u00e9dition. D\u00e8s l\u2019envoi de votre colis, vous recevrez un e-mail de notre partenaire Hive avec un lien de suivi:\u00a0<a>https:\/\/track.hive.app\/fr\/phimostop<\/a><br>Il vous suffira d\u2019y entrer votre\u00a0<strong>num\u00e9ro de commande<\/strong>\u00a0ainsi que votre\u00a0<strong>code postal<\/strong>.<\/span><\/div><\/div>\n\n\n\n<div id=\"gspb_text-id-gsbp-388eb78\" class=\"gspb_text gspb_text-id-gsbp-388eb78 \">En cas de probl\u00e8me ou de retard, veuillez contacter :\u00a0<a>customer@phimostop.com<\/a><br><strong>Nous exp\u00e9dions vers :<\/strong>\u00a0Albanie, Allemagne, Australie, Autriche, Belgique, Bulgarie, Canada, Chypre, Croatie, Danemark, Espagne, Estonie, \u00c9tats-Unis (US), Finlande, France, Gr\u00e8ce, Hongrie, Irlande, Italie, Lettonie, Lituanie, Luxembourg, Mac\u00e9doine du Nord, Malte, Norv\u00e8ge, Pays-Bas, Pologne, Portugal, R\u00e9publique tch\u00e8que, Roumanie, Royaume-Uni (UK), Slovaquie, Slov\u00e9nie, Su\u00e8de, Suisse.<\/div>\n\n\n\n<h2 id=\"gspb_heading-id-gsbp-bb9ef99\" class=\"gspb_heading gspb_heading-id-gsbp-bb9ef99 \"><strong><strong>Droit de r\u00e9tractation et remboursement<\/strong><\/strong><\/h2>\n\n\n\n<div id=\"gspb_text-id-gsbp-1882aae\" class=\"gspb_text gspb_text-id-gsbp-1882aae \">Si vous changez d\u2019avis, vous pouvez annuler votre commande de deux mani\u00e8res :<\/div>\n\n\n\n<div class=\"wp-block-greenshift-blocks-iconlist gspb_iconsList gspb_iconsList-id-gsbp-cb77444\" id=\"gspb_iconsList-id-gsbp-cb77444\"><div class=\"gspb_iconsList__item\" data-id=\"0\"><svg width=\"10\" style=\"width:5rem;height:5rem;margin:10px\" height=\"10\" viewBox=\"0 0 24 24\" role=\"img\" arialabel=\"2\">  <text x=\"50%\" y=\"50%\" dominant-baseline=\"middle\" text-anchor=\"middle\" font-size=\"16\" font-family=\"inherit\" font-weight=\"700\" fill=\"currentColor\">    1  <\/text><\/svg><span class=\"gspb_iconsList__item__text\">En\u00a0<strong>refusant la livraison<\/strong>\u00a0;<\/span><\/div><div class=\"gspb_iconsList__item\" data-id=\"1\"><svg width=\"10\" style=\"width:5rem;height:5rem;margin:10px\" height=\"10\" viewBox=\"0 0 24 24\" role=\"img\" arialabel=\"2\">  <text x=\"50%\" y=\"50%\" dominant-baseline=\"middle\" text-anchor=\"middle\" font-size=\"16\" font-family=\"inherit\" font-weight=\"700\" fill=\"currentColor\">    2  <\/text><\/svg><span class=\"gspb_iconsList__item__text\">En exer\u00e7ant votre\u00a0<strong>droit de r\u00e9tractation dans un d\u00e9lai de 14 jours<\/strong>\u00a0suivant la r\u00e9ception du produit (la date de livraison du transporteur fera foi).<\/span><\/div><\/div>\n\n\n\n<div id=\"gspb_text-id-gsbp-b43053e\" class=\"gspb_text gspb_text-id-gsbp-b43053e \">Voici comment proc\u00e9der pour un retour :<\/div>\n\n\n\n<div class=\"wp-block-greenshift-blocks-iconlist gspb_iconsList gspb_iconsList-id-gsbp-1d51aca\" id=\"gspb_iconsList-id-gsbp-1d51aca\"><div class=\"gspb_iconsList__item\" data-id=\"0\"><svg width=\"10\" style=\"width:5rem;height:5rem;margin:10px\" height=\"10\" viewBox=\"0 0 24 24\" role=\"img\" arialabel=\"2\">  <text x=\"50%\" y=\"50%\" dominant-baseline=\"middle\" text-anchor=\"middle\" font-size=\"16\" font-family=\"inherit\" font-weight=\"700\" fill=\"currentColor\">    1  <\/text><\/svg><span class=\"gspb_iconsList__item__text\">Envoyez un e-mail \u00e0 :\u00a0customer@phimostop.com\u00a0en indiquant votre souhait de retourner le produit ;<\/span><\/div><div class=\"gspb_iconsList__item\" data-id=\"1\"><svg width=\"10\" style=\"width:5rem;height:5rem;margin:10px\" height=\"10\" viewBox=\"0 0 24 24\" role=\"img\" arialabel=\"2\">  <text x=\"50%\" y=\"50%\" dominant-baseline=\"middle\" text-anchor=\"middle\" font-size=\"16\" font-family=\"inherit\" font-weight=\"700\" fill=\"currentColor\">    2  <\/text><\/svg><span class=\"gspb_iconsList__item__text\">Rendez-vous sur :\u00a0<a>https:\/\/track.hive.app\/fr\/phimostop<\/a>\u00a0saisissez votre num\u00e9ro de commande et votre code postal ;<\/span><\/div><div class=\"gspb_iconsList__item\" data-id=\"2\"><svg width=\"10\" style=\"width:5rem;height:5rem;margin:10px\" height=\"10\" viewBox=\"0 0 24 24\" role=\"img\" arialabel=\"2\">  <text x=\"50%\" y=\"50%\" dominant-baseline=\"middle\" text-anchor=\"middle\" font-size=\"16\" font-family=\"inherit\" font-weight=\"700\" fill=\"currentColor\">    3  <\/text><\/svg><span class=\"gspb_iconsList__item__text\">Cliquez sur \u00ab\u00a0<strong>CR\u00c9ER UN RETOUR<\/strong>\u00a0\u00bb et suivez les instructions.<\/span><\/div><\/div>\n\n\n\n<div id=\"gspb_text-id-gsbp-b9e20da\" class=\"gspb_text gspb_text-id-gsbp-b9e20da \">Les frais de retour sont \u00e0\u00a0<strong>notre charge<\/strong>, et vous serez\u00a0<strong>rembours\u00e9 int\u00e9gralement<\/strong>\u00a0du montant pay\u00e9.<\/div>\n\n\n\n<h2 id=\"gspb_heading-id-gsbp-8819533\" class=\"gspb_heading gspb_heading-id-gsbp-8819533 \"><strong><strong>Remboursement<\/strong><\/strong><\/h2>\n\n\n\n<div id=\"gspb_text-id-gsbp-bb83d58\" class=\"gspb_text gspb_text-id-gsbp-bb83d58 \">Le remboursement est effectu\u00e9 via le\u00a0<strong>m\u00eame moyen de paiement<\/strong>\u00a0utilis\u00e9 lors de l\u2019achat.<br>Les remboursements sont g\u00e9n\u00e9ralement trait\u00e9s\u00a0<strong>dans un d\u00e9lai d\u2019une semaine<\/strong>\u00a0apr\u00e8s la r\u00e9ception du retour. Toutefois, dans de rares cas, nous nous r\u00e9servons le droit de\u00a0<strong>retarder, r\u00e9duire ou refuser<\/strong>\u00a0le remboursement si nous avons des raisons valables de suspecter une fraude, une fausse d\u00e9claration ou tout autre comportement de mauvaise foi.<br>Les remboursements sont effectu\u00e9s selon le\u00a0<strong>taux de change en vigueur<\/strong>\u00a0d\u00e9termin\u00e9 par nos soins.<br>Nous ne pouvons \u00eatre tenus responsables des\u00a0<strong>\u00e9ventuelles pertes ou gains<\/strong>\u00a0dus \u00e0 des fluctuations du taux de change entre la commande et le remboursement.<\/div>\n","protected":false},"excerpt":{"rendered":"","protected":false},"author":2,"featured_media":0,"parent":0,"menu_order":0,"comment_status":"closed","ping_status":"closed","template":"","meta":{"_acf_changed":false,"wl_entities_gutenberg":"","_gspb_post_css":"#gspb_iconsList-id-gsbp-ef20863.gspb_iconsList .gspb_iconsList__item__text{margin-left:15px}#gspb_iconsList-id-gsbp-ef20863.gspb_iconsList .gspb_iconsList__item{justify-content:flex-start;display:flex;flex-direction:row;align-items:center;position:relative;margin-top:10px}#gspb_iconsList-id-gsbp-1d51aca.gspb_iconsList .gspb_iconsList__item svg path,#gspb_iconsList-id-gsbp-cb77444.gspb_iconsList .gspb_iconsList__item svg path,#gspb_iconsList-id-gsbp-ef20863.gspb_iconsList .gspb_iconsList__item svg path{fill:var(--wp--preset--color--palette-color-1, var(--theme-palette-color-1, #3a5da5))!important}#gspb_iconsList-id-gsbp-ef20863.gspb_iconsList .gspb_iconsList__item img,#gspb_iconsList-id-gsbp-ef20863.gspb_iconsList .gspb_iconsList__item svg{width:1px!important;height:1px!important;min-width:1px}body #gspb_iconsList-id-gsbp-1d51aca.gspb_iconsList .gspb_iconsList__item img,body #gspb_iconsList-id-gsbp-1d51aca.gspb_iconsList .gspb_iconsList__item svg,body #gspb_iconsList-id-gsbp-cb77444.gspb_iconsList .gspb_iconsList__item img,body #gspb_iconsList-id-gsbp-cb77444.gspb_iconsList .gspb_iconsList__item svg,body #gspb_iconsList-id-gsbp-ef20863.gspb_iconsList .gspb_iconsList__item img,body #gspb_iconsList-id-gsbp-ef20863.gspb_iconsList .gspb_iconsList__item svg{margin:10px!important}@media (max-width:575.98px){#gspb_iconsList-id-gsbp-ef20863.gspb_iconsList .gspb_iconsList__item{margin-top:20px}}#gspb_iconsList-id-gsbp-ef20863.gspb_iconsList [data-id='0'] svg,#gspb_iconsList-id-gsbp-ef20863.gspb_iconsList [data-id='1'] svg,#gspb_iconsList-id-gsbp-ef20863.gspb_iconsList [data-id='2'] svg,#gspb_iconsList-id-gsbp-ef20863.gspb_iconsList [data-id='3'] svg,#gspb_iconsList-id-gsbp-ef20863.gspb_iconsList [data-id='4'] svg{height:10px!important;width:10px!important;min-width:10px!important;margin:0!important}#gspb_heading-id-gsbp-8819533,#gspb_heading-id-gsbp-bb9ef99{margin-top:0;margin-bottom:0}#gspb_iconsList-id-gsbp-cb77444.gspb_iconsList .gspb_iconsList__item__text{margin-left:15px}#gspb_iconsList-id-gsbp-cb77444.gspb_iconsList .gspb_iconsList__item{justify-content:flex-start;display:flex;flex-direction:row;align-items:center;position:relative;margin-top:10px}#gspb_iconsList-id-gsbp-cb77444.gspb_iconsList .gspb_iconsList__item img,#gspb_iconsList-id-gsbp-cb77444.gspb_iconsList .gspb_iconsList__item svg{width:1px!important;height:1px!important;min-width:1px}@media (max-width:575.98px){#gspb_iconsList-id-gsbp-cb77444.gspb_iconsList .gspb_iconsList__item{margin-top:20px}}#gspb_iconsList-id-gsbp-cb77444.gspb_iconsList [data-id='0'] svg,#gspb_iconsList-id-gsbp-cb77444.gspb_iconsList [data-id='1'] svg{height:25px!important;width:25px!important;min-width:25px!important;margin:0!important}#gspb_iconsList-id-gsbp-1d51aca.gspb_iconsList .gspb_iconsList__item__text{margin-left:15px}#gspb_iconsList-id-gsbp-1d51aca.gspb_iconsList .gspb_iconsList__item{justify-content:flex-start;display:flex;flex-direction:row;align-items:center;position:relative;margin-top:10px}#gspb_iconsList-id-gsbp-1d51aca.gspb_iconsList .gspb_iconsList__item img,#gspb_iconsList-id-gsbp-1d51aca.gspb_iconsList .gspb_iconsList__item svg{width:1px!important;height:1px!important;min-width:1px}@media (max-width:575.98px){#gspb_iconsList-id-gsbp-1d51aca.gspb_iconsList .gspb_iconsList__item{margin-top:20px}}#gspb_iconsList-id-gsbp-1d51aca.gspb_iconsList [data-id='0'] svg,#gspb_iconsList-id-gsbp-1d51aca.gspb_iconsList [data-id='1'] svg,#gspb_iconsList-id-gsbp-1d51aca.gspb_iconsList [data-id='2'] svg{height:25px!important;width:25px!important;min-width:25px!important;margin:0!important}","footnotes":""},"wl_entity_type":[80],"class_list":["post-3197","page","type-page","status-publish","hentry","wl_entity_type-article"],"blocksy_meta":[],"yoast_head":"<!-- This site is optimized with the Yoast SEO plugin v27.0 - https:\/\/yoast.com\/product\/yoast-seo-wordpress\/ -->\n<title>Livraison Phimostop : d\u00e9lais, co\u00fbts et suivi<\/title>\n<meta name=\"description\" content=\"Phimostop livraison gratuite en EUROPE dans les 5 jours ouvrables. Livraison dans les pays HORS EUROPE dans les 10 jours ouvrables.\" \/>\n<meta name=\"robots\" content=\"index, follow, max-snippet:-1, max-image-preview:large, max-video-preview:-1\" \/>\n<link rel=\"canonical\" href=\"https:\/\/www.phimostop.com\/fr\/livraison\/\" \/>\n<meta property=\"og:locale\" content=\"fr_FR\" \/>\n<meta property=\"og:type\" content=\"article\" \/>\n<meta property=\"og:title\" content=\"Livraison Phimostop : d\u00e9lais, co\u00fbts et suivi\" \/>\n<meta property=\"og:description\" content=\"Phimostop livraison gratuite en EUROPE dans les 5 jours ouvrables. Livraison dans les pays HORS EUROPE dans les 10 jours ouvrables.\" \/>\n<meta property=\"og:url\" content=\"https:\/\/www.phimostop.com\/fr\/livraison\/\" \/>\n<meta property=\"og:site_name\" content=\"Phimostop\" \/>\n<meta property=\"article:modified_time\" content=\"2025-12-01T17:52:21+00:00\" \/>\n<meta name=\"twitter:card\" content=\"summary_large_image\" \/>\n<meta name=\"twitter:label1\" content=\"Dur\u00e9e de lecture estim\u00e9e\" \/>\n\t<meta name=\"twitter:data1\" content=\"2 minutes\" \/>\n<script type=\"application\/ld+json\" class=\"yoast-schema-graph\">{\"@context\":\"https:\/\/schema.org\",\"@graph\":[{\"@type\":\"WebPage\",\"@id\":\"https:\/\/www.phimostop.com\/fr\/livraison\/\",\"url\":\"https:\/\/www.phimostop.com\/fr\/livraison\/\",\"name\":\"Livraison Phimostop : d\u00e9lais, co\u00fbts et suivi\",\"isPartOf\":{\"@id\":\"https:\/\/www.phimostop.com\/fr\/#website\"},\"datePublished\":\"2025-10-07T16:28:35+00:00\",\"dateModified\":\"2025-12-01T17:52:21+00:00\",\"description\":\"Phimostop livraison gratuite en EUROPE dans les 5 jours ouvrables. Livraison dans les pays HORS EUROPE dans les 10 jours ouvrables.\",\"breadcrumb\":{\"@id\":\"https:\/\/www.phimostop.com\/fr\/livraison\/#breadcrumb\"},\"inLanguage\":\"fr-FR\",\"potentialAction\":[{\"@type\":\"ReadAction\",\"target\":[\"https:\/\/www.phimostop.com\/fr\/livraison\/\"]}]},{\"@type\":\"BreadcrumbList\",\"@id\":\"https:\/\/www.phimostop.com\/fr\/livraison\/#breadcrumb\",\"itemListElement\":[{\"@type\":\"ListItem\",\"position\":1,\"name\":\"Home\",\"item\":\"https:\/\/www.phimostop.com\/fr\/\"},{\"@type\":\"ListItem\",\"position\":2,\"name\":\"Livraison gratuite\"}]},{\"@type\":\"WebSite\",\"@id\":\"https:\/\/www.phimostop.com\/fr\/#website\",\"url\":\"https:\/\/www.phimostop.com\/fr\/\",\"name\":\"Phimostop\",\"description\":\"\",\"publisher\":{\"@id\":\"https:\/\/www.phimostop.com\/fr\/#organization\"},\"potentialAction\":[{\"@type\":\"SearchAction\",\"target\":{\"@type\":\"EntryPoint\",\"urlTemplate\":\"https:\/\/www.phimostop.com\/fr\/?s={search_term_string}\"},\"query-input\":{\"@type\":\"PropertyValueSpecification\",\"valueRequired\":true,\"valueName\":\"search_term_string\"}}],\"inLanguage\":\"fr-FR\"},{\"@type\":\"Organization\",\"@id\":\"https:\/\/www.phimostop.com\/fr\/#organization\",\"name\":\"Phimomed\",\"url\":\"https:\/\/www.phimostop.com\/fr\/\",\"logo\":{\"@type\":\"ImageObject\",\"inLanguage\":\"fr-FR\",\"@id\":\"https:\/\/www.phimostop.com\/fr\/#\/schema\/logo\/image\/\",\"url\":\"https:\/\/www.phimostop.com\/wp-content\/uploads\/2025\/09\/phimo-logo-brand.png\",\"contentUrl\":\"https:\/\/www.phimostop.com\/wp-content\/uploads\/2025\/09\/phimo-logo-brand.png\",\"width\":1788,\"height\":318,\"caption\":\"Phimomed\"},\"image\":{\"@id\":\"https:\/\/www.phimostop.com\/fr\/#\/schema\/logo\/image\/\"},\"sameAs\":[\"https:\/\/www.youtube.com\/@PHIMOSTOP\"]}]}<\/script>\n<!-- \/ Yoast SEO plugin. -->","yoast_head_json":{"title":"Livraison Phimostop : d\u00e9lais, co\u00fbts et suivi","description":"Phimostop livraison gratuite en EUROPE dans les 5 jours ouvrables. Livraison dans les pays HORS EUROPE dans les 10 jours ouvrables.","robots":{"index":"index","follow":"follow","max-snippet":"max-snippet:-1","max-image-preview":"max-image-preview:large","max-video-preview":"max-video-preview:-1"},"canonical":"https:\/\/www.phimostop.com\/fr\/livraison\/","og_locale":"fr_FR","og_type":"article","og_title":"Livraison Phimostop : d\u00e9lais, co\u00fbts et suivi","og_description":"Phimostop livraison gratuite en EUROPE dans les 5 jours ouvrables. Livraison dans les pays HORS EUROPE dans les 10 jours ouvrables.","og_url":"https:\/\/www.phimostop.com\/fr\/livraison\/","og_site_name":"Phimostop","article_modified_time":"2025-12-01T17:52:21+00:00","twitter_card":"summary_large_image","twitter_misc":{"Dur\u00e9e de lecture estim\u00e9e":"2 minutes"},"schema":{"@context":"https:\/\/schema.org","@graph":[{"@type":"WebPage","@id":"https:\/\/www.phimostop.com\/fr\/livraison\/","url":"https:\/\/www.phimostop.com\/fr\/livraison\/","name":"Livraison Phimostop : d\u00e9lais, co\u00fbts et suivi","isPartOf":{"@id":"https:\/\/www.phimostop.com\/fr\/#website"},"datePublished":"2025-10-07T16:28:35+00:00","dateModified":"2025-12-01T17:52:21+00:00","description":"Phimostop livraison gratuite en EUROPE dans les 5 jours ouvrables. Livraison dans les pays HORS EUROPE dans les 10 jours ouvrables.","breadcrumb":{"@id":"https:\/\/www.phimostop.com\/fr\/livraison\/#breadcrumb"},"inLanguage":"fr-FR","potentialAction":[{"@type":"ReadAction","target":["https:\/\/www.phimostop.com\/fr\/livraison\/"]}]},{"@type":"BreadcrumbList","@id":"https:\/\/www.phimostop.com\/fr\/livraison\/#breadcrumb","itemListElement":[{"@type":"ListItem","position":1,"name":"Home","item":"https:\/\/www.phimostop.com\/fr\/"},{"@type":"ListItem","position":2,"name":"Livraison gratuite"}]},{"@type":"WebSite","@id":"https:\/\/www.phimostop.com\/fr\/#website","url":"https:\/\/www.phimostop.com\/fr\/","name":"Phimostop","description":"","publisher":{"@id":"https:\/\/www.phimostop.com\/fr\/#organization"},"potentialAction":[{"@type":"SearchAction","target":{"@type":"EntryPoint","urlTemplate":"https:\/\/www.phimostop.com\/fr\/?s={search_term_string}"},"query-input":{"@type":"PropertyValueSpecification","valueRequired":true,"valueName":"search_term_string"}}],"inLanguage":"fr-FR"},{"@type":"Organization","@id":"https:\/\/www.phimostop.com\/fr\/#organization","name":"Phimomed","url":"https:\/\/www.phimostop.com\/fr\/","logo":{"@type":"ImageObject","inLanguage":"fr-FR","@id":"https:\/\/www.phimostop.com\/fr\/#\/schema\/logo\/image\/","url":"https:\/\/www.phimostop.com\/wp-content\/uploads\/2025\/09\/phimo-logo-brand.png","contentUrl":"https:\/\/www.phimostop.com\/wp-content\/uploads\/2025\/09\/phimo-logo-brand.png","width":1788,"height":318,"caption":"Phimomed"},"image":{"@id":"https:\/\/www.phimostop.com\/fr\/#\/schema\/logo\/image\/"},"sameAs":["https:\/\/www.youtube.com\/@PHIMOSTOP"]}]}},"_wl_alt_label":[],"acf":[],"wl:entity_url":"https:\/\/data.wordlift.io\/wl161614\/page\/spedizioni-3","_links":{"self":[{"href":"https:\/\/www.phimostop.com\/fr\/wp-json\/wp\/v2\/pages\/3197","targetHints":{"allow":["GET"]}}],"collection":[{"href":"https:\/\/www.phimostop.com\/fr\/wp-json\/wp\/v2\/pages"}],"about":[{"href":"https:\/\/www.phimostop.com\/fr\/wp-json\/wp\/v2\/types\/page"}],"author":[{"embeddable":true,"href":"https:\/\/www.phimostop.com\/fr\/wp-json\/wp\/v2\/users\/2"}],"replies":[{"embeddable":true,"href":"https:\/\/www.phimostop.com\/fr\/wp-json\/wp\/v2\/comments?post=3197"}],"version-history":[{"count":1,"href":"https:\/\/www.phimostop.com\/fr\/wp-json\/wp\/v2\/pages\/3197\/revisions"}],"predecessor-version":[{"id":3341,"href":"https:\/\/www.phimostop.com\/fr\/wp-json\/wp\/v2\/pages\/3197\/revisions\/3341"}],"wp:attachment":[{"href":"https:\/\/www.phimostop.com\/fr\/wp-json\/wp\/v2\/media?parent=3197"}],"wp:term":[{"taxonomy":"wl_entity_type","embeddable":true,"href":"https:\/\/www.phimostop.com\/fr\/wp-json\/wp\/v2\/wl_entity_type?post=3197"}],"curies":[{"name":"wp","href":"https:\/\/api.w.org\/{rel}","templated":true}]}}