{"id":3195,"date":"2024-01-29T16:48:23","date_gmt":"2024-01-29T16:48:23","guid":{"rendered":"https:\/\/www.phimostop.com\/contatti\/"},"modified":"2026-02-09T16:21:35","modified_gmt":"2026-02-09T16:21:35","slug":"contact","status":"publish","type":"page","link":"https:\/\/www.phimostop.com\/fr\/contact\/","title":{"rendered":"Contact"},"content":{"rendered":"<style>#gspb_row-id-gsbp-6e2e20b{justify-content:space-between;margin-top:0px;margin-bottom:0px;display:flex;flex-wrap:wrap;}#gspb_row-id-gsbp-6e2e20b > .gspb_row__content{display:flex;justify-content:space-between;margin:0 auto;width:100%;flex-wrap:wrap;}.gspb_row{position:relative;}div[id^=gspb_col-id]{box-sizing:border-box;position:relative;}div[id^=gspb_col-id]{padding:var(--gs-row-column-padding,15px min(3vw,20px));}@media (max-width:999.98px){#gspb_row-id-gsbp-6e2e20b > .gspb_row__content{row-gap:80px;}}@media (max-width:689.98px){#gspb_row-id-gsbp-6e2e20b > .gspb_row__content{row-gap:60px;}}body.gspb-bodyfront #gspb_row-id-gsbp-6e2e20b > .gspb_row__content{width:var(--theme-container-width,1200px);}body.gspb-bodyfront #gspb_row-id-gsbp-6e2e20b > .gspb_row__content{max-width:var(--theme-normal-container-max-width,1200px);}#gspb_row-id-gsbp-6e2e20b{margin-bottom:120px;}@media (max-width:999.98px){#gspb_row-id-gsbp-6e2e20b{margin-bottom:80px;}}@media (max-width:689.98px){#gspb_row-id-gsbp-6e2e20b{margin-bottom:60px;}}<\/style>\n<div class=\"wp-block-greenshift-blocks-row gspb_row gspb_row-id-gsbp-6e2e20b gspb_row--gutter-custom-0\" id=\"gspb_row-id-gsbp-6e2e20b\"><div class=\"gspb_row__content\"> <style>#gspb_col-id-gsbp-46d49b7.gspb_row__col--6{width:calc(50% - 40px);}@media (max-width:999.98px){#gspb_col-id-gsbp-46d49b7.gspb_row__col--6{width:100%;}}@media (max-width:689.98px){#gspb_col-id-gsbp-46d49b7.gspb_row__col--6{width:calc(100% - 40px);}}@media (max-width:689.98px){#gspb_col-id-gsbp-46d49b7.gspb_row__col--6{width:100%;}}@media (min-width:1000px){body.gspb-bodyfront #gspb_col-id-gsbp-46d49b7.gspb_row__col--6{width:calc(55% - 0px - 40px)}}.gspb_row #gspb_col-id-gsbp-46d49b7.gspb_row__col--6{padding-top:0px;padding-right:0px;padding-bottom:0px;padding-left:0px;}#gspb_col-id-gsbp-46d49b7.gspb_row__col--6{flex-direction:column;}body #gspb_col-id-gsbp-46d49b7.gspb_row__col--6{display:flex;}<\/style>\n<div class=\"wp-block-greenshift-blocks-row-column gspb_row__col--6 gspb_row__col--md-12 gspb_col-id-gsbp-46d49b7\" id=\"gspb_col-id-gsbp-46d49b7\"><style>@media (max-width:999.98px){#gspb_heading-id-gsbp-d1b4c76{font-size:30px;}}@media (max-width:689.98px){#gspb_heading-id-gsbp-d1b4c76{font-size:25px;}}@media (max-width:999.98px){#gspb_heading-id-gsbp-d1b4c76,#gspb_heading-id-gsbp-d1b4c76 .gsap-g-line{text-align:center!important;}}@media (max-width:689.98px){#gspb_heading-id-gsbp-d1b4c76,#gspb_heading-id-gsbp-d1b4c76 .gsap-g-line{text-align:left!important;}}#gspb_heading-id-gsbp-d1b4c76{margin-top:0px;margin-bottom:0px;}<\/style>\n<h2 id=\"gspb_heading-id-gsbp-d1b4c76\" class=\"gspb_heading gspb_heading-id-gsbp-d1b4c76 \">Contact<\/h2>\n\n\n<style>@media (max-width:999.98px){.gspb_text-id-gsbp-2c13756,.gspb_text-id-gsbp-2c13756 .gsap-g-line{text-align:center!important;}}@media (max-width:689.98px){.gspb_text-id-gsbp-2c13756,.gspb_text-id-gsbp-2c13756 .gsap-g-line{text-align:left!important;}}<\/style>\n<div id=\"gspb_text-id-gsbp-2c13756\" class=\"gspb_text gspb_text-id-gsbp-2c13756 \">Si vous avez des questions sur le phimosis ou Phimostop, notre \u00e9quipe d&rsquo;experts est pr\u00eate \u00e0 vous aider. N&rsquo;h\u00e9sitez pas \u00e0 nous contacter en utilisant le formulaire ci-dessous. Nous sommes l\u00e0 pour vous offrir le soutien et les r\u00e9ponses dont vous avez besoin pour atteindre la sant\u00e9 sexuelle que vous m\u00e9ritez.<br>Les donn\u00e9es envoy\u00e9es par courrier \u00e9lectronique sont trait\u00e9es conform\u00e9ment \u00e0 l\u2019article 13 du d\u00e9cret l\u00e9gislatif. No.196\/2003, donc :<\/div>\n\n\n<style>#gspb_iconsList-id-gsbp-cb77444.gspb_iconsList .gspb_iconsList__item__text{margin-left:15px;}#gspb_iconsList-id-gsbp-cb77444.gspb_iconsList .gspb_iconsList__item{justify-content:flex-start;display:flex;flex-direction:row;align-items:center;position:relative;}#gspb_iconsList-id-gsbp-cb77444.gspb_iconsList .gspb_iconsList__item svg path{fill:var(--wp--preset--color--palette-color-1,var(--theme-palette-color-1,#3a5da5)) !important}#gspb_iconsList-id-gsbp-cb77444.gspb_iconsList .gspb_iconsList__item svg,#gspb_iconsList-id-gsbp-cb77444.gspb_iconsList .gspb_iconsList__item img{width:1px !important;height:1px !important;min-width:1px}body #gspb_iconsList-id-gsbp-cb77444.gspb_iconsList .gspb_iconsList__item svg,body #gspb_iconsList-id-gsbp-cb77444.gspb_iconsList .gspb_iconsList__item img{margin-top:10px!important;margin-right:10px!important;margin-bottom:10px!important;margin-left:10px!important;}#gspb_iconsList-id-gsbp-cb77444.gspb_iconsList .gspb_iconsList__item{margin-top:10px;}@media (max-width:689.98px){#gspb_iconsList-id-gsbp-cb77444.gspb_iconsList .gspb_iconsList__item{margin-top:20px;}}#gspb_iconsList-id-gsbp-cb77444.gspb_iconsList [data-id='0'] svg{height:25px!important;width:25px!important;min-width:25px!important;}#gspb_iconsList-id-gsbp-cb77444.gspb_iconsList [data-id='0'] svg{margin:0px !important;}#gspb_iconsList-id-gsbp-cb77444.gspb_iconsList [data-id='1'] svg{height:25px!important;width:25px!important;min-width:25px!important;}#gspb_iconsList-id-gsbp-cb77444.gspb_iconsList [data-id='1'] svg{margin:0px !important;}#gspb_iconsList-id-gsbp-cb77444.gspb_iconsList [data-id='2'] svg{height:25px!important;width:25px!important;min-width:25px!important;}#gspb_iconsList-id-gsbp-cb77444.gspb_iconsList [data-id='2'] svg{margin:0px !important;}#gspb_iconsList-id-gsbp-cb77444.gspb_iconsList [data-id='3'] svg{height:25px!important;width:25px!important;min-width:25px!important;}#gspb_iconsList-id-gsbp-cb77444.gspb_iconsList [data-id='3'] svg{margin:0px !important;}#gspb_iconsList-id-gsbp-cb77444.gspb_iconsList [data-id='4'] svg{height:25px!important;width:25px!important;min-width:25px!important;}#gspb_iconsList-id-gsbp-cb77444.gspb_iconsList [data-id='4'] svg{margin:0px !important;}<\/style>\n<div class=\"wp-block-greenshift-blocks-iconlist gspb_iconsList gspb_iconsList-id-gsbp-cb77444\" id=\"gspb_iconsList-id-gsbp-cb77444\"><div class=\"gspb_iconsList__item\" data-id=\"0\"><svg width=\"10\" style=\"width:5rem;height:5rem;margin:10px\" height=\"10\" viewBox=\"0 0 24 24\" role=\"img\" arialabel=\"2\">  <text x=\"50%\" y=\"50%\" dominant-baseline=\"middle\" text-anchor=\"middle\" font-size=\"16\" font-family=\"inherit\" font-weight=\"700\" fill=\"currentColor\">    1  <\/text><\/svg><span class=\"gspb_iconsList__item__text\">Les donn\u00e9es personnelles ne seront pas utilis\u00e9es pour l\u2019envoi de mat\u00e9riel publicitaire, de promotions ou autres.<\/span><\/div><div class=\"gspb_iconsList__item\" data-id=\"1\"><svg width=\"10\" style=\"width:5rem;height:5rem;margin:10px\" height=\"10\" viewBox=\"0 0 24 24\" role=\"img\" arialabel=\"2\">  <text x=\"50%\" y=\"50%\" dominant-baseline=\"middle\" text-anchor=\"middle\" font-size=\"16\" font-family=\"inherit\" font-weight=\"700\" fill=\"currentColor\">    2  <\/text><\/svg><span class=\"gspb_iconsList__item__text\">Les donn\u00e9es fournies seront trait\u00e9es uniquement et exclusivement dans le but de fournir le service demand\u00e9 de la meilleure fa\u00e7on possible.<\/span><\/div><div class=\"gspb_iconsList__item\" data-id=\"2\"><svg width=\"10\" style=\"width:5rem;height:5rem;margin:10px\" height=\"10\" viewBox=\"0 0 24 24\" role=\"img\" arialabel=\"2\">  <text x=\"50%\" y=\"50%\" dominant-baseline=\"middle\" text-anchor=\"middle\" font-size=\"16\" font-family=\"inherit\" font-weight=\"700\" fill=\"currentColor\">    3  <\/text><\/svg><span class=\"gspb_iconsList__item__text\">Les donn\u00e9es seront trait\u00e9es de la mani\u00e8re suivante : par voie informatique.<\/span><\/div><div class=\"gspb_iconsList__item\" data-id=\"3\"><svg width=\"10\" style=\"width:5rem;height:5rem;margin:10px\" height=\"10\" viewBox=\"0 0 24 24\" role=\"img\" arialabel=\"2\">  <text x=\"50%\" y=\"50%\" dominant-baseline=\"middle\" text-anchor=\"middle\" font-size=\"16\" font-family=\"inherit\" font-weight=\"700\" fill=\"currentColor\">    4  <\/text><\/svg><span class=\"gspb_iconsList__item__text\">Les donn\u00e9es ne seront pas divulgu\u00e9es \u00e0 d\u2019autres parties, ni diffus\u00e9es.<\/span><\/div><div class=\"gspb_iconsList__item\" data-id=\"4\"><svg width=\"10\" style=\"width:5rem;height:5rem;margin:10px\" height=\"10\" viewBox=\"0 0 24 24\" role=\"img\" arialabel=\"2\">  <text x=\"50%\" y=\"50%\" dominant-baseline=\"middle\" text-anchor=\"middle\" font-size=\"16\" font-family=\"inherit\" font-weight=\"700\" fill=\"currentColor\">    5  <\/text><\/svg><span class=\"gspb_iconsList__item__text\">L\u2019indication du nom de l\u2019exp\u00e9diteur lors de l\u2019envoi de courriers \u00e9lectroniques est obligatoire;<\/span><\/div><\/div>\n<\/div>\n\n\n<style>#gspb_col-id-gsbp-cb4d77e.gspb_row__col--6{width:calc(50% - 40px);}@media (max-width:999.98px){#gspb_col-id-gsbp-cb4d77e.gspb_row__col--6{width:100%;}}@media (max-width:689.98px){#gspb_col-id-gsbp-cb4d77e.gspb_row__col--6{width:calc(100% - 40px);}}@media (max-width:689.98px){#gspb_col-id-gsbp-cb4d77e.gspb_row__col--6{width:100%;}}@media (min-width:1000px){body.gspb-bodyfront #gspb_col-id-gsbp-cb4d77e.gspb_row__col--6{width:calc(45% - 0px - 40px)}}.gspb_row #gspb_col-id-gsbp-cb4d77e.gspb_row__col--6{padding-top:60px;padding-right:60px;padding-bottom:60px;padding-left:60px;}@media (max-width:999.98px){.gspb_row #gspb_col-id-gsbp-cb4d77e.gspb_row__col--6{padding-top:50px;padding-right:50px;padding-bottom:50px;padding-left:50px;}}@media (max-width:689.98px){.gspb_row #gspb_col-id-gsbp-cb4d77e.gspb_row__col--6{padding-top:35px;padding-right:35px;padding-bottom:35px;padding-left:35px;}}#gspb_col-id-gsbp-cb4d77e.gspb_row__col--6{background-color:#24427d24;}#gspb_col-id-gsbp-cb4d77e.gspb_row__col--6{border-top-left-radius:40px;border-top-right-radius:40px;border-bottom-right-radius:40px;border-bottom-left-radius:40px;}#gspb_col-id-gsbp-cb4d77e.gspb_row__col--6 > .gspb_backgroundOverlay{border-top-left-radius:40px;border-top-right-radius:40px;border-bottom-right-radius:40px;border-bottom-left-radius:40px;}<\/style>\n<div class=\"wp-block-greenshift-blocks-row-column gspb_row__col--6 gspb_row__col--md-12 gspb_col-id-gsbp-cb4d77e\" id=\"gspb_col-id-gsbp-cb4d77e\"><style>@media (max-width:999.98px){.gspb_text-id-gsbp-796777c,.gspb_text-id-gsbp-796777c .gsap-g-line{text-align:center!important;}}.gspb_text-id-gsbp-796777c{margin-bottom:50px!important;}<\/style>\n<div id=\"gspb_text-id-gsbp-796777c\" class=\"gspb_text gspb_text-id-gsbp-796777c \">Si vous souhaitez nous contacter directement, veuillez utiliser les coordonn\u00e9es indiqu\u00e9es, nous vous r\u00e9pondrons dans les plus brefs d\u00e9lais. Nous sommes \u00e0 votre enti\u00e8re disposition !<\/div>\n\n\n<style>#gspb_row-id-gsbp-907d08f{justify-content:space-between;margin-top:0px;margin-bottom:0px;display:flex;flex-wrap:wrap;}#gspb_row-id-gsbp-907d08f > .gspb_row__content{display:flex;justify-content:space-between;margin:0 auto;width:100%;flex-wrap:wrap;}.gspb_row{position:relative;}div[id^=gspb_col-id]{box-sizing:border-box;position:relative;}div[id^=gspb_col-id]{padding:var(--gs-row-column-padding,15px min(3vw,20px));}body.gspb-bodyfront #gspb_row-id-gsbp-907d08f > .gspb_row__content{width:var(--theme-container-width,1200px);}body.gspb-bodyfront #gspb_row-id-gsbp-907d08f > .gspb_row__content{max-width:var(--theme-normal-container-max-width,1200px);}<\/style>\n<div class=\"wp-block-greenshift-blocks-row gspb_row gspb_row-id-gsbp-907d08f\" id=\"gspb_row-id-gsbp-907d08f\"><div class=\"gspb_row__content\"> <style>#gspb_col-id-gsbp-634f38a.gspb_row__col--6{width:50%;}@media (max-width:689.98px){#gspb_col-id-gsbp-634f38a.gspb_row__col--6{width:100%;}}body #gspb_col-id-gsbp-634f38a.gspb_row__col--6{display:flex;flex-direction:column;justify-content:center;align-items:center;}<\/style>\n<div class=\"wp-block-greenshift-blocks-row-column gspb_row__col--6 gspb_col-id-gsbp-634f38a\" id=\"gspb_col-id-gsbp-634f38a\"><style>#gspb_iconBox-id-gsbp-e1f4a87 svg{width:72px;}#gspb_iconBox-id-gsbp-e1f4a87{display:flex;}@media (max-width:999.98px){#gspb_iconBox-id-gsbp-e1f4a87{justify-content:center;}}#gspb_iconBox-id-gsbp-e1f4a87 svg{height:30px!important;width:30px!important;min-width:30px!important;}#gspb_iconBox-id-gsbp-e1f4a87 svg,#gspb_iconBox-id-gsbp-e1f4a87 svg path{fill:var(--theme-link-initial-color,#2184f9) !important;}#gspb_iconBox-id-gsbp-e1f4a87 svg{margin:0px !important;}#gspb_iconBox-id-gsbp-e1f4a87 svg:hover,#gspb_iconBox-id-gsbp-e1f4a87 svg:hover path{fill:var(--theme-link-initial-color,#2184f9) !important;}#gspb_iconBox-id-gsbp-e1f4a87 svg{transform:rotateY(180deg);}#gspb_iconBox-id-gsbp-e1f4a87 .gspb_iconBox__wrapper{margin-top:0px;margin-bottom:15px;}<\/style>\n<div class=\"wp-block-greenshift-blocks-iconbox gspb_iconBox gspb_iconBox-id-gsbp-e1f4a87\" id=\"gspb_iconBox-id-gsbp-e1f4a87\"><div class=\"gspb_iconBox__wrapper\" style=\"display:inline-flex\"><svg class=\"\" style=\"display:inline-block;vertical-align:middle\" width=\"72\" height=\"72\" viewBox=\"0 0 1024 1024\" xmlns=\"http:\/\/www.w3.org\/2000\/svg\"><path style=\"fill:#565D66\" d=\"M928 128h-832c-53 0-96 43-96 96v576c0 53 43 96 96 96h832c53 0 96-43 96-96v-576c0-53-43-96-96-96zM96 192h832c17.6 0 32 14.4 32 32v82.8c-43.8 37-106.4 88-301.2 242.6-33.8 26.8-100.4 91.4-146.8 90.6-46.4 0.8-113.2-63.8-146.8-90.6-194.8-154.6-257.4-205.6-301.2-242.6v-82.8c0-17.6 14.4-32 32-32zM928 832h-832c-17.6 0-32-14.4-32-32v-410c45.6 37.4 117.6 95.2 261.4 209.4 41 32.8 113.4 105 186.6 104.6 72.8 0.6 144.6-71 186.6-104.6 143.8-114.2 215.8-172 261.4-209.4v410c0 17.6-14.4 32-32 32z\"><\/path><\/svg><\/div><\/div>\n\n\n<style>@media (max-width:999.98px){.gspb_text-id-gsbp-a6fe7af,.gspb_text-id-gsbp-a6fe7af .gsap-g-line{text-align:center!important;}}.gspb_text-id-gsbp-a6fe7af{margin-bottom:50px!important;}<\/style>\n<div id=\"gspb_text-id-gsbp-a6fe7af\" class=\"gspb_text gspb_text-id-gsbp-a6fe7af \"><a href=\"mailto:customer@phimostop.com\">customer@phimostop.com<\/a><\/div>\n\n\n<style>#gspb_iconBox-id-gsbp-a03404c svg{width:72px;}#gspb_iconBox-id-gsbp-a03404c{display:flex;}@media (max-width:999.98px){#gspb_iconBox-id-gsbp-a03404c{justify-content:center;}}#gspb_iconBox-id-gsbp-a03404c svg{height:30px!important;width:30px!important;min-width:30px!important;}#gspb_iconBox-id-gsbp-a03404c svg,#gspb_iconBox-id-gsbp-a03404c svg path{fill:var(--theme-link-initial-color,#2184f9) !important;}#gspb_iconBox-id-gsbp-a03404c svg{margin:0px !important;}#gspb_iconBox-id-gsbp-a03404c svg:hover,#gspb_iconBox-id-gsbp-a03404c svg:hover path{fill:var(--theme-link-initial-color,#2184f9) !important;}#gspb_iconBox-id-gsbp-a03404c svg{transform:rotateY(180deg);}#gspb_iconBox-id-gsbp-a03404c .gspb_iconBox__wrapper{margin-top:0px;margin-bottom:15px;}<\/style>\n<div class=\"wp-block-greenshift-blocks-iconbox gspb_iconBox gspb_iconBox-id-gsbp-a03404c\" id=\"gspb_iconBox-id-gsbp-a03404c\"><div class=\"gspb_iconBox__wrapper\" style=\"display:inline-flex\"><svg class=\"\" style=\"display:inline-block;vertical-align:middle\" width=\"72\" height=\"72\" viewBox=\"0 0 1024 1024\" xmlns=\"http:\/\/www.w3.org\/2000\/svg\"><path style=\"fill:#565D66\" d=\"M512 16c-273.914 0-496 222.166-496 496 0 273.994 222.086 496 496 496s496-222.006 496-496c0-273.834-222.086-496-496-496zM512 912c-221.064 0-400-178.862-400-400 0-220.99 178.944-400 400-400 220.982 0 400 178.942 400 400 0 221.060-178.862 400-400 400zM512 236c46.392 0 84 37.608 84 84s-37.608 84-84 84-84-37.608-84-84 37.608-84 84-84zM624 744c0 13.254-10.746 24-24 24h-176c-13.254 0-24-10.746-24-24v-48c0-13.254 10.746-24 24-24h24v-128h-24c-13.254 0-24-10.746-24-24v-48c0-13.254 10.746-24 24-24h128c13.254 0 24 10.746 24 24v200h24c13.254 0 24 10.746 24 24v48z\"><\/path><\/svg><\/div><\/div>\n\n\n\n<div id=\"gspb_text-id-gsbp-178d72b\" class=\"gspb_text gspb_text-id-gsbp-178d72b \"><a href=\"https:\/\/www.phimostop.com\/fr\/\" target=\"_blank\" rel=\"noreferrer noopener\">https:\/\/www.phimostop.com<\/a><\/div>\n<\/div>\n\n\n<style>#gspb_col-id-gsbp-9b8b115.gspb_row__col--6{width:50%;}@media (max-width:689.98px){#gspb_col-id-gsbp-9b8b115.gspb_row__col--6{width:100%;}}body #gspb_col-id-gsbp-9b8b115.gspb_row__col--6{display:flex;flex-direction:column;justify-content:center;align-items:center;}<\/style>\n<div class=\"wp-block-greenshift-blocks-row-column gspb_row__col--6 gspb_col-id-gsbp-9b8b115\" id=\"gspb_col-id-gsbp-9b8b115\"><\/div>\n <\/div><\/div>\n<\/div>\n <\/div><\/div>\n","protected":false},"excerpt":{"rendered":"","protected":false},"author":4,"featured_media":0,"parent":0,"menu_order":0,"comment_status":"closed","ping_status":"closed","template":"","meta":{"_acf_changed":false,"wl_entities_gutenberg":"","_gspb_post_css":"","footnotes":""},"wl_entity_type":[80],"class_list":["post-3195","page","type-page","status-publish","hentry","wl_entity_type-article"],"blocksy_meta":{"has_hero_section":"disabled","vertical_spacing_source":"custom","content_area_spacing":"none","styles_descriptor":{"styles":{"desktop":"","tablet":"","mobile":""},"google_fonts":[],"version":6}},"yoast_head":"<!-- This site is optimized with the Yoast SEO plugin v27.0 - https:\/\/yoast.com\/product\/yoast-seo-wordpress\/ -->\n<title>Contactez Phimostop : assistance et informations<\/title>\n<meta name=\"description\" content=\"\u00c9crivez \u00e0 Phimostop pour toute question sur le produit, les commandes, la livraison ou l\u2019utilisation du dispositif. Notre \u00e9quipe est \u00e0 votre disposition.\" \/>\n<meta name=\"robots\" content=\"index, follow, max-snippet:-1, max-image-preview:large, max-video-preview:-1\" \/>\n<link rel=\"canonical\" href=\"https:\/\/www.phimostop.com\/fr\/contact\/\" \/>\n<meta property=\"og:locale\" content=\"fr_FR\" \/>\n<meta property=\"og:type\" content=\"article\" \/>\n<meta property=\"og:title\" content=\"Contactez Phimostop : assistance et informations\" \/>\n<meta property=\"og:description\" content=\"\u00c9crivez \u00e0 Phimostop pour toute question sur le produit, les commandes, la livraison ou l\u2019utilisation du dispositif. Notre \u00e9quipe est \u00e0 votre disposition.\" \/>\n<meta property=\"og:url\" content=\"https:\/\/www.phimostop.com\/fr\/contact\/\" \/>\n<meta property=\"og:site_name\" content=\"Phimostop\" \/>\n<meta property=\"article:modified_time\" content=\"2026-02-09T16:21:35+00:00\" \/>\n<meta name=\"twitter:card\" content=\"summary_large_image\" \/>\n<meta name=\"twitter:label1\" content=\"Dur\u00e9e de lecture estim\u00e9e\" \/>\n\t<meta name=\"twitter:data1\" content=\"1 minute\" \/>\n<script type=\"application\/ld+json\" class=\"yoast-schema-graph\">{\"@context\":\"https:\/\/schema.org\",\"@graph\":[{\"@type\":\"WebPage\",\"@id\":\"https:\/\/www.phimostop.com\/fr\/contact\/\",\"url\":\"https:\/\/www.phimostop.com\/fr\/contact\/\",\"name\":\"Contactez Phimostop : assistance et informations\",\"isPartOf\":{\"@id\":\"https:\/\/www.phimostop.com\/fr\/#website\"},\"datePublished\":\"2024-01-29T16:48:23+00:00\",\"dateModified\":\"2026-02-09T16:21:35+00:00\",\"description\":\"\u00c9crivez \u00e0 Phimostop pour toute question sur le produit, les commandes, la livraison ou l\u2019utilisation du dispositif. Notre \u00e9quipe est \u00e0 votre disposition.\",\"breadcrumb\":{\"@id\":\"https:\/\/www.phimostop.com\/fr\/contact\/#breadcrumb\"},\"inLanguage\":\"fr-FR\",\"potentialAction\":[{\"@type\":\"ReadAction\",\"target\":[\"https:\/\/www.phimostop.com\/fr\/contact\/\"]}]},{\"@type\":\"BreadcrumbList\",\"@id\":\"https:\/\/www.phimostop.com\/fr\/contact\/#breadcrumb\",\"itemListElement\":[{\"@type\":\"ListItem\",\"position\":1,\"name\":\"Home\",\"item\":\"https:\/\/www.phimostop.com\/fr\/\"},{\"@type\":\"ListItem\",\"position\":2,\"name\":\"Contact\"}]},{\"@type\":\"WebSite\",\"@id\":\"https:\/\/www.phimostop.com\/fr\/#website\",\"url\":\"https:\/\/www.phimostop.com\/fr\/\",\"name\":\"Phimostop\",\"description\":\"\",\"publisher\":{\"@id\":\"https:\/\/www.phimostop.com\/fr\/#organization\"},\"potentialAction\":[{\"@type\":\"SearchAction\",\"target\":{\"@type\":\"EntryPoint\",\"urlTemplate\":\"https:\/\/www.phimostop.com\/fr\/?s={search_term_string}\"},\"query-input\":{\"@type\":\"PropertyValueSpecification\",\"valueRequired\":true,\"valueName\":\"search_term_string\"}}],\"inLanguage\":\"fr-FR\"},{\"@type\":\"Organization\",\"@id\":\"https:\/\/www.phimostop.com\/fr\/#organization\",\"name\":\"Phimomed\",\"url\":\"https:\/\/www.phimostop.com\/fr\/\",\"logo\":{\"@type\":\"ImageObject\",\"inLanguage\":\"fr-FR\",\"@id\":\"https:\/\/www.phimostop.com\/fr\/#\/schema\/logo\/image\/\",\"url\":\"https:\/\/www.phimostop.com\/wp-content\/uploads\/2025\/09\/phimo-logo-brand.png\",\"contentUrl\":\"https:\/\/www.phimostop.com\/wp-content\/uploads\/2025\/09\/phimo-logo-brand.png\",\"width\":1788,\"height\":318,\"caption\":\"Phimomed\"},\"image\":{\"@id\":\"https:\/\/www.phimostop.com\/fr\/#\/schema\/logo\/image\/\"},\"sameAs\":[\"https:\/\/www.youtube.com\/@PHIMOSTOP\"]}]}<\/script>\n<!-- \/ Yoast SEO plugin. -->","yoast_head_json":{"title":"Contactez Phimostop : assistance et informations","description":"\u00c9crivez \u00e0 Phimostop pour toute question sur le produit, les commandes, la livraison ou l\u2019utilisation du dispositif. Notre \u00e9quipe est \u00e0 votre disposition.","robots":{"index":"index","follow":"follow","max-snippet":"max-snippet:-1","max-image-preview":"max-image-preview:large","max-video-preview":"max-video-preview:-1"},"canonical":"https:\/\/www.phimostop.com\/fr\/contact\/","og_locale":"fr_FR","og_type":"article","og_title":"Contactez Phimostop : assistance et informations","og_description":"\u00c9crivez \u00e0 Phimostop pour toute question sur le produit, les commandes, la livraison ou l\u2019utilisation du dispositif. Notre \u00e9quipe est \u00e0 votre disposition.","og_url":"https:\/\/www.phimostop.com\/fr\/contact\/","og_site_name":"Phimostop","article_modified_time":"2026-02-09T16:21:35+00:00","twitter_card":"summary_large_image","twitter_misc":{"Dur\u00e9e de lecture estim\u00e9e":"1 minute"},"schema":{"@context":"https:\/\/schema.org","@graph":[{"@type":"WebPage","@id":"https:\/\/www.phimostop.com\/fr\/contact\/","url":"https:\/\/www.phimostop.com\/fr\/contact\/","name":"Contactez Phimostop : assistance et informations","isPartOf":{"@id":"https:\/\/www.phimostop.com\/fr\/#website"},"datePublished":"2024-01-29T16:48:23+00:00","dateModified":"2026-02-09T16:21:35+00:00","description":"\u00c9crivez \u00e0 Phimostop pour toute question sur le produit, les commandes, la livraison ou l\u2019utilisation du dispositif. Notre \u00e9quipe est \u00e0 votre disposition.","breadcrumb":{"@id":"https:\/\/www.phimostop.com\/fr\/contact\/#breadcrumb"},"inLanguage":"fr-FR","potentialAction":[{"@type":"ReadAction","target":["https:\/\/www.phimostop.com\/fr\/contact\/"]}]},{"@type":"BreadcrumbList","@id":"https:\/\/www.phimostop.com\/fr\/contact\/#breadcrumb","itemListElement":[{"@type":"ListItem","position":1,"name":"Home","item":"https:\/\/www.phimostop.com\/fr\/"},{"@type":"ListItem","position":2,"name":"Contact"}]},{"@type":"WebSite","@id":"https:\/\/www.phimostop.com\/fr\/#website","url":"https:\/\/www.phimostop.com\/fr\/","name":"Phimostop","description":"","publisher":{"@id":"https:\/\/www.phimostop.com\/fr\/#organization"},"potentialAction":[{"@type":"SearchAction","target":{"@type":"EntryPoint","urlTemplate":"https:\/\/www.phimostop.com\/fr\/?s={search_term_string}"},"query-input":{"@type":"PropertyValueSpecification","valueRequired":true,"valueName":"search_term_string"}}],"inLanguage":"fr-FR"},{"@type":"Organization","@id":"https:\/\/www.phimostop.com\/fr\/#organization","name":"Phimomed","url":"https:\/\/www.phimostop.com\/fr\/","logo":{"@type":"ImageObject","inLanguage":"fr-FR","@id":"https:\/\/www.phimostop.com\/fr\/#\/schema\/logo\/image\/","url":"https:\/\/www.phimostop.com\/wp-content\/uploads\/2025\/09\/phimo-logo-brand.png","contentUrl":"https:\/\/www.phimostop.com\/wp-content\/uploads\/2025\/09\/phimo-logo-brand.png","width":1788,"height":318,"caption":"Phimomed"},"image":{"@id":"https:\/\/www.phimostop.com\/fr\/#\/schema\/logo\/image\/"},"sameAs":["https:\/\/www.youtube.com\/@PHIMOSTOP"]}]}},"_wl_alt_label":[],"acf":[],"wl:entity_url":"https:\/\/data.wordlift.io\/wl161614\/page\/contatti-3","_links":{"self":[{"href":"https:\/\/www.phimostop.com\/fr\/wp-json\/wp\/v2\/pages\/3195","targetHints":{"allow":["GET"]}}],"collection":[{"href":"https:\/\/www.phimostop.com\/fr\/wp-json\/wp\/v2\/pages"}],"about":[{"href":"https:\/\/www.phimostop.com\/fr\/wp-json\/wp\/v2\/types\/page"}],"author":[{"embeddable":true,"href":"https:\/\/www.phimostop.com\/fr\/wp-json\/wp\/v2\/users\/4"}],"replies":[{"embeddable":true,"href":"https:\/\/www.phimostop.com\/fr\/wp-json\/wp\/v2\/comments?post=3195"}],"version-history":[{"count":3,"href":"https:\/\/www.phimostop.com\/fr\/wp-json\/wp\/v2\/pages\/3195\/revisions"}],"predecessor-version":[{"id":5237,"href":"https:\/\/www.phimostop.com\/fr\/wp-json\/wp\/v2\/pages\/3195\/revisions\/5237"}],"wp:attachment":[{"href":"https:\/\/www.phimostop.com\/fr\/wp-json\/wp\/v2\/media?parent=3195"}],"wp:term":[{"taxonomy":"wl_entity_type","embeddable":true,"href":"https:\/\/www.phimostop.com\/fr\/wp-json\/wp\/v2\/wl_entity_type?post=3195"}],"curies":[{"name":"wp","href":"https:\/\/api.w.org\/{rel}","templated":true}]}}