{"id":2915,"date":"2025-09-19T15:27:37","date_gmt":"2025-09-19T15:27:37","guid":{"rendered":"https:\/\/www.phimostop.com\/privacy-policy\/"},"modified":"2026-02-24T12:11:31","modified_gmt":"2026-02-24T11:11:31","slug":"privacy-policy","status":"publish","type":"page","link":"https:\/\/www.phimostop.com\/fr\/privacy-policy\/","title":{"rendered":"Privacy Policy"},"content":{"rendered":"\n<p><strong>Politique de confidentialit\u00e9 conform\u00e9ment au r\u00e8glement (UE) 2016\/679 <\/strong><\/p>\n\n\n\n<p><strong>relatif \u00e0 la protection des donn\u00e9es \u00e0 caract\u00e8re personnel<\/strong><\/p>\n\n\n\n<p><strong>1. Objet<\/strong><\/p>\n\n\n\n<p>La pr\u00e9sente politique (\u00ab<strong>Politique de confidentialit\u00e9 <\/strong>\u00bb) est fournie conform\u00e9ment aux article 13 du R\u00e8glement (UE) 2016\/679 (ci-apr\u00e8s le \u00ab <strong>RGPD<\/strong> \u00bb) afin de vous informer sur le traitement de vos donn\u00e9es \u00e0 caract\u00e8re personnel (ci-apr\u00e8s les \u00ab <strong>Donn\u00e9es \u00e0 caract\u00e8re personnel <\/strong>\u00bb) effectu\u00e9 lorsque vous interagissez avec le site web www.phimostop.com (ci-apr\u00e8s le \u00ab <strong>Site<\/strong> \u00bb).<\/p>\n\n\n\n<p><strong>2. Responsable du traitement et <\/strong><strong><em>d\u00e9l\u00e9gu\u00e9 \u00e0 la protection des donn\u00e9es<\/em><\/strong><\/p>\n\n\n\n<p>Vos Donn\u00e9es personnelles sont trait\u00e9es par Phimomed S.r.l. C.F. et P. IVA 12625111005, dont le si\u00e8ge social est situ\u00e9 \u00e0 Rome, Via Cicerone, 60, PEC phimomed@legalmail.it (ci-apr\u00e8s d\u00e9nomm\u00e9e la<strong> <\/strong>\u00ab <strong>Soci\u00e9t\u00e9<\/strong> \u00bb ou le \u00ab <strong>Responsable<\/strong> \u00bb).<\/p>\n\n\n\n<p>Pour toute information sur le traitement des donn\u00e9es personnelles et pour exercer vos droits, vous pouvez contacter le responsable de la protection des donn\u00e9es d\u00e9sign\u00e9 par le responsable du traitement conform\u00e9ment \u00e0 l&rsquo;article 37 du RGPD (ci-apr\u00e8s d\u00e9nomm\u00e9 <strong><em>\u00ab d\u00e9l\u00e9gu\u00e9 \u00e0 la protection des donn\u00e9es <\/em><\/strong>\u00bb ou \u00ab <strong>DPO<\/strong> \u00bb). Vous pouvez contacter le <em>d\u00e9l\u00e9gu\u00e9 \u00e0 la protection des donn\u00e9es<\/em> \u00e0 tout moment \u00e0 l&rsquo;adresse \u00e9lectronique suivante : dpo@phimomed.com. <\/p>\n\n\n\n<p><strong>3. Cat\u00e9gories de donn\u00e9es faisant l&rsquo;objet du traitement<\/strong><\/p>\n\n\n\n<p>Les donn\u00e9es personnelles trait\u00e9es par le Responsable du traitement comprennent :<\/p>\n\n\n\n<p>Donn\u00e9es d&rsquo;utilisation relatives \u00e0 l&rsquo;interaction avec le Site, telles que, \u00e0 titre d&rsquo;exemple, des informations sur l&rsquo;appareil utilis\u00e9, des statistiques sur les sessions et le nombre d&rsquo;utilisateurs, les \u00e9v\u00e9nements li\u00e9s \u00e0 la pression des touches, les clics effectu\u00e9s, les \u00e9v\u00e9nements li\u00e9s aux capteurs de mouvement, les mouvements de la souris, la position et le mode de d\u00e9filement de la page, la langue d\u00e9finie.<\/p>\n\n\n\n<p>Donn\u00e9es de paiement n\u00e9cessaires \u00e0 la gestion des achats et des transactions, telles que l&rsquo;adresse e-mail, le nom, le pr\u00e9nom, le nom d&rsquo;utilisateur, le num\u00e9ro de t\u00e9l\u00e9phone, les informations de paiement, l&rsquo;historique des achats effectu\u00e9s, l&rsquo;adresse de facturation.<\/p>\n\n\n\n<p>Donn\u00e9es relatives \u00e0 la sant\u00e9 : le Responsable du traitement ne collecte ni ne traite directement les donn\u00e9es relatives \u00e0 la sant\u00e9. Toutefois, \u00e0 titre purement potentiel, certaines informations relatives \u00e0 votre \u00e9tat de sant\u00e9 ou \u00e0 celui de tiers pourraient \u00eatre d\u00e9duites indirectement des cat\u00e9gories de produits achet\u00e9s.<\/p>\n\n\n\n<p><strong>4. Cookies et autres syst\u00e8mes de suivi<\/strong><\/p>\n\n\n\n<p><em>Les cookies <\/em>sont de petits morceaux de code que les sites visit\u00e9s par l&rsquo;utilisateur envoient au <em>navigateur<\/em>, o\u00f9 ils sont stock\u00e9s pour \u00eatre ensuite retransmis aux m\u00eames sites pendant la navigation ou lors de la prochaine visite du m\u00eame utilisateur. Au cours de la navigation, l&rsquo;utilisateur peut \u00e9galement recevoir sur son appareil des<em> cookies <\/em>envoy\u00e9s par d&rsquo;autres sites ou <em>serveurs web <\/em>(appel\u00e9s \u00ab tiers \u00bb), sur lesquels peuvent se trouver certains \u00e9l\u00e9ments (tels que des images, des cartes, des sons, <em>des liens<\/em> sp\u00e9cifiques vers des pages d&rsquo;autres domaines) pr\u00e9sents sur le site que l&rsquo;utilisateur est en train de visiter. Ainsi, par exemple, les <em>cookies <\/em>permettent et\/ou facilitent l&rsquo;acc\u00e8s \u00e0 certaines pages <em>Internet <\/em>afin d&rsquo;am\u00e9liorer la navigation de l&rsquo;utilisateur (c&rsquo;est-\u00e0-dire qu&rsquo;ils permettent de m\u00e9moriser les pages visit\u00e9es et d&rsquo;autres informations sp\u00e9cifiques, telles que les pages consult\u00e9es le plus fr\u00e9quemment, les erreurs de connexion, etc.), ou permettent des activit\u00e9s de profilage.<\/p>\n\n\n\n<p>Pour plus d&rsquo;informations sur l&rsquo;utilisation des cookies sur le site, vous pouvez consulter la <a href=\"https:\/\/www.phimostop.com\/fr\/cookie-policy\/\">Politique en mati\u00e8re de cookies<\/a>.<\/p>\n\n\n\n<p><strong>5<\/strong><strong>. Finalit\u00e9s et base juridique du traitement<\/strong><\/p>\n\n\n\n<p>Les donn\u00e9es \u00e0 caract\u00e8re personnel sont trait\u00e9es :<\/p>\n\n\n\n<p>afin de permettre l&rsquo;achat des produits propos\u00e9s sur le Site, ainsi que pour garantir la bonne prestation des services connexes et la gestion des paiements, conform\u00e9ment \u00e0 l&rsquo;art. 6, par. 1, lettre b) du RGPD ;<\/p>\n\n\n\n<p>sur la base de votre consentement explicite, conform\u00e9ment \u00e0 l&rsquo;art. 9, paragraphe 2, lettre a) du RGPD, si l&rsquo;achat de certains produits peut permettre de d\u00e9duire indirectement des informations relevant de cat\u00e9gories particuli\u00e8res de donn\u00e9es \u00e0 caract\u00e8re personnel (donn\u00e9es relatives \u00e0 la sant\u00e9). Le refus de consentir n&rsquo;affecte pas la possibilit\u00e9 de naviguer sur le Site, mais peut emp\u00eacher l&rsquo;achat de certaines cat\u00e9gories de produits.<\/p>\n\n\n\n<p>pour remplir les obligations l\u00e9gales auxquelles le Responsable du traitement est soumis, par exemple en mati\u00e8re comptable et fiscale, conform\u00e9ment \u00e0 l&rsquo;art. 6 (1), lettre c) du RGPD ;<\/p>\n\n\n\n<p>afin de satisfaire l&rsquo;int\u00e9r\u00eat l\u00e9gitime du Responsable \u00e0 garantir la s\u00e9curit\u00e9 et le bon fonctionnement du Site, conform\u00e9ment \u00e0 l&rsquo;art. 6 (1), lettre f) du RGPD ;<\/p>\n\n\n\n<p><strong>6<\/strong><strong>. Nature de la fourniture des donn\u00e9es \u00e0 caract\u00e8re personnel et cons\u00e9quences d&rsquo;un \u00e9ventuel refus de r\u00e9pondre<\/strong><\/p>\n\n\n\n<p>La fourniture des donn\u00e9es \u00e0 caract\u00e8re personnel est facultative. Toutefois, certaines donn\u00e9es \u00e0 caract\u00e8re personnel sont n\u00e9cessaires pour nous permettre de fournir les services que vous demandez et de remplir les obligations l\u00e9gales auxquelles nous sommes soumis. Le fait de ne pas fournir ces informations vous emp\u00eachera de b\u00e9n\u00e9ficier des services propos\u00e9s par le Site. <\/p>\n\n\n\n<p><strong>7<\/strong><strong>. Modalit\u00e9s du traitement<\/strong><\/p>\n\n\n\n<p>Le traitement des donn\u00e9es personnelles sera effectu\u00e9 &#8211; selon les principes d&rsquo;\u00e9quit\u00e9, de lic\u00e9it\u00e9 et de transparence &#8211; \u00e0 l&rsquo;aide de supports et\/ou d&rsquo;outils informatiques, manuels et\/ou t\u00e9l\u00e9matiques, selon des logiques strictement li\u00e9es aux finalit\u00e9s du traitement et, dans tous les cas, en garantissant la confidentialit\u00e9 et la s\u00e9curit\u00e9 des donn\u00e9es elles-m\u00eames et le respect des obligations sp\u00e9cifiques pr\u00e9vues par la loi. La disponibilit\u00e9, la gestion, l&rsquo;acc\u00e8s, la conservation et l&rsquo;utilisabilit\u00e9 des donn\u00e9es vous concernant sont garantis par l&rsquo;adoption de mesures techniques et organisationnelles visant \u00e0 assurer des niveaux de s\u00e9curit\u00e9 appropri\u00e9s conform\u00e9ment aux articles 25 et 32 du RGPD, ainsi que, en relation avec les finalit\u00e9s sp\u00e9cifiques du traitement identifi\u00e9es par la r\u00e9glementation sur la protection des donn\u00e9es \u00e0 caract\u00e8re personnel, afin d&rsquo;assurer la conformit\u00e9 avec les mesures de garantie du Garant pour la protection des donn\u00e9es \u00e0 caract\u00e8re personnel et les dispositions pertinentes du secteur conform\u00e9ment au droit de l&rsquo;Union europ\u00e9enne et au droit national (par exemple, les dispositions sp\u00e9cifiques en mati\u00e8re de communications commerciales). Le traitement est effectu\u00e9 par des personnes internes \u00e0 l&rsquo;organisation du Responsable du traitement, sp\u00e9cialement autoris\u00e9es et form\u00e9es, dans le plein respect de l&rsquo;article 29 du RGPD. Dans tous les cas, la s\u00e9curit\u00e9 logique et physique et la confidentialit\u00e9 des informations trait\u00e9es seront garanties.<\/p>\n\n\n\n<p><strong>8<\/strong><strong>. Conservation des donn\u00e9es \u00e0 caract\u00e8re personnel<\/strong><\/p>\n\n\n\n<p>Les donn\u00e9es \u00e0 caract\u00e8re personnel ne seront conserv\u00e9es que pendant la dur\u00e9e strictement n\u00e9cessaire aux fins pour lesquelles elles ont \u00e9t\u00e9 collect\u00e9es, dans le respect du principe de minimisation vis\u00e9 \u00e0 l&rsquo;article 5, paragraphe 1, point c), du RGPD.<\/p>\n\n\n\n<p>Vos donn\u00e9es seront trait\u00e9es pendant une p\u00e9riode minimale n\u00e9cessaire \u00e0 l&rsquo;accomplissement des obligations l\u00e9gales, \u00e0 moins qu&rsquo;il ne soit n\u00e9cessaire de les conserver plus longtemps pour d\u00e9fendre ou faire valoir un droit ou pour remplir d&rsquo;autres obligations l\u00e9gales ou ordonnances des autorit\u00e9s. En particulier, les donn\u00e9es relatives aux paiements et \u00e0 la facturation seront conserv\u00e9es pendant 10 ans, conform\u00e9ment \u00e0 la l\u00e9gislation civile et fiscale en vigueur.<\/p>\n\n\n\n<p><strong>9<\/strong><strong>. <\/strong><strong>Destinataires des donn\u00e9es \u00e0 caract\u00e8re personnel<\/strong><\/p>\n\n\n\n<p>Vos donn\u00e9es peuvent \u00eatre partag\u00e9es avec : les employ\u00e9s et collaborateurs du Responsable du traitement, d\u00e9sign\u00e9s comme responsables du traitement, conform\u00e9ment \u00e0 l&rsquo;article 29 du RGPD ; des tiers auxquels le Responsable du traitement fait appel pour la fourniture de services, qui agissent en tant que sous-traitants au sens de l&rsquo;article 28 du R\u00e8glement ; des personnes, organismes ou autorit\u00e9s, responsables autonomes du traitement, auxquels il est obligatoire de communiquer vos donn\u00e9es personnelles en vertu de dispositions l\u00e9gales ou d&rsquo;ordonnances des autorit\u00e9s.<\/p>\n\n\n\n<p><strong>10. Transfert de donn\u00e9es \u00e0 caract\u00e8re personnel hors de l&rsquo;UE<\/strong><\/p>\n\n\n\n<p>Les donn\u00e9es \u00e0 caract\u00e8re personnel peuvent faire l&rsquo;objet d&rsquo;un transfert vers des pays tiers \u00e0 l&rsquo;Union europ\u00e9enne. Ce transfert n&rsquo;aura lieu que vers des pays qui garantissent un niveau de protection ad\u00e9quat selon la Commission europ\u00e9enne (par exemple, la Suisse, le Canada, le Japon ou l&rsquo;Argentine) ou, dans tous les cas, apr\u00e8s l&rsquo;adoption de garanties ad\u00e9quates, telles que la signature de clauses contractuelles types approuv\u00e9es par la Commission europ\u00e9enne ou la s\u00e9lection de personnes adh\u00e9rant \u00e0 des programmes internationaux pour la libre circulation des donn\u00e9es.<\/p>\n\n\n\n<p><strong>11<\/strong><strong>. Droits de la personne concern\u00e9e<\/strong><\/p>\n\n\n\n<p>Vous pouvez, \u00e0 tout moment, exercer les droits vis\u00e9s aux articles 15 \u00e0 22 du RGPD et notamment obtenir :<\/p>\n\n\n\n<p>la confirmation que des donn\u00e9es \u00e0 caract\u00e8re personnel vous concernant sont ou ne sont pas trait\u00e9es et d&rsquo;acc\u00e9der aux donn\u00e9es et aux informations suivantes : finalit\u00e9s du traitement, cat\u00e9gories de donn\u00e9es \u00e0 caract\u00e8re personnel, destinataires et\/ou cat\u00e9gories de destinataires, dur\u00e9e de conservation ;<\/p>\n\n\n\n<p>la rectification des donn\u00e9es \u00e0 caract\u00e8re personnel inexactes vous concernant et\/ou l&rsquo;int\u00e9gration des donn\u00e9es \u00e0 caract\u00e8re personnel incompl\u00e8tes, y compris en fournissant une d\u00e9claration compl\u00e9mentaire ;<\/p>\n\n\n\n<p>la suppression des donn\u00e9es \u00e0 caract\u00e8re personnel, dans les cas pr\u00e9vus par le RGPD ;<\/p>\n\n\n\n<p>la limitation du traitement dans les cas pr\u00e9vus par la l\u00e9gislation en vigueur en mati\u00e8re de confidentialit\u00e9 ;<\/p>\n\n\n\n<p>la portabilit\u00e9 des donn\u00e9es vous concernant et, en particulier, la possibilit\u00e9 de demander les donn\u00e9es personnelles fournies au Responsable du traitement et\/ou de demander la transmission directe de vos donn\u00e9es \u00e0 un autre Responsable du traitement.<\/p>\n\n\n\n<p>En outre, vous avez le droit de retirer \u00e0 tout moment votre consentement, sans pr\u00e9judice de la lic\u00e9it\u00e9 du traitement fond\u00e9 sur le consentement avant le retrait, ainsi que le droit de vous opposer \u00e0 tout moment au traitement des donn\u00e9es \u00e0 caract\u00e8re personnel, conform\u00e9ment \u00e0 l&rsquo;article 21 du RGPD. <\/p>\n\n\n\n<p>Si vous estimez que le traitement des donn\u00e9es \u00e0 caract\u00e8re personnel est contraire aux dispositions du r\u00e8glement, vous avez le droit d&rsquo;introduire une r\u00e9clamation aupr\u00e8s de l&rsquo;autorit\u00e9 de contr\u00f4le comp\u00e9tente en mati\u00e8re de protection des donn\u00e9es \u00e0 caract\u00e8re personnel, conform\u00e9ment \u00e0 l&rsquo;article 77 du RGPD, ou de saisir les tribunaux comp\u00e9tents.<\/p>\n\n\n\n<p>Les demandes d&rsquo;exercice des droits susmentionn\u00e9s doivent \u00eatre adress\u00e9es au Responsable du traitement ou au DPO, aux coordonn\u00e9es indiqu\u00e9es au paragraphe n\u00b0 2 de la Politique de confidentialit\u00e9.<\/p>\n\n\n\n<p>Derni\u00e8re mise \u00e0 jour : 24\/02\/2026<\/p>\n","protected":false},"excerpt":{"rendered":"<p>Politique de confidentialit\u00e9 conform\u00e9ment au r\u00e8glement (UE) 2016\/679 relatif \u00e0 la protection des donn\u00e9es \u00e0 caract\u00e8re personnel 1. Objet La pr\u00e9sente politique (\u00abPolitique de confidentialit\u00e9 \u00bb) est fournie conform\u00e9ment aux article 13 du R\u00e8glement (UE) 2016\/679 (ci-apr\u00e8s le \u00ab RGPD \u00bb) afin de vous informer sur le traitement de vos donn\u00e9es \u00e0 caract\u00e8re personnel (ci-apr\u00e8s [&hellip;]<\/p>\n","protected":false},"author":1,"featured_media":0,"parent":0,"menu_order":0,"comment_status":"closed","ping_status":"closed","template":"","meta":{"_acf_changed":false,"wl_entities_gutenberg":"","_gspb_post_css":"","footnotes":""},"wl_entity_type":[80],"class_list":["post-2915","page","type-page","status-publish","hentry","wl_entity_type-article"],"blocksy_meta":[],"yoast_head":"<!-- This site is optimized with the Yoast SEO plugin v27.0 - https:\/\/yoast.com\/product\/yoast-seo-wordpress\/ -->\n<title>Politique de confidentialit\u00e9 et protection des donn\u00e9es | Phimostop<\/title>\n<meta name=\"description\" content=\"Informez-vous sur la mani\u00e8re dont Phimostop collecte, utilise et prot\u00e8ge vos donn\u00e9es personnelles, en conformit\u00e9 avec le RGPD, ainsi que sur vos droits en mati\u00e8re de confidentialit\u00e9.\" \/>\n<meta name=\"robots\" content=\"index, follow, max-snippet:-1, max-image-preview:large, max-video-preview:-1\" \/>\n<link rel=\"canonical\" href=\"https:\/\/www.phimostop.com\/fr\/privacy-policy\/\" \/>\n<meta property=\"og:locale\" content=\"fr_FR\" \/>\n<meta property=\"og:type\" content=\"article\" \/>\n<meta property=\"og:title\" content=\"Politique de confidentialit\u00e9 et protection des donn\u00e9es | Phimostop\" \/>\n<meta property=\"og:description\" content=\"Informez-vous sur la mani\u00e8re dont Phimostop collecte, utilise et prot\u00e8ge vos donn\u00e9es personnelles, en conformit\u00e9 avec le RGPD, ainsi que sur vos droits en mati\u00e8re de confidentialit\u00e9.\" \/>\n<meta property=\"og:url\" content=\"https:\/\/www.phimostop.com\/fr\/privacy-policy\/\" \/>\n<meta property=\"og:site_name\" content=\"Phimostop\" \/>\n<meta property=\"article:modified_time\" content=\"2026-02-24T11:11:31+00:00\" \/>\n<meta name=\"twitter:card\" content=\"summary_large_image\" \/>\n<meta name=\"twitter:label1\" content=\"Dur\u00e9e de lecture estim\u00e9e\" \/>\n\t<meta name=\"twitter:data1\" content=\"1 minute\" \/>\n<script type=\"application\/ld+json\" class=\"yoast-schema-graph\">{\"@context\":\"https:\/\/schema.org\",\"@graph\":[{\"@type\":\"WebPage\",\"@id\":\"https:\/\/www.phimostop.com\/fr\/privacy-policy\/\",\"url\":\"https:\/\/www.phimostop.com\/fr\/privacy-policy\/\",\"name\":\"Politique de confidentialit\u00e9 et protection des donn\u00e9es | Phimostop\",\"isPartOf\":{\"@id\":\"https:\/\/www.phimostop.com\/fr\/#website\"},\"datePublished\":\"2025-09-19T15:27:37+00:00\",\"dateModified\":\"2026-02-24T11:11:31+00:00\",\"description\":\"Informez-vous sur la mani\u00e8re dont Phimostop collecte, utilise et prot\u00e8ge vos donn\u00e9es personnelles, en conformit\u00e9 avec le RGPD, ainsi que sur vos droits en mati\u00e8re de confidentialit\u00e9.\",\"breadcrumb\":{\"@id\":\"https:\/\/www.phimostop.com\/fr\/privacy-policy\/#breadcrumb\"},\"inLanguage\":\"fr-FR\",\"potentialAction\":[{\"@type\":\"ReadAction\",\"target\":[\"https:\/\/www.phimostop.com\/fr\/privacy-policy\/\"]}]},{\"@type\":\"BreadcrumbList\",\"@id\":\"https:\/\/www.phimostop.com\/fr\/privacy-policy\/#breadcrumb\",\"itemListElement\":[{\"@type\":\"ListItem\",\"position\":1,\"name\":\"Home\",\"item\":\"https:\/\/www.phimostop.com\/fr\/\"},{\"@type\":\"ListItem\",\"position\":2,\"name\":\"Privacy Policy\"}]},{\"@type\":\"WebSite\",\"@id\":\"https:\/\/www.phimostop.com\/fr\/#website\",\"url\":\"https:\/\/www.phimostop.com\/fr\/\",\"name\":\"Phimostop\",\"description\":\"\",\"publisher\":{\"@id\":\"https:\/\/www.phimostop.com\/fr\/#organization\"},\"potentialAction\":[{\"@type\":\"SearchAction\",\"target\":{\"@type\":\"EntryPoint\",\"urlTemplate\":\"https:\/\/www.phimostop.com\/fr\/?s={search_term_string}\"},\"query-input\":{\"@type\":\"PropertyValueSpecification\",\"valueRequired\":true,\"valueName\":\"search_term_string\"}}],\"inLanguage\":\"fr-FR\"},{\"@type\":\"Organization\",\"@id\":\"https:\/\/www.phimostop.com\/fr\/#organization\",\"name\":\"Phimomed\",\"url\":\"https:\/\/www.phimostop.com\/fr\/\",\"logo\":{\"@type\":\"ImageObject\",\"inLanguage\":\"fr-FR\",\"@id\":\"https:\/\/www.phimostop.com\/fr\/#\/schema\/logo\/image\/\",\"url\":\"https:\/\/www.phimostop.com\/wp-content\/uploads\/2025\/09\/phimo-logo-brand.png\",\"contentUrl\":\"https:\/\/www.phimostop.com\/wp-content\/uploads\/2025\/09\/phimo-logo-brand.png\",\"width\":1788,\"height\":318,\"caption\":\"Phimomed\"},\"image\":{\"@id\":\"https:\/\/www.phimostop.com\/fr\/#\/schema\/logo\/image\/\"},\"sameAs\":[\"https:\/\/www.youtube.com\/@PHIMOSTOP\"]}]}<\/script>\n<!-- \/ Yoast SEO plugin. -->","yoast_head_json":{"title":"Politique de confidentialit\u00e9 et protection des donn\u00e9es | Phimostop","description":"Informez-vous sur la mani\u00e8re dont Phimostop collecte, utilise et prot\u00e8ge vos donn\u00e9es personnelles, en conformit\u00e9 avec le RGPD, ainsi que sur vos droits en mati\u00e8re de confidentialit\u00e9.","robots":{"index":"index","follow":"follow","max-snippet":"max-snippet:-1","max-image-preview":"max-image-preview:large","max-video-preview":"max-video-preview:-1"},"canonical":"https:\/\/www.phimostop.com\/fr\/privacy-policy\/","og_locale":"fr_FR","og_type":"article","og_title":"Politique de confidentialit\u00e9 et protection des donn\u00e9es | Phimostop","og_description":"Informez-vous sur la mani\u00e8re dont Phimostop collecte, utilise et prot\u00e8ge vos donn\u00e9es personnelles, en conformit\u00e9 avec le RGPD, ainsi que sur vos droits en mati\u00e8re de confidentialit\u00e9.","og_url":"https:\/\/www.phimostop.com\/fr\/privacy-policy\/","og_site_name":"Phimostop","article_modified_time":"2026-02-24T11:11:31+00:00","twitter_card":"summary_large_image","twitter_misc":{"Dur\u00e9e de lecture estim\u00e9e":"1 minute"},"schema":{"@context":"https:\/\/schema.org","@graph":[{"@type":"WebPage","@id":"https:\/\/www.phimostop.com\/fr\/privacy-policy\/","url":"https:\/\/www.phimostop.com\/fr\/privacy-policy\/","name":"Politique de confidentialit\u00e9 et protection des donn\u00e9es | Phimostop","isPartOf":{"@id":"https:\/\/www.phimostop.com\/fr\/#website"},"datePublished":"2025-09-19T15:27:37+00:00","dateModified":"2026-02-24T11:11:31+00:00","description":"Informez-vous sur la mani\u00e8re dont Phimostop collecte, utilise et prot\u00e8ge vos donn\u00e9es personnelles, en conformit\u00e9 avec le RGPD, ainsi que sur vos droits en mati\u00e8re de confidentialit\u00e9.","breadcrumb":{"@id":"https:\/\/www.phimostop.com\/fr\/privacy-policy\/#breadcrumb"},"inLanguage":"fr-FR","potentialAction":[{"@type":"ReadAction","target":["https:\/\/www.phimostop.com\/fr\/privacy-policy\/"]}]},{"@type":"BreadcrumbList","@id":"https:\/\/www.phimostop.com\/fr\/privacy-policy\/#breadcrumb","itemListElement":[{"@type":"ListItem","position":1,"name":"Home","item":"https:\/\/www.phimostop.com\/fr\/"},{"@type":"ListItem","position":2,"name":"Privacy Policy"}]},{"@type":"WebSite","@id":"https:\/\/www.phimostop.com\/fr\/#website","url":"https:\/\/www.phimostop.com\/fr\/","name":"Phimostop","description":"","publisher":{"@id":"https:\/\/www.phimostop.com\/fr\/#organization"},"potentialAction":[{"@type":"SearchAction","target":{"@type":"EntryPoint","urlTemplate":"https:\/\/www.phimostop.com\/fr\/?s={search_term_string}"},"query-input":{"@type":"PropertyValueSpecification","valueRequired":true,"valueName":"search_term_string"}}],"inLanguage":"fr-FR"},{"@type":"Organization","@id":"https:\/\/www.phimostop.com\/fr\/#organization","name":"Phimomed","url":"https:\/\/www.phimostop.com\/fr\/","logo":{"@type":"ImageObject","inLanguage":"fr-FR","@id":"https:\/\/www.phimostop.com\/fr\/#\/schema\/logo\/image\/","url":"https:\/\/www.phimostop.com\/wp-content\/uploads\/2025\/09\/phimo-logo-brand.png","contentUrl":"https:\/\/www.phimostop.com\/wp-content\/uploads\/2025\/09\/phimo-logo-brand.png","width":1788,"height":318,"caption":"Phimomed"},"image":{"@id":"https:\/\/www.phimostop.com\/fr\/#\/schema\/logo\/image\/"},"sameAs":["https:\/\/www.youtube.com\/@PHIMOSTOP"]}]}},"_wl_alt_label":[],"acf":[],"wl:entity_url":"https:\/\/data.wordlift.io\/wl161614\/page\/privacy-policy-3","_links":{"self":[{"href":"https:\/\/www.phimostop.com\/fr\/wp-json\/wp\/v2\/pages\/2915","targetHints":{"allow":["GET"]}}],"collection":[{"href":"https:\/\/www.phimostop.com\/fr\/wp-json\/wp\/v2\/pages"}],"about":[{"href":"https:\/\/www.phimostop.com\/fr\/wp-json\/wp\/v2\/types\/page"}],"author":[{"embeddable":true,"href":"https:\/\/www.phimostop.com\/fr\/wp-json\/wp\/v2\/users\/1"}],"replies":[{"embeddable":true,"href":"https:\/\/www.phimostop.com\/fr\/wp-json\/wp\/v2\/comments?post=2915"}],"version-history":[{"count":3,"href":"https:\/\/www.phimostop.com\/fr\/wp-json\/wp\/v2\/pages\/2915\/revisions"}],"predecessor-version":[{"id":3035,"href":"https:\/\/www.phimostop.com\/fr\/wp-json\/wp\/v2\/pages\/2915\/revisions\/3035"}],"wp:attachment":[{"href":"https:\/\/www.phimostop.com\/fr\/wp-json\/wp\/v2\/media?parent=2915"}],"wp:term":[{"taxonomy":"wl_entity_type","embeddable":true,"href":"https:\/\/www.phimostop.com\/fr\/wp-json\/wp\/v2\/wl_entity_type?post=2915"}],"curies":[{"name":"wp","href":"https:\/\/api.w.org\/{rel}","templated":true}]}}