{"id":2910,"date":"2025-10-07T16:30:29","date_gmt":"2025-10-07T16:30:29","guid":{"rendered":"https:\/\/www.phimostop.com\/cookie-policy\/"},"modified":"2025-12-01T17:58:37","modified_gmt":"2025-12-01T17:58:37","slug":"cookie-policy","status":"publish","type":"page","link":"https:\/\/www.phimostop.com\/fr\/cookie-policy\/","title":{"rendered":"Cookie Policy"},"content":{"rendered":"<p><iframe loading=\"lazy\" src=\"https:\/\/www.iubenda.com\/privacy-policy\/24502061\/cookie-policy\" width=\"100%\" height=\"600\" style=\"border:0;\"><\/p>\n<p>Il tuo browser non supporta gli iframe. Visualizza la <a href=\"https:\/\/www.iubenda.com\/privacy-policy\/24502061\/cookie-policy\">Cookie Policy<\/a>.<\/p>\n<p><\/iframe><\/p>\n","protected":false},"excerpt":{"rendered":"","protected":false},"author":4,"featured_media":0,"parent":0,"menu_order":0,"comment_status":"closed","ping_status":"closed","template":"","meta":{"_acf_changed":false,"wl_entities_gutenberg":"","_gspb_post_css":"","footnotes":""},"wl_entity_type":[80],"class_list":["post-2910","page","type-page","status-publish","hentry","wl_entity_type-article"],"blocksy_meta":[],"yoast_head":"<!-- This site is optimized with the Yoast SEO plugin v27.0 - https:\/\/yoast.com\/product\/yoast-seo-wordpress\/ -->\n<title>Politique de cookies et pr\u00e9f\u00e9rences de suivi | Phimostop<\/title>\n<meta name=\"description\" content=\"D\u00e9couvrez comment Phimostop utilise les cookies et technologies similaires, \u00e0 quelles fins ils sont employ\u00e9s et comment g\u00e9rer ou modifier vos pr\u00e9f\u00e9rences \u00e0 tout moment.\" \/>\n<meta name=\"robots\" content=\"index, follow, max-snippet:-1, max-image-preview:large, max-video-preview:-1\" \/>\n<link rel=\"canonical\" href=\"https:\/\/www.phimostop.com\/fr\/cookie-policy\/\" \/>\n<meta property=\"og:locale\" content=\"fr_FR\" \/>\n<meta property=\"og:type\" content=\"article\" \/>\n<meta property=\"og:title\" content=\"Politique de cookies et pr\u00e9f\u00e9rences de suivi | Phimostop\" \/>\n<meta property=\"og:description\" content=\"D\u00e9couvrez comment Phimostop utilise les cookies et technologies similaires, \u00e0 quelles fins ils sont employ\u00e9s et comment g\u00e9rer ou modifier vos pr\u00e9f\u00e9rences \u00e0 tout moment.\" \/>\n<meta property=\"og:url\" content=\"https:\/\/www.phimostop.com\/fr\/cookie-policy\/\" \/>\n<meta property=\"og:site_name\" content=\"Phimostop\" \/>\n<meta property=\"article:modified_time\" content=\"2025-12-01T17:58:37+00:00\" \/>\n<meta name=\"twitter:card\" content=\"summary_large_image\" \/>\n<meta name=\"twitter:label1\" content=\"Dur\u00e9e de lecture estim\u00e9e\" \/>\n\t<meta name=\"twitter:data1\" content=\"1 minute\" \/>\n<script type=\"application\/ld+json\" class=\"yoast-schema-graph\">{\"@context\":\"https:\/\/schema.org\",\"@graph\":[{\"@type\":\"WebPage\",\"@id\":\"https:\/\/www.phimostop.com\/fr\/cookie-policy\/\",\"url\":\"https:\/\/www.phimostop.com\/fr\/cookie-policy\/\",\"name\":\"Politique de cookies et pr\u00e9f\u00e9rences de suivi | Phimostop\",\"isPartOf\":{\"@id\":\"https:\/\/www.phimostop.com\/fr\/#website\"},\"datePublished\":\"2025-10-07T16:30:29+00:00\",\"dateModified\":\"2025-12-01T17:58:37+00:00\",\"description\":\"D\u00e9couvrez comment Phimostop utilise les cookies et technologies similaires, \u00e0 quelles fins ils sont employ\u00e9s et comment g\u00e9rer ou modifier vos pr\u00e9f\u00e9rences \u00e0 tout moment.\",\"breadcrumb\":{\"@id\":\"https:\/\/www.phimostop.com\/fr\/cookie-policy\/#breadcrumb\"},\"inLanguage\":\"fr-FR\",\"potentialAction\":[{\"@type\":\"ReadAction\",\"target\":[\"https:\/\/www.phimostop.com\/fr\/cookie-policy\/\"]}]},{\"@type\":\"BreadcrumbList\",\"@id\":\"https:\/\/www.phimostop.com\/fr\/cookie-policy\/#breadcrumb\",\"itemListElement\":[{\"@type\":\"ListItem\",\"position\":1,\"name\":\"Home\",\"item\":\"https:\/\/www.phimostop.com\/fr\/\"},{\"@type\":\"ListItem\",\"position\":2,\"name\":\"Cookie Policy\"}]},{\"@type\":\"WebSite\",\"@id\":\"https:\/\/www.phimostop.com\/fr\/#website\",\"url\":\"https:\/\/www.phimostop.com\/fr\/\",\"name\":\"Phimostop\",\"description\":\"\",\"publisher\":{\"@id\":\"https:\/\/www.phimostop.com\/fr\/#organization\"},\"potentialAction\":[{\"@type\":\"SearchAction\",\"target\":{\"@type\":\"EntryPoint\",\"urlTemplate\":\"https:\/\/www.phimostop.com\/fr\/?s={search_term_string}\"},\"query-input\":{\"@type\":\"PropertyValueSpecification\",\"valueRequired\":true,\"valueName\":\"search_term_string\"}}],\"inLanguage\":\"fr-FR\"},{\"@type\":\"Organization\",\"@id\":\"https:\/\/www.phimostop.com\/fr\/#organization\",\"name\":\"Phimomed\",\"url\":\"https:\/\/www.phimostop.com\/fr\/\",\"logo\":{\"@type\":\"ImageObject\",\"inLanguage\":\"fr-FR\",\"@id\":\"https:\/\/www.phimostop.com\/fr\/#\/schema\/logo\/image\/\",\"url\":\"https:\/\/www.phimostop.com\/wp-content\/uploads\/2025\/09\/phimo-logo-brand.png\",\"contentUrl\":\"https:\/\/www.phimostop.com\/wp-content\/uploads\/2025\/09\/phimo-logo-brand.png\",\"width\":1788,\"height\":318,\"caption\":\"Phimomed\"},\"image\":{\"@id\":\"https:\/\/www.phimostop.com\/fr\/#\/schema\/logo\/image\/\"},\"sameAs\":[\"https:\/\/www.youtube.com\/@PHIMOSTOP\"]}]}<\/script>\n<!-- \/ Yoast SEO plugin. -->","yoast_head_json":{"title":"Politique de cookies et pr\u00e9f\u00e9rences de suivi | Phimostop","description":"D\u00e9couvrez comment Phimostop utilise les cookies et technologies similaires, \u00e0 quelles fins ils sont employ\u00e9s et comment g\u00e9rer ou modifier vos pr\u00e9f\u00e9rences \u00e0 tout moment.","robots":{"index":"index","follow":"follow","max-snippet":"max-snippet:-1","max-image-preview":"max-image-preview:large","max-video-preview":"max-video-preview:-1"},"canonical":"https:\/\/www.phimostop.com\/fr\/cookie-policy\/","og_locale":"fr_FR","og_type":"article","og_title":"Politique de cookies et pr\u00e9f\u00e9rences de suivi | Phimostop","og_description":"D\u00e9couvrez comment Phimostop utilise les cookies et technologies similaires, \u00e0 quelles fins ils sont employ\u00e9s et comment g\u00e9rer ou modifier vos pr\u00e9f\u00e9rences \u00e0 tout moment.","og_url":"https:\/\/www.phimostop.com\/fr\/cookie-policy\/","og_site_name":"Phimostop","article_modified_time":"2025-12-01T17:58:37+00:00","twitter_card":"summary_large_image","twitter_misc":{"Dur\u00e9e de lecture estim\u00e9e":"1 minute"},"schema":{"@context":"https:\/\/schema.org","@graph":[{"@type":"WebPage","@id":"https:\/\/www.phimostop.com\/fr\/cookie-policy\/","url":"https:\/\/www.phimostop.com\/fr\/cookie-policy\/","name":"Politique de cookies et pr\u00e9f\u00e9rences de suivi | Phimostop","isPartOf":{"@id":"https:\/\/www.phimostop.com\/fr\/#website"},"datePublished":"2025-10-07T16:30:29+00:00","dateModified":"2025-12-01T17:58:37+00:00","description":"D\u00e9couvrez comment Phimostop utilise les cookies et technologies similaires, \u00e0 quelles fins ils sont employ\u00e9s et comment g\u00e9rer ou modifier vos pr\u00e9f\u00e9rences \u00e0 tout moment.","breadcrumb":{"@id":"https:\/\/www.phimostop.com\/fr\/cookie-policy\/#breadcrumb"},"inLanguage":"fr-FR","potentialAction":[{"@type":"ReadAction","target":["https:\/\/www.phimostop.com\/fr\/cookie-policy\/"]}]},{"@type":"BreadcrumbList","@id":"https:\/\/www.phimostop.com\/fr\/cookie-policy\/#breadcrumb","itemListElement":[{"@type":"ListItem","position":1,"name":"Home","item":"https:\/\/www.phimostop.com\/fr\/"},{"@type":"ListItem","position":2,"name":"Cookie Policy"}]},{"@type":"WebSite","@id":"https:\/\/www.phimostop.com\/fr\/#website","url":"https:\/\/www.phimostop.com\/fr\/","name":"Phimostop","description":"","publisher":{"@id":"https:\/\/www.phimostop.com\/fr\/#organization"},"potentialAction":[{"@type":"SearchAction","target":{"@type":"EntryPoint","urlTemplate":"https:\/\/www.phimostop.com\/fr\/?s={search_term_string}"},"query-input":{"@type":"PropertyValueSpecification","valueRequired":true,"valueName":"search_term_string"}}],"inLanguage":"fr-FR"},{"@type":"Organization","@id":"https:\/\/www.phimostop.com\/fr\/#organization","name":"Phimomed","url":"https:\/\/www.phimostop.com\/fr\/","logo":{"@type":"ImageObject","inLanguage":"fr-FR","@id":"https:\/\/www.phimostop.com\/fr\/#\/schema\/logo\/image\/","url":"https:\/\/www.phimostop.com\/wp-content\/uploads\/2025\/09\/phimo-logo-brand.png","contentUrl":"https:\/\/www.phimostop.com\/wp-content\/uploads\/2025\/09\/phimo-logo-brand.png","width":1788,"height":318,"caption":"Phimomed"},"image":{"@id":"https:\/\/www.phimostop.com\/fr\/#\/schema\/logo\/image\/"},"sameAs":["https:\/\/www.youtube.com\/@PHIMOSTOP"]}]}},"_wl_alt_label":[],"acf":[],"wl:entity_url":"https:\/\/data.wordlift.io\/wl161614\/page\/cookie-policy-3","_links":{"self":[{"href":"https:\/\/www.phimostop.com\/fr\/wp-json\/wp\/v2\/pages\/2910","targetHints":{"allow":["GET"]}}],"collection":[{"href":"https:\/\/www.phimostop.com\/fr\/wp-json\/wp\/v2\/pages"}],"about":[{"href":"https:\/\/www.phimostop.com\/fr\/wp-json\/wp\/v2\/types\/page"}],"author":[{"embeddable":true,"href":"https:\/\/www.phimostop.com\/fr\/wp-json\/wp\/v2\/users\/4"}],"replies":[{"embeddable":true,"href":"https:\/\/www.phimostop.com\/fr\/wp-json\/wp\/v2\/comments?post=2910"}],"version-history":[{"count":1,"href":"https:\/\/www.phimostop.com\/fr\/wp-json\/wp\/v2\/pages\/2910\/revisions"}],"predecessor-version":[{"id":3020,"href":"https:\/\/www.phimostop.com\/fr\/wp-json\/wp\/v2\/pages\/2910\/revisions\/3020"}],"wp:attachment":[{"href":"https:\/\/www.phimostop.com\/fr\/wp-json\/wp\/v2\/media?parent=2910"}],"wp:term":[{"taxonomy":"wl_entity_type","embeddable":true,"href":"https:\/\/www.phimostop.com\/fr\/wp-json\/wp\/v2\/wl_entity_type?post=2910"}],"curies":[{"name":"wp","href":"https:\/\/api.w.org\/{rel}","templated":true}]}}