{"id":3426,"date":"2025-10-07T16:28:35","date_gmt":"2025-10-07T16:28:35","guid":{"rendered":"https:\/\/www.phimostop.com\/spedizioni\/"},"modified":"2025-11-12T18:15:21","modified_gmt":"2025-11-12T18:15:21","slug":"envio","status":"publish","type":"page","link":"https:\/\/www.phimostop.com\/es\/envio\/","title":{"rendered":"Env\u00edo Gratuito"},"content":{"rendered":"\n<div id=\"gspb_text-id-gsbp-f4dde12\" class=\"gspb_text gspb_text-id-gsbp-f4dde12 \">El env\u00edo es\u00a0<strong>GRATUITO<\/strong>\u00a0(excluidos los posibles aranceles aduaneros, que correr\u00e1n a cargo del destinatario) e incluye:<\/div>\n\n\n\n<div class=\"wp-block-greenshift-blocks-iconlist gspb_iconsList gspb_iconsList-id-gsbp-ef20863\" id=\"gspb_iconsList-id-gsbp-ef20863\"><div class=\"gspb_iconsList__item\" data-id=\"0\"><svg class=\"\" style=\"display:inline-block;vertical-align:middle\" width=\"18\" height=\"18\" viewBox=\"0 0 1024 1024\" xmlns=\"http:\/\/www.w3.org\/2000\/svg\"><path style=\"fill:#565D66\" d=\"M512 16c-274 0-496 222-496 496s222 496 496 496 496-222 496-496-222-496-496-496zM944 512c0 237.4-192.2 432-432 432-237.4 0-432-192.2-432-432 0-237.4 192.2-432 432-432 237.4 0 432 192.2 432 432z\"><\/path><\/svg><span class=\"gspb_iconsList__item__text\">Entrega en\u00a0<strong>EUROPA<\/strong>\u00a0dentro de los\u00a0<strong>5 d\u00edas laborables<\/strong>\u00a0desde la fecha de env\u00edo<\/span><\/div><div class=\"gspb_iconsList__item\" data-id=\"1\"><svg class=\"\" style=\"display:inline-block;vertical-align:middle\" width=\"18\" height=\"18\" viewBox=\"0 0 1024 1024\" xmlns=\"http:\/\/www.w3.org\/2000\/svg\"><path style=\"fill:#565D66\" d=\"M512 16c-274 0-496 222-496 496s222 496 496 496 496-222 496-496-222-496-496-496zM944 512c0 237.4-192.2 432-432 432-237.4 0-432-192.2-432-432 0-237.4 192.2-432 432-432 237.4 0 432 192.2 432 432z\"><\/path><\/svg><span class=\"gspb_iconsList__item__text\">Entrega en pa\u00edses\u00a0<strong>FUERA DE EUROPA<\/strong>\u00a0en un plazo de\u00a0<strong>10 d\u00edas laborables<\/strong>.<\/span><\/div><div class=\"gspb_iconsList__item\" data-id=\"2\"><svg class=\"\" style=\"display:inline-block;vertical-align:middle\" width=\"18\" height=\"18\" viewBox=\"0 0 1024 1024\" xmlns=\"http:\/\/www.w3.org\/2000\/svg\"><path style=\"fill:#565D66\" d=\"M512 16c-274 0-496 222-496 496s222 496 496 496 496-222 496-496-222-496-496-496zM944 512c0 237.4-192.2 432-432 432-237.4 0-432-192.2-432-432 0-237.4 192.2-432 432-432 237.4 0 432 192.2 432 432z\"><\/path><\/svg><span class=\"gspb_iconsList__item__text\">Entrega completamente\u00a0<strong>an\u00f3nima<\/strong>, sin ninguna referencia al producto o a la marca.<\/span><\/div><div class=\"gspb_iconsList__item\" data-id=\"3\"><svg class=\"\" style=\"display:inline-block;vertical-align:middle\" width=\"18\" height=\"18\" viewBox=\"0 0 1024 1024\" xmlns=\"http:\/\/www.w3.org\/2000\/svg\"><path style=\"fill:#565D66\" d=\"M512 16c-274 0-496 222-496 496s222 496 496 496 496-222 496-496-222-496-496-496zM944 512c0 237.4-192.2 432-432 432-237.4 0-432-192.2-432-432 0-237.4 192.2-432 432-432 237.4 0 432 192.2 432 432z\"><\/path><\/svg><span class=\"gspb_iconsList__item__text\">Entrega directamente en el\u00a0<strong>buz\u00f3n del destinatario<\/strong>\u00a0o entrega\u00a0<strong>personal<\/strong>.<\/span><\/div><div class=\"gspb_iconsList__item\" data-id=\"4\"><svg class=\"\" style=\"display:inline-block;vertical-align:middle\" width=\"18\" height=\"18\" viewBox=\"0 0 1024 1024\" xmlns=\"http:\/\/www.w3.org\/2000\/svg\"><path style=\"fill:#565D66\" d=\"M512 16c-274 0-496 222-496 496s222 496 496 496 496-222 496-496-222-496-496-496zM944 512c0 237.4-192.2 432-432 432-237.4 0-432-192.2-432-432 0-237.4 192.2-432 432-432 237.4 0 432 192.2 432 432z\"><\/path><\/svg><span class=\"gspb_iconsList__item__text\">Seguimiento completo del env\u00edo. Al momento de la expedici\u00f3n del paquete, recibir\u00e1s un correo electr\u00f3nico de nuestro socio\u00a0<strong>Hive<\/strong>\u00a0con un enlace para realizar el seguimiento:\u00a0<a class=\"\" href=\"https:\/\/track.hive.app\/en\/phimostop\">https:\/\/track.hive.app\/en\/phimostop<\/a>\u00a0introduciendo el n\u00famero de pedido y el c\u00f3digo postal.<\/span><\/div><\/div>\n\n\n\n<div id=\"gspb_text-id-gsbp-388eb78\" class=\"gspb_text gspb_text-id-gsbp-388eb78 \">En caso de problemas o retrasos, puedes contactar con nosotros en:\u00a0<strong><a>customer@phimostop.com<\/a><\/strong><br><strong>Realizamos env\u00edos a<\/strong>: Albania, Alemania, Australia, Austria, B\u00e9lgica, Bulgaria, Canad\u00e1, Chipre, Croacia, Dinamarca, Eslovaquia, Eslovenia, Espa\u00f1a, Estados Unidos (US), Estonia, Finlandia, Francia, Grecia, Hungr\u00eda, Irlanda, Italia, Letonia, Lituania, Luxemburgo, Macedonia del Norte, Malta, Noruega, Pa\u00edses Bajos, Polonia, Portugal, Reino Unido (UK), Rep\u00fablica Checa, Ruman\u00eda, Suecia y Suiza.<\/div>\n\n\n\n<h2 id=\"gspb_heading-id-gsbp-bb9ef99\" class=\"gspb_heading gspb_heading-id-gsbp-bb9ef99 \"><strong><strong>Derecho de desistimiento y reembolso<\/strong><\/strong><\/h2>\n\n\n\n<div id=\"gspb_text-id-gsbp-1882aae\" class=\"gspb_text gspb_text-id-gsbp-1882aae \">Si cambias de opini\u00f3n, puedes cancelar tu pedido de dos maneras:<\/div>\n\n\n\n<div class=\"wp-block-greenshift-blocks-iconlist gspb_iconsList gspb_iconsList-id-gsbp-cb77444\" id=\"gspb_iconsList-id-gsbp-cb77444\"><div class=\"gspb_iconsList__item\" data-id=\"0\"><svg width=\"10\" style=\"width:5rem;height:5rem;margin:10px\" height=\"10\" viewBox=\"0 0 24 24\" role=\"img\" arialabel=\"2\">  <text x=\"50%\" y=\"50%\" dominant-baseline=\"middle\" text-anchor=\"middle\" font-size=\"16\" font-family=\"inherit\" font-weight=\"700\" fill=\"currentColor\">    1  <\/text><\/svg><span class=\"gspb_iconsList__item__text\"><strong>Rechazando la entrega<\/strong>.<\/span><\/div><div class=\"gspb_iconsList__item\" data-id=\"1\"><svg width=\"10\" style=\"width:5rem;height:5rem;margin:10px\" height=\"10\" viewBox=\"0 0 24 24\" role=\"img\" arialabel=\"2\">  <text x=\"50%\" y=\"50%\" dominant-baseline=\"middle\" text-anchor=\"middle\" font-size=\"16\" font-family=\"inherit\" font-weight=\"700\" fill=\"currentColor\">    2  <\/text><\/svg><span class=\"gspb_iconsList__item__text\"><strong>Ejercitando el derecho de desistimiento<\/strong>\u00a0en un plazo de\u00a0<strong>14 d\u00edas desde la recepci\u00f3n<\/strong>\u00a0del producto (se tomar\u00e1 como referencia la fecha de entrega registrada por el transportista).<\/span><\/div><\/div>\n\n\n\n<div id=\"gspb_text-id-gsbp-b43053e\" class=\"gspb_text gspb_text-id-gsbp-b43053e \"><strong>Pasos para realizar una devoluci\u00f3n:<\/strong><\/div>\n\n\n\n<div class=\"wp-block-greenshift-blocks-iconlist gspb_iconsList gspb_iconsList-id-gsbp-1d51aca\" id=\"gspb_iconsList-id-gsbp-1d51aca\"><div class=\"gspb_iconsList__item\" data-id=\"0\"><svg width=\"10\" style=\"width:5rem;height:5rem;margin:10px\" height=\"10\" viewBox=\"0 0 24 24\" role=\"img\" arialabel=\"2\">  <text x=\"50%\" y=\"50%\" dominant-baseline=\"middle\" text-anchor=\"middle\" font-size=\"16\" font-family=\"inherit\" font-weight=\"700\" fill=\"currentColor\">    1  <\/text><\/svg><span class=\"gspb_iconsList__item__text\">Env\u00eda un correo a\u00a0customer@phimostop.com\u00a0informando tu decisi\u00f3n de devolver el producto.<\/span><\/div><div class=\"gspb_iconsList__item\" data-id=\"1\"><svg width=\"10\" style=\"width:5rem;height:5rem;margin:10px\" height=\"10\" viewBox=\"0 0 24 24\" role=\"img\" arialabel=\"2\">  <text x=\"50%\" y=\"50%\" dominant-baseline=\"middle\" text-anchor=\"middle\" font-size=\"16\" font-family=\"inherit\" font-weight=\"700\" fill=\"currentColor\">    2  <\/text><\/svg><span class=\"gspb_iconsList__item__text\">Accede al sitio web\u00a0<a class=\"\" href=\"https:\/\/track.hive.app\/it\/phimostop\">https:\/\/track.hive.app\/it\/phimostop<\/a>\u00a0e introduce tu n\u00famero de pedido y c\u00f3digo postal.<\/span><\/div><div class=\"gspb_iconsList__item\" data-id=\"2\"><svg width=\"10\" style=\"width:5rem;height:5rem;margin:10px\" height=\"10\" viewBox=\"0 0 24 24\" role=\"img\" arialabel=\"2\">  <text x=\"50%\" y=\"50%\" dominant-baseline=\"middle\" text-anchor=\"middle\" font-size=\"16\" font-family=\"inherit\" font-weight=\"700\" fill=\"currentColor\">    3  <\/text><\/svg><span class=\"gspb_iconsList__item__text\">Haz clic en\u00a0<strong>\u201cCREAR DEVOLUCI\u00d3N\u201d<\/strong>\u00a0y sigue las instrucciones.<\/span><\/div><\/div>\n\n\n\n<div id=\"gspb_text-id-gsbp-b9e20da\" class=\"gspb_text gspb_text-id-gsbp-b9e20da \">Los\u00a0<strong>gastos de devoluci\u00f3n corren por nuestra cuenta<\/strong>\u00a0y se reembolsar\u00e1\u00a0<strong>el importe \u00edntegro<\/strong>\u00a0pagado.<\/div>\n\n\n\n<h2 id=\"gspb_heading-id-gsbp-8819533\" class=\"gspb_heading gspb_heading-id-gsbp-8819533 \"><strong><strong>Reembolso<\/strong><\/strong><\/h2>\n\n\n\n<div id=\"gspb_text-id-gsbp-bb83d58\" class=\"gspb_text gspb_text-id-gsbp-bb83d58 \">El reembolso se realizar\u00e1 mediante el\u00a0<strong>mismo m\u00e9todo de pago<\/strong>\u00a0utilizado en la compra.<br>Normalmente, los reembolsos se procesan en el plazo de\u00a0<strong>una semana<\/strong>\u00a0desde la recepci\u00f3n del producto devuelto. Sin embargo, en casos excepcionales, nos reservamos el derecho de\u00a0<strong>retrasar, reducir o denegar el reembolso<\/strong>\u00a0si existen motivos razonables para sospechar fraude, declaraciones falsas u otros comportamientos de mala fe.<br>Los reembolsos se emitir\u00e1n conforme al\u00a0<strong>tipo de cambio vigente<\/strong>\u00a0determinado por nosotros. No nos responsabilizamos de posibles\u00a0<strong>p\u00e9rdidas o ganancias<\/strong>\u00a0derivadas de variaciones en el tipo de cambio entre la fecha del pedido y la fecha de reembolso.<\/div>\n","protected":false},"excerpt":{"rendered":"","protected":false},"author":2,"featured_media":0,"parent":0,"menu_order":0,"comment_status":"closed","ping_status":"closed","template":"","meta":{"_acf_changed":false,"wl_entities_gutenberg":"","_gspb_post_css":"#gspb_iconsList-id-gsbp-ef20863.gspb_iconsList .gspb_iconsList__item__text{margin-left:15px}#gspb_iconsList-id-gsbp-ef20863.gspb_iconsList .gspb_iconsList__item{justify-content:flex-start;display:flex;flex-direction:row;align-items:center;position:relative;margin-top:10px}#gspb_iconsList-id-gsbp-1d51aca.gspb_iconsList .gspb_iconsList__item svg path,#gspb_iconsList-id-gsbp-cb77444.gspb_iconsList .gspb_iconsList__item svg path,#gspb_iconsList-id-gsbp-ef20863.gspb_iconsList .gspb_iconsList__item svg path{fill:var(--wp--preset--color--palette-color-1, var(--theme-palette-color-1, #3a5da5))!important}#gspb_iconsList-id-gsbp-ef20863.gspb_iconsList .gspb_iconsList__item img,#gspb_iconsList-id-gsbp-ef20863.gspb_iconsList .gspb_iconsList__item svg{width:1px!important;height:1px!important;min-width:1px}body #gspb_iconsList-id-gsbp-1d51aca.gspb_iconsList .gspb_iconsList__item img,body #gspb_iconsList-id-gsbp-1d51aca.gspb_iconsList .gspb_iconsList__item svg,body #gspb_iconsList-id-gsbp-cb77444.gspb_iconsList .gspb_iconsList__item img,body #gspb_iconsList-id-gsbp-cb77444.gspb_iconsList .gspb_iconsList__item svg,body #gspb_iconsList-id-gsbp-ef20863.gspb_iconsList .gspb_iconsList__item img,body #gspb_iconsList-id-gsbp-ef20863.gspb_iconsList .gspb_iconsList__item svg{margin:10px!important}@media (max-width:575.98px){#gspb_iconsList-id-gsbp-ef20863.gspb_iconsList .gspb_iconsList__item{margin-top:20px}}#gspb_iconsList-id-gsbp-ef20863.gspb_iconsList [data-id='0'] svg,#gspb_iconsList-id-gsbp-ef20863.gspb_iconsList [data-id='1'] svg,#gspb_iconsList-id-gsbp-ef20863.gspb_iconsList [data-id='2'] svg,#gspb_iconsList-id-gsbp-ef20863.gspb_iconsList [data-id='3'] svg,#gspb_iconsList-id-gsbp-ef20863.gspb_iconsList [data-id='4'] svg{height:10px!important;width:10px!important;min-width:10px!important;margin:0!important}#gspb_heading-id-gsbp-8819533,#gspb_heading-id-gsbp-bb9ef99{margin-top:0;margin-bottom:0}#gspb_iconsList-id-gsbp-cb77444.gspb_iconsList .gspb_iconsList__item__text{margin-left:15px}#gspb_iconsList-id-gsbp-cb77444.gspb_iconsList .gspb_iconsList__item{justify-content:flex-start;display:flex;flex-direction:row;align-items:center;position:relative;margin-top:10px}#gspb_iconsList-id-gsbp-cb77444.gspb_iconsList .gspb_iconsList__item img,#gspb_iconsList-id-gsbp-cb77444.gspb_iconsList .gspb_iconsList__item svg{width:1px!important;height:1px!important;min-width:1px}@media (max-width:575.98px){#gspb_iconsList-id-gsbp-cb77444.gspb_iconsList .gspb_iconsList__item{margin-top:20px}}#gspb_iconsList-id-gsbp-cb77444.gspb_iconsList [data-id='0'] svg,#gspb_iconsList-id-gsbp-cb77444.gspb_iconsList [data-id='1'] svg{height:25px!important;width:25px!important;min-width:25px!important;margin:0!important}#gspb_iconsList-id-gsbp-1d51aca.gspb_iconsList .gspb_iconsList__item__text{margin-left:15px}#gspb_iconsList-id-gsbp-1d51aca.gspb_iconsList .gspb_iconsList__item{justify-content:flex-start;display:flex;flex-direction:row;align-items:center;position:relative;margin-top:10px}#gspb_iconsList-id-gsbp-1d51aca.gspb_iconsList .gspb_iconsList__item img,#gspb_iconsList-id-gsbp-1d51aca.gspb_iconsList .gspb_iconsList__item svg{width:1px!important;height:1px!important;min-width:1px}@media (max-width:575.98px){#gspb_iconsList-id-gsbp-1d51aca.gspb_iconsList .gspb_iconsList__item{margin-top:20px}}#gspb_iconsList-id-gsbp-1d51aca.gspb_iconsList [data-id='0'] svg,#gspb_iconsList-id-gsbp-1d51aca.gspb_iconsList [data-id='1'] svg,#gspb_iconsList-id-gsbp-1d51aca.gspb_iconsList [data-id='2'] svg{height:25px!important;width:25px!important;min-width:25px!important;margin:0!important}","footnotes":""},"wl_entity_type":[80],"class_list":["post-3426","page","type-page","status-publish","hentry","wl_entity_type-article"],"blocksy_meta":[],"yoast_head":"<!-- This site is optimized with the Yoast SEO plugin v27.0 - https:\/\/yoast.com\/product\/yoast-seo-wordpress\/ -->\n<title>Env\u00edo Gratuito | Phimostop<\/title>\n<meta name=\"description\" content=\"Phimostop env\u00edo GRATUITO. Entrega en EUROPA dentro de 5 d\u00edas laborables a partir de la fecha env\u00edo. Entrega en PA\u00cdSES NO EUROPEOS en plazos superiores a los 10 d\u00edas laborables.\" \/>\n<meta name=\"robots\" content=\"index, follow, max-snippet:-1, max-image-preview:large, max-video-preview:-1\" \/>\n<link rel=\"canonical\" href=\"https:\/\/www.phimostop.com\/es\/envio\/\" \/>\n<meta property=\"og:locale\" content=\"es_ES\" \/>\n<meta property=\"og:type\" content=\"article\" \/>\n<meta property=\"og:title\" content=\"Env\u00edo Gratuito | Phimostop\" \/>\n<meta property=\"og:description\" content=\"Phimostop env\u00edo GRATUITO. Entrega en EUROPA dentro de 5 d\u00edas laborables a partir de la fecha env\u00edo. Entrega en PA\u00cdSES NO EUROPEOS en plazos superiores a los 10 d\u00edas laborables.\" \/>\n<meta property=\"og:url\" content=\"https:\/\/www.phimostop.com\/es\/envio\/\" \/>\n<meta property=\"og:site_name\" content=\"Phimostop\" \/>\n<meta property=\"article:modified_time\" content=\"2025-11-12T18:15:21+00:00\" \/>\n<meta name=\"twitter:card\" content=\"summary_large_image\" \/>\n<meta name=\"twitter:label1\" content=\"Tiempo de lectura\" \/>\n\t<meta name=\"twitter:data1\" content=\"2 minutos\" \/>\n<script type=\"application\/ld+json\" class=\"yoast-schema-graph\">{\"@context\":\"https:\/\/schema.org\",\"@graph\":[{\"@type\":\"WebPage\",\"@id\":\"https:\/\/www.phimostop.com\/es\/envio\/\",\"url\":\"https:\/\/www.phimostop.com\/es\/envio\/\",\"name\":\"Env\u00edo Gratuito | Phimostop\",\"isPartOf\":{\"@id\":\"https:\/\/www.phimostop.com\/es\/#website\"},\"datePublished\":\"2025-10-07T16:28:35+00:00\",\"dateModified\":\"2025-11-12T18:15:21+00:00\",\"description\":\"Phimostop env\u00edo GRATUITO. Entrega en EUROPA dentro de 5 d\u00edas laborables a partir de la fecha env\u00edo. Entrega en PA\u00cdSES NO EUROPEOS en plazos superiores a los 10 d\u00edas laborables.\",\"breadcrumb\":{\"@id\":\"https:\/\/www.phimostop.com\/es\/envio\/#breadcrumb\"},\"inLanguage\":\"es\",\"potentialAction\":[{\"@type\":\"ReadAction\",\"target\":[\"https:\/\/www.phimostop.com\/es\/envio\/\"]}]},{\"@type\":\"BreadcrumbList\",\"@id\":\"https:\/\/www.phimostop.com\/es\/envio\/#breadcrumb\",\"itemListElement\":[{\"@type\":\"ListItem\",\"position\":1,\"name\":\"Home\",\"item\":\"https:\/\/www.phimostop.com\/es\/\"},{\"@type\":\"ListItem\",\"position\":2,\"name\":\"Env\u00edo Gratuito\"}]},{\"@type\":\"WebSite\",\"@id\":\"https:\/\/www.phimostop.com\/es\/#website\",\"url\":\"https:\/\/www.phimostop.com\/es\/\",\"name\":\"Phimostop\",\"description\":\"\",\"publisher\":{\"@id\":\"https:\/\/www.phimostop.com\/es\/#organization\"},\"potentialAction\":[{\"@type\":\"SearchAction\",\"target\":{\"@type\":\"EntryPoint\",\"urlTemplate\":\"https:\/\/www.phimostop.com\/es\/?s={search_term_string}\"},\"query-input\":{\"@type\":\"PropertyValueSpecification\",\"valueRequired\":true,\"valueName\":\"search_term_string\"}}],\"inLanguage\":\"es\"},{\"@type\":\"Organization\",\"@id\":\"https:\/\/www.phimostop.com\/es\/#organization\",\"name\":\"Phimomed\",\"url\":\"https:\/\/www.phimostop.com\/es\/\",\"logo\":{\"@type\":\"ImageObject\",\"inLanguage\":\"es\",\"@id\":\"https:\/\/www.phimostop.com\/es\/#\/schema\/logo\/image\/\",\"url\":\"https:\/\/www.phimostop.com\/wp-content\/uploads\/2025\/09\/phimo-logo-brand.png\",\"contentUrl\":\"https:\/\/www.phimostop.com\/wp-content\/uploads\/2025\/09\/phimo-logo-brand.png\",\"width\":1788,\"height\":318,\"caption\":\"Phimomed\"},\"image\":{\"@id\":\"https:\/\/www.phimostop.com\/es\/#\/schema\/logo\/image\/\"},\"sameAs\":[\"https:\/\/www.youtube.com\/@PHIMOSTOP\"]}]}<\/script>\n<!-- \/ Yoast SEO plugin. -->","yoast_head_json":{"title":"Env\u00edo Gratuito | Phimostop","description":"Phimostop env\u00edo GRATUITO. Entrega en EUROPA dentro de 5 d\u00edas laborables a partir de la fecha env\u00edo. Entrega en PA\u00cdSES NO EUROPEOS en plazos superiores a los 10 d\u00edas laborables.","robots":{"index":"index","follow":"follow","max-snippet":"max-snippet:-1","max-image-preview":"max-image-preview:large","max-video-preview":"max-video-preview:-1"},"canonical":"https:\/\/www.phimostop.com\/es\/envio\/","og_locale":"es_ES","og_type":"article","og_title":"Env\u00edo Gratuito | Phimostop","og_description":"Phimostop env\u00edo GRATUITO. Entrega en EUROPA dentro de 5 d\u00edas laborables a partir de la fecha env\u00edo. Entrega en PA\u00cdSES NO EUROPEOS en plazos superiores a los 10 d\u00edas laborables.","og_url":"https:\/\/www.phimostop.com\/es\/envio\/","og_site_name":"Phimostop","article_modified_time":"2025-11-12T18:15:21+00:00","twitter_card":"summary_large_image","twitter_misc":{"Tiempo de lectura":"2 minutos"},"schema":{"@context":"https:\/\/schema.org","@graph":[{"@type":"WebPage","@id":"https:\/\/www.phimostop.com\/es\/envio\/","url":"https:\/\/www.phimostop.com\/es\/envio\/","name":"Env\u00edo Gratuito | Phimostop","isPartOf":{"@id":"https:\/\/www.phimostop.com\/es\/#website"},"datePublished":"2025-10-07T16:28:35+00:00","dateModified":"2025-11-12T18:15:21+00:00","description":"Phimostop env\u00edo GRATUITO. Entrega en EUROPA dentro de 5 d\u00edas laborables a partir de la fecha env\u00edo. Entrega en PA\u00cdSES NO EUROPEOS en plazos superiores a los 10 d\u00edas laborables.","breadcrumb":{"@id":"https:\/\/www.phimostop.com\/es\/envio\/#breadcrumb"},"inLanguage":"es","potentialAction":[{"@type":"ReadAction","target":["https:\/\/www.phimostop.com\/es\/envio\/"]}]},{"@type":"BreadcrumbList","@id":"https:\/\/www.phimostop.com\/es\/envio\/#breadcrumb","itemListElement":[{"@type":"ListItem","position":1,"name":"Home","item":"https:\/\/www.phimostop.com\/es\/"},{"@type":"ListItem","position":2,"name":"Env\u00edo Gratuito"}]},{"@type":"WebSite","@id":"https:\/\/www.phimostop.com\/es\/#website","url":"https:\/\/www.phimostop.com\/es\/","name":"Phimostop","description":"","publisher":{"@id":"https:\/\/www.phimostop.com\/es\/#organization"},"potentialAction":[{"@type":"SearchAction","target":{"@type":"EntryPoint","urlTemplate":"https:\/\/www.phimostop.com\/es\/?s={search_term_string}"},"query-input":{"@type":"PropertyValueSpecification","valueRequired":true,"valueName":"search_term_string"}}],"inLanguage":"es"},{"@type":"Organization","@id":"https:\/\/www.phimostop.com\/es\/#organization","name":"Phimomed","url":"https:\/\/www.phimostop.com\/es\/","logo":{"@type":"ImageObject","inLanguage":"es","@id":"https:\/\/www.phimostop.com\/es\/#\/schema\/logo\/image\/","url":"https:\/\/www.phimostop.com\/wp-content\/uploads\/2025\/09\/phimo-logo-brand.png","contentUrl":"https:\/\/www.phimostop.com\/wp-content\/uploads\/2025\/09\/phimo-logo-brand.png","width":1788,"height":318,"caption":"Phimomed"},"image":{"@id":"https:\/\/www.phimostop.com\/es\/#\/schema\/logo\/image\/"},"sameAs":["https:\/\/www.youtube.com\/@PHIMOSTOP"]}]}},"_wl_alt_label":[],"acf":[],"wl:entity_url":"https:\/\/data.wordlift.io\/wl161614\/page\/spedizioni-4","_links":{"self":[{"href":"https:\/\/www.phimostop.com\/es\/wp-json\/wp\/v2\/pages\/3426","targetHints":{"allow":["GET"]}}],"collection":[{"href":"https:\/\/www.phimostop.com\/es\/wp-json\/wp\/v2\/pages"}],"about":[{"href":"https:\/\/www.phimostop.com\/es\/wp-json\/wp\/v2\/types\/page"}],"author":[{"embeddable":true,"href":"https:\/\/www.phimostop.com\/es\/wp-json\/wp\/v2\/users\/2"}],"replies":[{"embeddable":true,"href":"https:\/\/www.phimostop.com\/es\/wp-json\/wp\/v2\/comments?post=3426"}],"version-history":[{"count":1,"href":"https:\/\/www.phimostop.com\/es\/wp-json\/wp\/v2\/pages\/3426\/revisions"}],"predecessor-version":[{"id":3507,"href":"https:\/\/www.phimostop.com\/es\/wp-json\/wp\/v2\/pages\/3426\/revisions\/3507"}],"wp:attachment":[{"href":"https:\/\/www.phimostop.com\/es\/wp-json\/wp\/v2\/media?parent=3426"}],"wp:term":[{"taxonomy":"wl_entity_type","embeddable":true,"href":"https:\/\/www.phimostop.com\/es\/wp-json\/wp\/v2\/wl_entity_type?post=3426"}],"curies":[{"name":"wp","href":"https:\/\/api.w.org\/{rel}","templated":true}]}}