{"id":3595,"date":"2025-10-07T16:28:35","date_gmt":"2025-10-07T16:28:35","guid":{"rendered":"https:\/\/www.phimostop.com\/spedizioni\/"},"modified":"2025-12-03T15:37:01","modified_gmt":"2025-12-03T15:37:01","slug":"versand","status":"publish","type":"page","link":"https:\/\/www.phimostop.com\/de\/versand\/","title":{"rendered":"Kostenloser Versand"},"content":{"rendered":"\n<div id=\"gspb_text-id-gsbp-f4dde12\" class=\"gspb_text gspb_text-id-gsbp-f4dde12 \"><strong>KOSTENLOSER VERSAND<\/strong>(ausgenommen etwaige Zollgeb\u00fchren, die vom Empf\u00e4nger zu tragen sind) der kostenlose Versand beinhaltet:<\/div>\n\n\n\n<div class=\"wp-block-greenshift-blocks-iconlist gspb_iconsList gspb_iconsList-id-gsbp-ef20863\" id=\"gspb_iconsList-id-gsbp-ef20863\"><div class=\"gspb_iconsList__item\" data-id=\"0\"><svg class=\"\" style=\"display:inline-block;vertical-align:middle\" width=\"18\" height=\"18\" viewBox=\"0 0 1024 1024\" xmlns=\"http:\/\/www.w3.org\/2000\/svg\"><path style=\"fill:#565D66\" d=\"M512 16c-274 0-496 222-496 496s222 496 496 496 496-222 496-496-222-496-496-496zM944 512c0 237.4-192.2 432-432 432-237.4 0-432-192.2-432-432 0-237.4 192.2-432 432-432 237.4 0 432 192.2 432 432z\"><\/path><\/svg><span class=\"gspb_iconsList__item__text\">Lieferung\u00a0<strong>innerhalb Europas<\/strong>\u00a0innerhalb von\u00a0<strong>5 Werktagen<\/strong>\u00a0ab Versanddatum<\/span><\/div><div class=\"gspb_iconsList__item\" data-id=\"1\"><svg class=\"\" style=\"display:inline-block;vertical-align:middle\" width=\"18\" height=\"18\" viewBox=\"0 0 1024 1024\" xmlns=\"http:\/\/www.w3.org\/2000\/svg\"><path style=\"fill:#565D66\" d=\"M512 16c-274 0-496 222-496 496s222 496 496 496 496-222 496-496-222-496-496-496zM944 512c0 237.4-192.2 432-432 432-237.4 0-432-192.2-432-432 0-237.4 192.2-432 432-432 237.4 0 432 192.2 432 432z\"><\/path><\/svg><span class=\"gspb_iconsList__item__text\">Lieferung in\u00a0<strong>Nicht-EU-L\u00e4nder<\/strong>\u00a0innerhalb von\u00a0<strong>10 Werktagen<\/strong><\/span><\/div><div class=\"gspb_iconsList__item\" data-id=\"2\"><svg class=\"\" style=\"display:inline-block;vertical-align:middle\" width=\"18\" height=\"18\" viewBox=\"0 0 1024 1024\" xmlns=\"http:\/\/www.w3.org\/2000\/svg\"><path style=\"fill:#565D66\" d=\"M512 16c-274 0-496 222-496 496s222 496 496 496 496-222 496-496-222-496-496-496zM944 512c0 237.4-192.2 432-432 432-237.4 0-432-192.2-432-432 0-237.4 192.2-432 432-432 237.4 0 432 192.2 432 432z\"><\/path><\/svg><span class=\"gspb_iconsList__item__text\"><strong>Diskrete Lieferung<\/strong>: das Paket ist anonym und enth\u00e4lt keinerlei Hinweise auf Produkt oder Marke<\/span><\/div><div class=\"gspb_iconsList__item\" data-id=\"3\"><svg class=\"\" style=\"display:inline-block;vertical-align:middle\" width=\"18\" height=\"18\" viewBox=\"0 0 1024 1024\" xmlns=\"http:\/\/www.w3.org\/2000\/svg\"><path style=\"fill:#565D66\" d=\"M512 16c-274 0-496 222-496 496s222 496 496 496 496-222 496-496-222-496-496-496zM944 512c0 237.4-192.2 432-432 432-237.4 0-432-192.2-432-432 0-237.4 192.2-432 432-432 237.4 0 432 192.2 432 432z\"><\/path><\/svg><span class=\"gspb_iconsList__item__text\"><strong>Zustellung direkt in den Briefkasten<\/strong>\u00a0des Empf\u00e4ngers oder pers\u00f6nliche \u00dcbergabe<\/span><\/div><div class=\"gspb_iconsList__item\" data-id=\"4\"><svg class=\"\" style=\"display:inline-block;vertical-align:middle\" width=\"18\" height=\"18\" viewBox=\"0 0 1024 1024\" xmlns=\"http:\/\/www.w3.org\/2000\/svg\"><path style=\"fill:#565D66\" d=\"M512 16c-274 0-496 222-496 496s222 496 496 496 496-222 496-496-222-496-496-496zM944 512c0 237.4-192.2 432-432 432-237.4 0-432-192.2-432-432 0-237.4 192.2-432 432-432 237.4 0 432 192.2 432 432z\"><\/path><\/svg><span class=\"gspb_iconsList__item__text\"><strong>Sendungsverfolgung<\/strong>\u00a0\u00fcber die gesamte Versanddauer.<\/span><\/div><\/div>\n\n\n\n<div id=\"gspb_text-id-gsbp-388eb78\" class=\"gspb_text gspb_text-id-gsbp-388eb78 \">Sobald das Paket versendet wurde, erhalten Sie eine E-Mail von unserem Partner\u00a0<strong>Hive<\/strong>\u00a0mit dem Link zur Sendungsverfolgung:\u00a0<a class=\"\" href=\"https:\/\/track.hive.app\/en\/phimostop\">https:\/\/track.hive.app\/en\/phimostop<\/a>\u00a0geben Sie einfach Ihre\u00a0<strong>Bestellnummer<\/strong>\u00a0und Ihre\u00a0<strong>Postleitzahl<\/strong>\u00a0ein.<br>Bei Problemen oder Verz\u00f6gerungen wenden Sie sich bitte an\u00a0<strong><a>customer@phimostop.com<\/a><\/strong><br><strong>Wir liefern in folgende L\u00e4nder:<\/strong><br>Albanien, Australien, \u00d6sterreich, Belgien, Kanada, Kroatien, Zypern, D\u00e4nemark, Estland, Finnland, Frankreich, Deutschland, Griechenland, Irland, Italien, Lettland, Litauen, Luxemburg, Norwegen, Niederlande, Polen, Portugal, Vereinigtes K\u00f6nigreich (UK), Tschechien, Rum\u00e4nien, Slowakei, Slowenien, Spanien, Vereinigte Staaten (US), Schweden, Schweiz, Ungarn, Malta, Bulgarien, Nordmazedonien.<\/div>\n\n\n\n<h2 id=\"gspb_heading-id-gsbp-bb9ef99\" class=\"gspb_heading gspb_heading-id-gsbp-bb9ef99 \"><strong><strong>Widerrufsrecht &amp; R\u00fcckerstattung<\/strong><\/strong><\/h2>\n\n\n\n<div id=\"gspb_text-id-gsbp-1882aae\" class=\"gspb_text gspb_text-id-gsbp-1882aae \">Falls Sie Ihre Meinung \u00e4ndern, k\u00f6nnen Sie Ihre Bestellung auf zwei Arten stornieren:<\/div>\n\n\n\n<div class=\"wp-block-greenshift-blocks-iconlist gspb_iconsList gspb_iconsList-id-gsbp-cb77444\" id=\"gspb_iconsList-id-gsbp-cb77444\"><div class=\"gspb_iconsList__item\" data-id=\"0\"><svg width=\"10\" style=\"width:5rem;height:5rem;margin:10px\" height=\"10\" viewBox=\"0 0 24 24\" role=\"img\" arialabel=\"2\">  <text x=\"50%\" y=\"50%\" dominant-baseline=\"middle\" text-anchor=\"middle\" font-size=\"16\" font-family=\"inherit\" font-weight=\"700\" fill=\"currentColor\">    1  <\/text><\/svg><span class=\"gspb_iconsList__item__text\"><strong>Indem Sie die Annahme der Lieferung verweigern<\/strong><\/span><\/div><div class=\"gspb_iconsList__item\" data-id=\"1\"><svg width=\"10\" style=\"width:5rem;height:5rem;margin:10px\" height=\"10\" viewBox=\"0 0 24 24\" role=\"img\" arialabel=\"2\">  <text x=\"50%\" y=\"50%\" dominant-baseline=\"middle\" text-anchor=\"middle\" font-size=\"16\" font-family=\"inherit\" font-weight=\"700\" fill=\"currentColor\">    2  <\/text><\/svg><span class=\"gspb_iconsList__item__text\"><strong>Durch Aus\u00fcbung des R\u00fcckgaberechts innerhalb von 14 Tagen<\/strong>\u00a0nach Erhalt des Produkts (ma\u00dfgeblich ist das Zustelldatum laut Versanddienstleister)<\/span><\/div><\/div>\n\n\n\n<div id=\"gspb_text-id-gsbp-b43053e\" class=\"gspb_text gspb_text-id-gsbp-b43053e \"><strong>So funktioniert die R\u00fccksendung:<\/strong><\/div>\n\n\n\n<div class=\"wp-block-greenshift-blocks-iconlist gspb_iconsList gspb_iconsList-id-gsbp-1d51aca\" id=\"gspb_iconsList-id-gsbp-1d51aca\"><div class=\"gspb_iconsList__item\" data-id=\"0\"><svg width=\"10\" style=\"width:5rem;height:5rem;margin:10px\" height=\"10\" viewBox=\"0 0 24 24\" role=\"img\" arialabel=\"2\">  <text x=\"50%\" y=\"50%\" dominant-baseline=\"middle\" text-anchor=\"middle\" font-size=\"16\" font-family=\"inherit\" font-weight=\"700\" fill=\"currentColor\">    1  <\/text><\/svg><span class=\"gspb_iconsList__item__text\">Senden Sie eine E-Mail an\u00a0customer@phimostop.com, um uns \u00fcber Ihren Widerruf zu informieren<\/span><\/div><div class=\"gspb_iconsList__item\" data-id=\"1\"><svg width=\"10\" style=\"width:5rem;height:5rem;margin:10px\" height=\"10\" viewBox=\"0 0 24 24\" role=\"img\" arialabel=\"2\">  <text x=\"50%\" y=\"50%\" dominant-baseline=\"middle\" text-anchor=\"middle\" font-size=\"16\" font-family=\"inherit\" font-weight=\"700\" fill=\"currentColor\">    2  <\/text><\/svg><span class=\"gspb_iconsList__item__text\">Besuchen Sie die Seite\u00a0<a class=\"\" href=\"https:\/\/track.hive.app\/it\/phimostop\">https:\/\/track.hive.app\/it\/phimostop<\/a>\u00a0geben Sie Ihre\u00a0<strong>Bestellnummer<\/strong>\u00a0und\u00a0<strong>Postleitzahl<\/strong>\u00a0ein<\/span><\/div><div class=\"gspb_iconsList__item\" data-id=\"2\"><svg width=\"10\" style=\"width:5rem;height:5rem;margin:10px\" height=\"10\" viewBox=\"0 0 24 24\" role=\"img\" arialabel=\"2\">  <text x=\"50%\" y=\"50%\" dominant-baseline=\"middle\" text-anchor=\"middle\" font-size=\"16\" font-family=\"inherit\" font-weight=\"700\" fill=\"currentColor\">    3  <\/text><\/svg><span class=\"gspb_iconsList__item__text\">Klicken Sie auf \u201e<strong>RETOURE ERSTELLEN<\/strong>\u201c und folgen Sie den Anweisungen<\/span><\/div><\/div>\n\n\n\n<div id=\"gspb_text-id-gsbp-b9e20da\" class=\"gspb_text gspb_text-id-gsbp-b9e20da \"><strong>Die R\u00fccksendekosten \u00fcbernehmen wir.<\/strong>\u00a0Sie erhalten den\u00a0<strong>vollen Kaufbetrag zur\u00fcckerstattet.<\/strong><\/div>\n\n\n\n<h2 id=\"gspb_heading-id-gsbp-8819533\" class=\"gspb_heading gspb_heading-id-gsbp-8819533 \"><strong><strong>R\u00fcckerstattung<\/strong><\/strong><\/h2>\n\n\n\n<div id=\"gspb_text-id-gsbp-bb83d58\" class=\"gspb_text gspb_text-id-gsbp-bb83d58 \">Die R\u00fcckerstattung erfolgt \u00fcber dasselbe Zahlungsmittel, das Sie f\u00fcr den Kauf verwendet haben.<br>R\u00fcckerstattungen werden in der Regel innerhalb von\u00a0<strong>1 Woche nach Eingang der R\u00fccksendung<\/strong>\u00a0bearbeitet. In Ausnahmef\u00e4llen behalten wir uns das Recht vor, R\u00fcckzahlungen zu verz\u00f6gern, zu k\u00fcrzen oder abzulehnen, falls ein begr\u00fcndeter Verdacht auf\u00a0<strong>Betrug, Falschangaben oder unlauteres Verhalten<\/strong>\u00a0besteht.<br>Die R\u00fcckzahlung erfolgt zum\u00a0<strong>aktuellen Wechselkurs<\/strong>, wie von uns festgelegt. Wir \u00fcbernehmen keine Haftung f\u00fcr etwaige Verluste oder Gewinne durch Wechselkurs\u00e4nderungen zwischen dem Zeitpunkt der Bestellung und der R\u00fcckerstattung.<\/div>\n","protected":false},"excerpt":{"rendered":"","protected":false},"author":2,"featured_media":0,"parent":0,"menu_order":0,"comment_status":"closed","ping_status":"closed","template":"","meta":{"_acf_changed":false,"wl_entities_gutenberg":"","_gspb_post_css":"#gspb_iconsList-id-gsbp-ef20863.gspb_iconsList .gspb_iconsList__item__text{margin-left:15px}#gspb_iconsList-id-gsbp-ef20863.gspb_iconsList .gspb_iconsList__item{justify-content:flex-start;display:flex;flex-direction:row;align-items:center;position:relative;margin-top:10px}#gspb_iconsList-id-gsbp-1d51aca.gspb_iconsList .gspb_iconsList__item svg path,#gspb_iconsList-id-gsbp-cb77444.gspb_iconsList .gspb_iconsList__item svg path,#gspb_iconsList-id-gsbp-ef20863.gspb_iconsList .gspb_iconsList__item svg path{fill:var(--wp--preset--color--palette-color-1, var(--theme-palette-color-1, #3a5da5))!important}#gspb_iconsList-id-gsbp-ef20863.gspb_iconsList .gspb_iconsList__item img,#gspb_iconsList-id-gsbp-ef20863.gspb_iconsList .gspb_iconsList__item svg{width:1px!important;height:1px!important;min-width:1px}body #gspb_iconsList-id-gsbp-1d51aca.gspb_iconsList .gspb_iconsList__item img,body #gspb_iconsList-id-gsbp-1d51aca.gspb_iconsList .gspb_iconsList__item svg,body #gspb_iconsList-id-gsbp-cb77444.gspb_iconsList .gspb_iconsList__item img,body #gspb_iconsList-id-gsbp-cb77444.gspb_iconsList .gspb_iconsList__item svg,body #gspb_iconsList-id-gsbp-ef20863.gspb_iconsList .gspb_iconsList__item img,body #gspb_iconsList-id-gsbp-ef20863.gspb_iconsList .gspb_iconsList__item svg{margin:10px!important}@media (max-width:575.98px){#gspb_iconsList-id-gsbp-ef20863.gspb_iconsList .gspb_iconsList__item{margin-top:20px}}#gspb_iconsList-id-gsbp-ef20863.gspb_iconsList [data-id='0'] svg,#gspb_iconsList-id-gsbp-ef20863.gspb_iconsList [data-id='1'] svg,#gspb_iconsList-id-gsbp-ef20863.gspb_iconsList [data-id='2'] svg,#gspb_iconsList-id-gsbp-ef20863.gspb_iconsList [data-id='3'] svg,#gspb_iconsList-id-gsbp-ef20863.gspb_iconsList [data-id='4'] svg{height:10px!important;width:10px!important;min-width:10px!important;margin:0!important}#gspb_heading-id-gsbp-8819533,#gspb_heading-id-gsbp-bb9ef99{margin-top:0;margin-bottom:0}#gspb_iconsList-id-gsbp-cb77444.gspb_iconsList .gspb_iconsList__item__text{margin-left:15px}#gspb_iconsList-id-gsbp-cb77444.gspb_iconsList .gspb_iconsList__item{justify-content:flex-start;display:flex;flex-direction:row;align-items:center;position:relative;margin-top:10px}#gspb_iconsList-id-gsbp-cb77444.gspb_iconsList .gspb_iconsList__item img,#gspb_iconsList-id-gsbp-cb77444.gspb_iconsList .gspb_iconsList__item svg{width:1px!important;height:1px!important;min-width:1px}@media (max-width:575.98px){#gspb_iconsList-id-gsbp-cb77444.gspb_iconsList .gspb_iconsList__item{margin-top:20px}}#gspb_iconsList-id-gsbp-cb77444.gspb_iconsList [data-id='0'] svg,#gspb_iconsList-id-gsbp-cb77444.gspb_iconsList [data-id='1'] svg{height:25px!important;width:25px!important;min-width:25px!important;margin:0!important}#gspb_iconsList-id-gsbp-1d51aca.gspb_iconsList .gspb_iconsList__item__text{margin-left:15px}#gspb_iconsList-id-gsbp-1d51aca.gspb_iconsList .gspb_iconsList__item{justify-content:flex-start;display:flex;flex-direction:row;align-items:center;position:relative;margin-top:10px}#gspb_iconsList-id-gsbp-1d51aca.gspb_iconsList .gspb_iconsList__item img,#gspb_iconsList-id-gsbp-1d51aca.gspb_iconsList .gspb_iconsList__item svg{width:1px!important;height:1px!important;min-width:1px}@media (max-width:575.98px){#gspb_iconsList-id-gsbp-1d51aca.gspb_iconsList .gspb_iconsList__item{margin-top:20px}}#gspb_iconsList-id-gsbp-1d51aca.gspb_iconsList [data-id='0'] svg,#gspb_iconsList-id-gsbp-1d51aca.gspb_iconsList [data-id='1'] svg,#gspb_iconsList-id-gsbp-1d51aca.gspb_iconsList [data-id='2'] svg{height:25px!important;width:25px!important;min-width:25px!important;margin:0!important}","footnotes":""},"wl_entity_type":[80],"class_list":["post-3595","page","type-page","status-publish","hentry","wl_entity_type-article"],"blocksy_meta":[],"yoast_head":"<!-- This site is optimized with the Yoast SEO plugin v27.0 - https:\/\/yoast.com\/product\/yoast-seo-wordpress\/ -->\n<title>Versand, Lieferzeiten und diskrete Verpackung | Phimostop<\/title>\n<meta name=\"description\" content=\"Phimostop KOSTENLOSE Versand. Lieferung in EUROPA innerhalb von 5 Arbeitstagen ab Versanddatum. Lieferung AUSSERHALB EUROPAS bedarf mehr als 10 Arbeitstage\" \/>\n<meta name=\"robots\" content=\"index, follow, max-snippet:-1, max-image-preview:large, max-video-preview:-1\" \/>\n<link rel=\"canonical\" href=\"https:\/\/www.phimostop.com\/de\/versand\/\" \/>\n<meta property=\"og:locale\" content=\"de_DE\" \/>\n<meta property=\"og:type\" content=\"article\" \/>\n<meta property=\"og:title\" content=\"Versand, Lieferzeiten und diskrete Verpackung | Phimostop\" \/>\n<meta property=\"og:description\" content=\"Phimostop KOSTENLOSE Versand. Lieferung in EUROPA innerhalb von 5 Arbeitstagen ab Versanddatum. Lieferung AUSSERHALB EUROPAS bedarf mehr als 10 Arbeitstage\" \/>\n<meta property=\"og:url\" content=\"https:\/\/www.phimostop.com\/de\/versand\/\" \/>\n<meta property=\"og:site_name\" content=\"Phimostop\" \/>\n<meta property=\"article:modified_time\" content=\"2025-12-03T15:37:01+00:00\" \/>\n<meta name=\"twitter:card\" content=\"summary_large_image\" \/>\n<meta name=\"twitter:label1\" content=\"Gesch\u00e4tzte Lesezeit\" \/>\n\t<meta name=\"twitter:data1\" content=\"2\u00a0Minuten\" \/>\n<script type=\"application\/ld+json\" class=\"yoast-schema-graph\">{\"@context\":\"https:\/\/schema.org\",\"@graph\":[{\"@type\":\"WebPage\",\"@id\":\"https:\/\/www.phimostop.com\/de\/versand\/\",\"url\":\"https:\/\/www.phimostop.com\/de\/versand\/\",\"name\":\"Versand, Lieferzeiten und diskrete Verpackung | Phimostop\",\"isPartOf\":{\"@id\":\"https:\/\/www.phimostop.com\/de\/#website\"},\"datePublished\":\"2025-10-07T16:28:35+00:00\",\"dateModified\":\"2025-12-03T15:37:01+00:00\",\"description\":\"Phimostop KOSTENLOSE Versand. Lieferung in EUROPA innerhalb von 5 Arbeitstagen ab Versanddatum. Lieferung AUSSERHALB EUROPAS bedarf mehr als 10 Arbeitstage\",\"breadcrumb\":{\"@id\":\"https:\/\/www.phimostop.com\/de\/versand\/#breadcrumb\"},\"inLanguage\":\"de\",\"potentialAction\":[{\"@type\":\"ReadAction\",\"target\":[\"https:\/\/www.phimostop.com\/de\/versand\/\"]}]},{\"@type\":\"BreadcrumbList\",\"@id\":\"https:\/\/www.phimostop.com\/de\/versand\/#breadcrumb\",\"itemListElement\":[{\"@type\":\"ListItem\",\"position\":1,\"name\":\"Home\",\"item\":\"https:\/\/www.phimostop.com\/de\/\"},{\"@type\":\"ListItem\",\"position\":2,\"name\":\"Kostenloser Versand\"}]},{\"@type\":\"WebSite\",\"@id\":\"https:\/\/www.phimostop.com\/de\/#website\",\"url\":\"https:\/\/www.phimostop.com\/de\/\",\"name\":\"Phimostop\",\"description\":\"\",\"publisher\":{\"@id\":\"https:\/\/www.phimostop.com\/de\/#organization\"},\"potentialAction\":[{\"@type\":\"SearchAction\",\"target\":{\"@type\":\"EntryPoint\",\"urlTemplate\":\"https:\/\/www.phimostop.com\/de\/?s={search_term_string}\"},\"query-input\":{\"@type\":\"PropertyValueSpecification\",\"valueRequired\":true,\"valueName\":\"search_term_string\"}}],\"inLanguage\":\"de\"},{\"@type\":\"Organization\",\"@id\":\"https:\/\/www.phimostop.com\/de\/#organization\",\"name\":\"Phimomed\",\"url\":\"https:\/\/www.phimostop.com\/de\/\",\"logo\":{\"@type\":\"ImageObject\",\"inLanguage\":\"de\",\"@id\":\"https:\/\/www.phimostop.com\/de\/#\/schema\/logo\/image\/\",\"url\":\"https:\/\/www.phimostop.com\/wp-content\/uploads\/2025\/09\/phimo-logo-brand.png\",\"contentUrl\":\"https:\/\/www.phimostop.com\/wp-content\/uploads\/2025\/09\/phimo-logo-brand.png\",\"width\":1788,\"height\":318,\"caption\":\"Phimomed\"},\"image\":{\"@id\":\"https:\/\/www.phimostop.com\/de\/#\/schema\/logo\/image\/\"},\"sameAs\":[\"https:\/\/www.youtube.com\/@PHIMOSTOP\"]}]}<\/script>\n<!-- \/ Yoast SEO plugin. -->","yoast_head_json":{"title":"Versand, Lieferzeiten und diskrete Verpackung | Phimostop","description":"Phimostop KOSTENLOSE Versand. Lieferung in EUROPA innerhalb von 5 Arbeitstagen ab Versanddatum. Lieferung AUSSERHALB EUROPAS bedarf mehr als 10 Arbeitstage","robots":{"index":"index","follow":"follow","max-snippet":"max-snippet:-1","max-image-preview":"max-image-preview:large","max-video-preview":"max-video-preview:-1"},"canonical":"https:\/\/www.phimostop.com\/de\/versand\/","og_locale":"de_DE","og_type":"article","og_title":"Versand, Lieferzeiten und diskrete Verpackung | Phimostop","og_description":"Phimostop KOSTENLOSE Versand. Lieferung in EUROPA innerhalb von 5 Arbeitstagen ab Versanddatum. Lieferung AUSSERHALB EUROPAS bedarf mehr als 10 Arbeitstage","og_url":"https:\/\/www.phimostop.com\/de\/versand\/","og_site_name":"Phimostop","article_modified_time":"2025-12-03T15:37:01+00:00","twitter_card":"summary_large_image","twitter_misc":{"Gesch\u00e4tzte Lesezeit":"2\u00a0Minuten"},"schema":{"@context":"https:\/\/schema.org","@graph":[{"@type":"WebPage","@id":"https:\/\/www.phimostop.com\/de\/versand\/","url":"https:\/\/www.phimostop.com\/de\/versand\/","name":"Versand, Lieferzeiten und diskrete Verpackung | Phimostop","isPartOf":{"@id":"https:\/\/www.phimostop.com\/de\/#website"},"datePublished":"2025-10-07T16:28:35+00:00","dateModified":"2025-12-03T15:37:01+00:00","description":"Phimostop KOSTENLOSE Versand. Lieferung in EUROPA innerhalb von 5 Arbeitstagen ab Versanddatum. Lieferung AUSSERHALB EUROPAS bedarf mehr als 10 Arbeitstage","breadcrumb":{"@id":"https:\/\/www.phimostop.com\/de\/versand\/#breadcrumb"},"inLanguage":"de","potentialAction":[{"@type":"ReadAction","target":["https:\/\/www.phimostop.com\/de\/versand\/"]}]},{"@type":"BreadcrumbList","@id":"https:\/\/www.phimostop.com\/de\/versand\/#breadcrumb","itemListElement":[{"@type":"ListItem","position":1,"name":"Home","item":"https:\/\/www.phimostop.com\/de\/"},{"@type":"ListItem","position":2,"name":"Kostenloser Versand"}]},{"@type":"WebSite","@id":"https:\/\/www.phimostop.com\/de\/#website","url":"https:\/\/www.phimostop.com\/de\/","name":"Phimostop","description":"","publisher":{"@id":"https:\/\/www.phimostop.com\/de\/#organization"},"potentialAction":[{"@type":"SearchAction","target":{"@type":"EntryPoint","urlTemplate":"https:\/\/www.phimostop.com\/de\/?s={search_term_string}"},"query-input":{"@type":"PropertyValueSpecification","valueRequired":true,"valueName":"search_term_string"}}],"inLanguage":"de"},{"@type":"Organization","@id":"https:\/\/www.phimostop.com\/de\/#organization","name":"Phimomed","url":"https:\/\/www.phimostop.com\/de\/","logo":{"@type":"ImageObject","inLanguage":"de","@id":"https:\/\/www.phimostop.com\/de\/#\/schema\/logo\/image\/","url":"https:\/\/www.phimostop.com\/wp-content\/uploads\/2025\/09\/phimo-logo-brand.png","contentUrl":"https:\/\/www.phimostop.com\/wp-content\/uploads\/2025\/09\/phimo-logo-brand.png","width":1788,"height":318,"caption":"Phimomed"},"image":{"@id":"https:\/\/www.phimostop.com\/de\/#\/schema\/logo\/image\/"},"sameAs":["https:\/\/www.youtube.com\/@PHIMOSTOP"]}]}},"_wl_alt_label":[],"acf":[],"wl:entity_url":"https:\/\/data.wordlift.io\/wl161614\/page\/spedizioni-5","_links":{"self":[{"href":"https:\/\/www.phimostop.com\/de\/wp-json\/wp\/v2\/pages\/3595","targetHints":{"allow":["GET"]}}],"collection":[{"href":"https:\/\/www.phimostop.com\/de\/wp-json\/wp\/v2\/pages"}],"about":[{"href":"https:\/\/www.phimostop.com\/de\/wp-json\/wp\/v2\/types\/page"}],"author":[{"embeddable":true,"href":"https:\/\/www.phimostop.com\/de\/wp-json\/wp\/v2\/users\/2"}],"replies":[{"embeddable":true,"href":"https:\/\/www.phimostop.com\/de\/wp-json\/wp\/v2\/comments?post=3595"}],"version-history":[{"count":1,"href":"https:\/\/www.phimostop.com\/de\/wp-json\/wp\/v2\/pages\/3595\/revisions"}],"predecessor-version":[{"id":3691,"href":"https:\/\/www.phimostop.com\/de\/wp-json\/wp\/v2\/pages\/3595\/revisions\/3691"}],"wp:attachment":[{"href":"https:\/\/www.phimostop.com\/de\/wp-json\/wp\/v2\/media?parent=3595"}],"wp:term":[{"taxonomy":"wl_entity_type","embeddable":true,"href":"https:\/\/www.phimostop.com\/de\/wp-json\/wp\/v2\/wl_entity_type?post=3595"}],"curies":[{"name":"wp","href":"https:\/\/api.w.org\/{rel}","templated":true}]}}