{"id":2916,"date":"2025-09-19T15:27:37","date_gmt":"2025-09-19T15:27:37","guid":{"rendered":"https:\/\/www.phimostop.com\/privacy-policy\/"},"modified":"2026-02-24T12:11:31","modified_gmt":"2026-02-24T11:11:31","slug":"privacy-policy","status":"publish","type":"page","link":"https:\/\/www.phimostop.com\/de\/privacy-policy\/","title":{"rendered":"Privacy Policy"},"content":{"rendered":"\n<p><strong>Datenschutzerkl\u00e4rung gem\u00e4\u00df Verordnung (EU) 2016\/679 <\/strong><\/p>\n\n\n\n<p><strong>zum Schutz personenbezogener Daten<\/strong><\/p>\n\n\n\n<p><strong>1. Gegenstand<\/strong><\/p>\n\n\n\n<p>Die vorliegende Erkl\u00e4rung (\u201e<strong>Datenschutzerkl\u00e4rung<\/strong>\u201d) wird gem\u00e4\u00df den Artikel 13 der Verordnung (EU) 2016\/679 (im Folgenden \u201e<strong>DSGVO<\/strong>\u201d) bereitgestellt, um Sie \u00fcber die Verarbeitung Ihrer personenbezogenen Daten (im Folgenden <strong>\u201epersonenbezogene Daten<\/strong>\u201d) zu informieren, die bei Ihrer Interaktion mit der Website www.phimostop.com (im Folgenden \u201e<strong>Website<\/strong>\u201d) erfolgt.<\/p>\n\n\n\n<p><strong>2. Verantwortlicher f\u00fcr die Datenverarbeitung und <\/strong><strong><em>Datenschutzbeauftragter<\/em><\/strong><\/p>\n\n\n\n<p>Ihre personenbezogenen Daten werden von Phimomed S.r.l. C.F. und P. IVA 12625111005 mit Sitz in Rom, Via Cicerone 60, PEC phimomed@legalmail.it (im Folgenden \u201e<strong>Unternehmen<\/strong>\u201d oder \u201e<strong>Verantwortlicher<\/strong>\u201d) verarbeitet.<\/p>\n\n\n\n<p>F\u00fcr alle Informationen zur Verarbeitung personenbezogener Daten sowie zur Aus\u00fcbung Ihrer Rechte k\u00f6nnen Sie sich an den vom Verantwortlichen gem\u00e4\u00df Art. 37 der DSGVO benannten Datenschutzbeauftragten (im Folgenden \u201e<strong>Datenschutzbeauftragter<\/strong>\u201c oder \u201e<strong>DPO<\/strong>\u201c) wenden. Sie k\u00f6nnen den <em>Datenschutzbeauftragten<\/em> jederzeit unter der folgenden E-Mail-Adresse kontaktieren: dpo@phimomed.com. <\/p>\n\n\n\n<p><strong>3. Kategorien der verarbeiteten Daten<\/strong><\/p>\n\n\n\n<p>Die vom Verantwortlichen verarbeiteten personenbezogenen Daten umfassen:<\/p>\n\n\n\n<p>Nutzungsdaten im Zusammenhang mit der Interaktion mit der Website, wie beispielsweise Informationen \u00fcber das verwendete Ger\u00e4t, Sitzungsstatistiken und Anzahl der Nutzer, Tastenanschl\u00e4ge, Klicks, Ereignisse im Zusammenhang mit Bewegungssensoren, Mausbewegungen, Position und Art des Seitenlaufs, eingestellte Sprache.<\/p>\n\n\n\n<p>Zahlungsdaten, die f\u00fcr die Abwicklung von Eink\u00e4ufen und Transaktionen erforderlich sind, wie E-Mail-Adresse, Vorname, Nachname, Benutzername, Telefonnummer, Zahlungsinformationen, Kaufhistorie, Rechnungsadresse.<\/p>\n\n\n\n<p>Gesundheitsdaten: Der Verantwortliche erhebt oder verarbeitet keine Gesundheitsdaten direkt. Es besteht jedoch die M\u00f6glichkeit, dass bestimmte Informationen \u00fcber Ihren Gesundheitszustand oder den Gesundheitszustand Dritter indirekt aus den Kategorien der gekauften Produkte abgeleitet werden k\u00f6nnen.<\/p>\n\n\n\n<p><strong>4. Cookies und andere Tracking-Systeme<\/strong><\/p>\n\n\n\n<p><em>Cookies <\/em>sind kleine Code-Teile, die von den vom Nutzer besuchten Websites an <em>den Browser<\/em> gesendet werden, wo sie gespeichert werden, um dann w\u00e4hrend der Navigation oder beim n\u00e4chsten Besuch desselben Nutzers an dieselben Websites zur\u00fcckgesendet zu werden. W\u00e4hrend des Surfens kann der Nutzer auf seinem Ger\u00e4t auch <em>Cookies<\/em> erhalten, die von anderen Websites oder <em>Webservern <\/em>(sogenannten \u201eDrittanbietern\u201c) gesendet werden, auf denen sich bestimmte Elemente (wie z. B. Bilder, Karten, Sounds, bestimmte <em>Links <\/em>zu Seiten anderer Domains) befinden k\u00f6nnen, die auf der vom Nutzer besuchten Website vorhanden sind. Auf diese Weise erm\u00f6glichen und\/oder erleichtern <em>Cookies<\/em> beispielsweise den Zugriff auf bestimmte <em>Internetseiten<\/em>, um die Navigation des Benutzers zu verbessern (d. h. sie erm\u00f6glichen die Speicherung besuchter Seiten und anderer spezifischer Informationen, wie z. B. h\u00e4ufig aufgerufene Seiten, Verbindungsfehler usw.), oder sie erm\u00f6glichen Profiling-Aktivit\u00e4ten.<\/p>\n\n\n\n<p>Weitere Informationen \u00fcber die Verwendung von Cookies auf der Website finden Sie in der <a href=\"https:\/\/www.phimostop.com\/de\/cookie-policy\/\">Cookie-Richtlinie<\/a>.<\/p>\n\n\n\n<p><strong>5<\/strong><strong>. Zweck und Rechtsgrundlage der Verarbeitung<\/strong><\/p>\n\n\n\n<p>Personenbezogene Daten werden verarbeitet:<\/p>\n\n\n\n<p>um den Kauf der \u00fcber die Website angebotenen Produkte zu erm\u00f6glichen sowie die ordnungsgem\u00e4\u00dfe Erbringung der damit verbundenen Dienstleistungen und die Abwicklung der Zahlungen gem\u00e4\u00df Art. 6 Abs. 1 Buchstabe b) der DSGVO zu gew\u00e4hrleisten;<\/p>\n\n\n\n<p>auf der Grundlage Ihrer ausdr\u00fccklichen Einwilligung gem\u00e4\u00df Art. 9 Abs. 2 Buchstabe a) der DSGVO, wenn aus dem Kauf bestimmter Produkte indirekt Informationen abgeleitet werden k\u00f6nnen, die unter die besonderen Kategorien personenbezogener Daten (Gesundheitsdaten) fallen. Die Verweigerung der Einwilligung beeintr\u00e4chtigt nicht die M\u00f6glichkeit, auf der Website zu surfen, kann jedoch den Kauf bestimmter Produktkategorien verhindern.<\/p>\n\n\n\n<p>zur Erf\u00fcllung der gesetzlichen Verpflichtungen, denen der Verantwortliche unterliegt, beispielsweise im Bereich der Buchhaltung und des Steuerwesens, gem\u00e4\u00df Art. 6 (1), Buchstabe c) der DSGVO;<\/p>\n\n\n\n<p>um das berechtigte Interesse des Verantwortlichen an der Gew\u00e4hrleistung der Sicherheit und des ordnungsgem\u00e4\u00dfen Betriebs der Website gem\u00e4\u00df Art. 6 (1) Buchstabe f) der DSGVO zu erf\u00fcllen;<\/p>\n\n\n\n<p><strong>6<\/strong><strong>. Art der Bereitstellung personenbezogener Daten und Folgen einer eventuellen Verweigerung der Antwort<\/strong><\/p>\n\n\n\n<p>Die Bereitstellung personenbezogener Daten ist freiwillig. Einige personenbezogene Daten sind jedoch erforderlich, damit wir die von Ihnen angeforderten Dienstleistungen erbringen und die f\u00fcr uns geltenden gesetzlichen Verpflichtungen erf\u00fcllen k\u00f6nnen. Wenn Sie diese Informationen nicht bereitstellen, k\u00f6nnen Sie die \u00fcber die Website angebotenen Dienstleistungen nicht nutzen. <\/p>\n\n\n\n<p><strong>7<\/strong><strong>. Art der Verarbeitung<\/strong><\/p>\n\n\n\n<p>Die Verarbeitung personenbezogener Daten erfolgt \u2013 gem\u00e4\u00df den Grunds\u00e4tzen der Korrektheit, Rechtm\u00e4\u00dfigkeit und Transparenz \u2013 mithilfe von IT-Tools und\/oder manuellen und\/oder telematischen Instrumenten, wobei die Logik streng auf die Zwecke der Verarbeitung abgestimmt ist und in jedem Fall die Vertraulichkeit und Sicherheit der Daten sowie die Einhaltung der spezifischen gesetzlichen Verpflichtungen gew\u00e4hrleistet sind. Die Verf\u00fcgbarkeit, Verwaltung, der Zugriff, die Speicherung und die Nutzbarkeit der Sie betreffenden Daten wird durch technische und organisatorische Ma\u00dfnahmen gew\u00e4hrleistet, um ein angemessenes Sicherheitsniveau gem\u00e4\u00df den Artikeln 25 und 32 der DSGVO sowie in Bezug auf die spezifischen Verarbeitungszwecke, die in den Datenschutzbestimmungen festgelegt sind, um die Einhaltung der Garantien der Datenschutzbeh\u00f6rde und der einschl\u00e4gigen sektoralen Bestimmungen gem\u00e4\u00df dem Recht der Europ\u00e4ischen Union und dem nationalen Recht (z. B. die spezifischen Bestimmungen f\u00fcr kommerzielle Mitteilungen) sicherzustellen. Die Verarbeitung wird von Personen innerhalb der Organisation des Verantwortlichen durchgef\u00fchrt, die speziell autorisiert und unter vollst\u00e4ndiger Einhaltung von Art. 28 und 29 der DSGVO geschult sind. In jedem Fall wird die logische und physische Sicherheit sowie die Vertraulichkeit der verarbeiteten Informationen gew\u00e4hrleistet.<\/p>\n\n\n\n<p><strong>8<\/strong><strong>. Aufbewahrung personenbezogener Daten<\/strong><\/p>\n\n\n\n<p>Personenbezogene Daten werden nur so lange gespeichert, wie es f\u00fcr die Zwecke, f\u00fcr die sie erhoben wurden, unbedingt erforderlich ist, unter Beachtung des Grundsatzes der Minimierung gem\u00e4\u00df Art. 5 (1) Buchstabe c) der DSGVO.<\/p>\n\n\n\n<p>Ihre Daten werden f\u00fcr einen Zeitraum verarbeitet, der dem zur Erf\u00fcllung der gesetzlichen Verpflichtungen erforderlichen Mindestzeitraum entspricht, sofern es nicht erforderlich ist, sie l\u00e4nger aufzubewahren, um ein Recht zu verteidigen oder geltend zu machen oder um weiteren gesetzlichen Verpflichtungen oder Anordnungen der Beh\u00f6rden nachzukommen. Insbesondere werden Daten im Zusammenhang mit Zahlungen und Rechnungsstellung gem\u00e4\u00df den geltenden zivil- und steuerrechtlichen Bestimmungen 10 Jahre lang aufbewahrt.<\/p>\n\n\n\n<p><strong>9<\/strong><strong>. <\/strong><strong>Empf\u00e4nger personenbezogener Daten<\/strong><\/p>\n\n\n\n<p>Ihre Daten k\u00f6nnen weitergegeben werden an: Mitarbeiter und Mitarbeiterinnen des Verantwortlichen, die gem\u00e4\u00df Artikel 29 der DSGVO zur Verarbeitung befugt sind; Dritte, die der Verantwortliche f\u00fcr die Erbringung der Dienstleistungen einsetzt und die als Auftragsverarbeiter gem\u00e4\u00df Art. 28 der Verordnung t\u00e4tig sind; Personen, Einrichtungen oder Beh\u00f6rden, die selbst f\u00fcr die Verarbeitung verantwortlich sind und denen Ihre personenbezogenen Daten aufgrund gesetzlicher Bestimmungen oder beh\u00f6rdlicher Anordnungen mitgeteilt werden m\u00fcssen.<\/p>\n\n\n\n<p><strong>10. \u00dcbermittlung personenbezogener Daten au\u00dferhalb der EU<\/strong><\/p>\n\n\n\n<p>Personenbezogene Daten k\u00f6nnen in L\u00e4nder au\u00dferhalb der Europ\u00e4ischen Union \u00fcbermittelt werden. Diese \u00dcbermittlung erfolgt nur in L\u00e4nder, die nach Ansicht der Europ\u00e4ischen Kommission ein angemessenes Schutzniveau gew\u00e4hrleisten (z. B. die Schweiz, Kanada, Japan oder Argentinien) oder in jedem Fall nach Einf\u00fchrung geeigneter Garantien, wie der Unterzeichnung von Standardvertragsklauseln, die von der Europ\u00e4ischen Kommission genehmigt wurden, oder der Auswahl von Personen, die an internationalen Programmen f\u00fcr den freien Datenverkehr teilnehmen.<\/p>\n\n\n\n<p><strong>11<\/strong><strong>. Rechte der betroffenen Person<\/strong><\/p>\n\n\n\n<p>Sie k\u00f6nnen jederzeit die in den Artikeln 15 bis 22 der DSGVO genannten Rechte aus\u00fcben und insbesondere Folgendes erhalten:<\/p>\n\n\n\n<p>eine Best\u00e4tigung dar\u00fcber, ob personenbezogene Daten, die Sie betreffen, verarbeitet werden, und Zugang zu den Daten und folgenden Informationen: Zweck der Verarbeitung, Kategorien personenbezogener Daten, Empf\u00e4nger und\/oder Kategorien von Empf\u00e4ngern, Aufbewahrungsfrist;<\/p>\n\n\n\n<p>die Berichtigung unrichtiger personenbezogener Daten, die Sie betreffen, und\/oder die Erg\u00e4nzung unvollst\u00e4ndiger personenbezogener Daten, auch durch Abgabe einer erg\u00e4nzenden Erkl\u00e4rung;<\/p>\n\n\n\n<p>die L\u00f6schung personenbezogener Daten in den in der DSGVO vorgesehenen F\u00e4llen;<\/p>\n\n\n\n<p>die Einschr\u00e4nkung der Verarbeitung in den in den geltenden Datenschutzbestimmungen vorgesehenen F\u00e4llen;<\/p>\n\n\n\n<p>die \u00dcbertragbarkeit der Sie betreffenden Daten und insbesondere das Recht, die dem Verantwortlichen zur Verf\u00fcgung gestellten personenbezogenen Daten anzufordern und\/oder die direkte \u00dcbermittlung Ihrer Daten an einen anderen Verantwortlichen zu verlangen.<\/p>\n\n\n\n<p>Dar\u00fcber hinaus haben Sie das Recht, eine gegebenenfalls erteilte Einwilligung jederzeit zu widerrufen, ohne dass dies die Rechtm\u00e4\u00dfigkeit der Verarbeitung aufgrund der Einwilligung vor dem Widerruf beeintr\u00e4chtigt, sowie das Recht, jederzeit der Verarbeitung personenbezogener Daten gem\u00e4\u00df Art. 21 der DSGVO zu widersprechen. <\/p>\n\n\n\n<p>Wenn Sie der Ansicht sind, dass die Verarbeitung Ihrer personenbezogenen Daten gegen die Bestimmungen der Verordnung verst\u00f6\u00dft, haben Sie das Recht, gem\u00e4\u00df Art. 77 der DSGVO eine Beschwerde bei der Datenschutzbeh\u00f6rde einzureichen oder die zust\u00e4ndigen Gerichte anzurufen.<\/p>\n\n\n\n<p>Anfragen zur Aus\u00fcbung der oben genannten Rechte sind an den Verantwortlichen oder den Datenschutzbeauftragten unter den in Absatz 2 der Datenschutzerkl\u00e4rung angegebenen Kontaktdaten zu richten.<\/p>\n\n\n\n<p>Letzte Aktualisierung: 24\/02\/2026<\/p>\n","protected":false},"excerpt":{"rendered":"<p>Datenschutzerkl\u00e4rung gem\u00e4\u00df Verordnung (EU) 2016\/679 zum Schutz personenbezogener Daten 1. Gegenstand Die vorliegende Erkl\u00e4rung (\u201eDatenschutzerkl\u00e4rung\u201d) wird gem\u00e4\u00df den Artikel 13 der Verordnung (EU) 2016\/679 (im Folgenden \u201eDSGVO\u201d) bereitgestellt, um Sie \u00fcber die Verarbeitung Ihrer personenbezogenen Daten (im Folgenden \u201epersonenbezogene Daten\u201d) zu informieren, die bei Ihrer Interaktion mit der Website www.phimostop.com (im Folgenden \u201eWebsite\u201d) erfolgt. 2. [&hellip;]<\/p>\n","protected":false},"author":1,"featured_media":0,"parent":0,"menu_order":0,"comment_status":"closed","ping_status":"closed","template":"","meta":{"_acf_changed":false,"wl_entities_gutenberg":"","_gspb_post_css":"","footnotes":""},"wl_entity_type":[80],"class_list":["post-2916","page","type-page","status-publish","hentry","wl_entity_type-article"],"blocksy_meta":[],"yoast_head":"<!-- This site is optimized with the Yoast SEO plugin v27.0 - https:\/\/yoast.com\/product\/yoast-seo-wordpress\/ -->\n<title>Privacy Policy: trattamento dati personali | Phimostop<\/title>\n<meta name=\"description\" content=\"La Privacy Policy di Phimostop spiega come vengono trattati i dati personali secondo il GDPR. Scopri finalit\u00e0 e diritti riconosciuti agli utenti.\" \/>\n<meta name=\"robots\" content=\"index, follow, max-snippet:-1, max-image-preview:large, max-video-preview:-1\" \/>\n<link rel=\"canonical\" href=\"https:\/\/www.phimostop.com\/de\/privacy-policy\/\" \/>\n<meta property=\"og:locale\" content=\"de_DE\" \/>\n<meta property=\"og:type\" content=\"article\" \/>\n<meta property=\"og:title\" content=\"Privacy Policy: trattamento dati personali | Phimostop\" \/>\n<meta property=\"og:description\" content=\"La Privacy Policy di Phimostop spiega come vengono trattati i dati personali secondo il GDPR. Scopri finalit\u00e0 e diritti riconosciuti agli utenti.\" \/>\n<meta property=\"og:url\" content=\"https:\/\/www.phimostop.com\/de\/privacy-policy\/\" \/>\n<meta property=\"og:site_name\" content=\"Phimostop\" \/>\n<meta property=\"article:modified_time\" content=\"2026-02-24T11:11:31+00:00\" \/>\n<meta name=\"twitter:card\" content=\"summary_large_image\" \/>\n<meta name=\"twitter:label1\" content=\"Gesch\u00e4tzte Lesezeit\" \/>\n\t<meta name=\"twitter:data1\" content=\"1\u00a0Minute\" \/>\n<script type=\"application\/ld+json\" class=\"yoast-schema-graph\">{\"@context\":\"https:\/\/schema.org\",\"@graph\":[{\"@type\":\"WebPage\",\"@id\":\"https:\/\/www.phimostop.com\/de\/privacy-policy\/\",\"url\":\"https:\/\/www.phimostop.com\/de\/privacy-policy\/\",\"name\":\"Privacy Policy: trattamento dati personali | Phimostop\",\"isPartOf\":{\"@id\":\"https:\/\/www.phimostop.com\/de\/#website\"},\"datePublished\":\"2025-09-19T15:27:37+00:00\",\"dateModified\":\"2026-02-24T11:11:31+00:00\",\"description\":\"La Privacy Policy di Phimostop spiega come vengono trattati i dati personali secondo il GDPR. Scopri finalit\u00e0 e diritti riconosciuti agli utenti.\",\"breadcrumb\":{\"@id\":\"https:\/\/www.phimostop.com\/de\/privacy-policy\/#breadcrumb\"},\"inLanguage\":\"de\",\"potentialAction\":[{\"@type\":\"ReadAction\",\"target\":[\"https:\/\/www.phimostop.com\/de\/privacy-policy\/\"]}]},{\"@type\":\"BreadcrumbList\",\"@id\":\"https:\/\/www.phimostop.com\/de\/privacy-policy\/#breadcrumb\",\"itemListElement\":[{\"@type\":\"ListItem\",\"position\":1,\"name\":\"Home\",\"item\":\"https:\/\/www.phimostop.com\/de\/\"},{\"@type\":\"ListItem\",\"position\":2,\"name\":\"Privacy Policy\"}]},{\"@type\":\"WebSite\",\"@id\":\"https:\/\/www.phimostop.com\/de\/#website\",\"url\":\"https:\/\/www.phimostop.com\/de\/\",\"name\":\"Phimostop\",\"description\":\"\",\"publisher\":{\"@id\":\"https:\/\/www.phimostop.com\/de\/#organization\"},\"potentialAction\":[{\"@type\":\"SearchAction\",\"target\":{\"@type\":\"EntryPoint\",\"urlTemplate\":\"https:\/\/www.phimostop.com\/de\/?s={search_term_string}\"},\"query-input\":{\"@type\":\"PropertyValueSpecification\",\"valueRequired\":true,\"valueName\":\"search_term_string\"}}],\"inLanguage\":\"de\"},{\"@type\":\"Organization\",\"@id\":\"https:\/\/www.phimostop.com\/de\/#organization\",\"name\":\"Phimomed\",\"url\":\"https:\/\/www.phimostop.com\/de\/\",\"logo\":{\"@type\":\"ImageObject\",\"inLanguage\":\"de\",\"@id\":\"https:\/\/www.phimostop.com\/de\/#\/schema\/logo\/image\/\",\"url\":\"https:\/\/www.phimostop.com\/wp-content\/uploads\/2025\/09\/phimo-logo-brand.png\",\"contentUrl\":\"https:\/\/www.phimostop.com\/wp-content\/uploads\/2025\/09\/phimo-logo-brand.png\",\"width\":1788,\"height\":318,\"caption\":\"Phimomed\"},\"image\":{\"@id\":\"https:\/\/www.phimostop.com\/de\/#\/schema\/logo\/image\/\"},\"sameAs\":[\"https:\/\/www.youtube.com\/@PHIMOSTOP\"]}]}<\/script>\n<!-- \/ Yoast SEO plugin. -->","yoast_head_json":{"title":"Privacy Policy: trattamento dati personali | Phimostop","description":"La Privacy Policy di Phimostop spiega come vengono trattati i dati personali secondo il GDPR. Scopri finalit\u00e0 e diritti riconosciuti agli utenti.","robots":{"index":"index","follow":"follow","max-snippet":"max-snippet:-1","max-image-preview":"max-image-preview:large","max-video-preview":"max-video-preview:-1"},"canonical":"https:\/\/www.phimostop.com\/de\/privacy-policy\/","og_locale":"de_DE","og_type":"article","og_title":"Privacy Policy: trattamento dati personali | Phimostop","og_description":"La Privacy Policy di Phimostop spiega come vengono trattati i dati personali secondo il GDPR. Scopri finalit\u00e0 e diritti riconosciuti agli utenti.","og_url":"https:\/\/www.phimostop.com\/de\/privacy-policy\/","og_site_name":"Phimostop","article_modified_time":"2026-02-24T11:11:31+00:00","twitter_card":"summary_large_image","twitter_misc":{"Gesch\u00e4tzte Lesezeit":"1\u00a0Minute"},"schema":{"@context":"https:\/\/schema.org","@graph":[{"@type":"WebPage","@id":"https:\/\/www.phimostop.com\/de\/privacy-policy\/","url":"https:\/\/www.phimostop.com\/de\/privacy-policy\/","name":"Privacy Policy: trattamento dati personali | Phimostop","isPartOf":{"@id":"https:\/\/www.phimostop.com\/de\/#website"},"datePublished":"2025-09-19T15:27:37+00:00","dateModified":"2026-02-24T11:11:31+00:00","description":"La Privacy Policy di Phimostop spiega come vengono trattati i dati personali secondo il GDPR. Scopri finalit\u00e0 e diritti riconosciuti agli utenti.","breadcrumb":{"@id":"https:\/\/www.phimostop.com\/de\/privacy-policy\/#breadcrumb"},"inLanguage":"de","potentialAction":[{"@type":"ReadAction","target":["https:\/\/www.phimostop.com\/de\/privacy-policy\/"]}]},{"@type":"BreadcrumbList","@id":"https:\/\/www.phimostop.com\/de\/privacy-policy\/#breadcrumb","itemListElement":[{"@type":"ListItem","position":1,"name":"Home","item":"https:\/\/www.phimostop.com\/de\/"},{"@type":"ListItem","position":2,"name":"Privacy Policy"}]},{"@type":"WebSite","@id":"https:\/\/www.phimostop.com\/de\/#website","url":"https:\/\/www.phimostop.com\/de\/","name":"Phimostop","description":"","publisher":{"@id":"https:\/\/www.phimostop.com\/de\/#organization"},"potentialAction":[{"@type":"SearchAction","target":{"@type":"EntryPoint","urlTemplate":"https:\/\/www.phimostop.com\/de\/?s={search_term_string}"},"query-input":{"@type":"PropertyValueSpecification","valueRequired":true,"valueName":"search_term_string"}}],"inLanguage":"de"},{"@type":"Organization","@id":"https:\/\/www.phimostop.com\/de\/#organization","name":"Phimomed","url":"https:\/\/www.phimostop.com\/de\/","logo":{"@type":"ImageObject","inLanguage":"de","@id":"https:\/\/www.phimostop.com\/de\/#\/schema\/logo\/image\/","url":"https:\/\/www.phimostop.com\/wp-content\/uploads\/2025\/09\/phimo-logo-brand.png","contentUrl":"https:\/\/www.phimostop.com\/wp-content\/uploads\/2025\/09\/phimo-logo-brand.png","width":1788,"height":318,"caption":"Phimomed"},"image":{"@id":"https:\/\/www.phimostop.com\/de\/#\/schema\/logo\/image\/"},"sameAs":["https:\/\/www.youtube.com\/@PHIMOSTOP"]}]}},"_wl_alt_label":[],"acf":[],"wl:entity_url":"https:\/\/data.wordlift.io\/wl161614\/page\/privacy-policy-4","_links":{"self":[{"href":"https:\/\/www.phimostop.com\/de\/wp-json\/wp\/v2\/pages\/2916","targetHints":{"allow":["GET"]}}],"collection":[{"href":"https:\/\/www.phimostop.com\/de\/wp-json\/wp\/v2\/pages"}],"about":[{"href":"https:\/\/www.phimostop.com\/de\/wp-json\/wp\/v2\/types\/page"}],"author":[{"embeddable":true,"href":"https:\/\/www.phimostop.com\/de\/wp-json\/wp\/v2\/users\/1"}],"replies":[{"embeddable":true,"href":"https:\/\/www.phimostop.com\/de\/wp-json\/wp\/v2\/comments?post=2916"}],"version-history":[{"count":5,"href":"https:\/\/www.phimostop.com\/de\/wp-json\/wp\/v2\/pages\/2916\/revisions"}],"predecessor-version":[{"id":5647,"href":"https:\/\/www.phimostop.com\/de\/wp-json\/wp\/v2\/pages\/2916\/revisions\/5647"}],"wp:attachment":[{"href":"https:\/\/www.phimostop.com\/de\/wp-json\/wp\/v2\/media?parent=2916"}],"wp:term":[{"taxonomy":"wl_entity_type","embeddable":true,"href":"https:\/\/www.phimostop.com\/de\/wp-json\/wp\/v2\/wl_entity_type?post=2916"}],"curies":[{"name":"wp","href":"https:\/\/api.w.org\/{rel}","templated":true}]}}